{"id":7721,"date":"2025-01-17T11:21:29","date_gmt":"2025-01-17T11:21:29","guid":{"rendered":"https:\/\/cafi.argusservices.in\/ce-que-nous-faisons\/paiements-pour-services-environnementaux\/"},"modified":"2025-12-19T20:32:57","modified_gmt":"2025-12-19T20:32:57","slug":"paiements-pour-services-environnementaux","status":"publish","type":"page","link":"https:\/\/cafi.org\/fr\/ce-que-nous-faisons\/paiements-pour-services-environnementaux\/","title":{"rendered":"Paiements pour services environnementaux"},"content":{"rendered":"<p>[et_pb_section fb_built=&#8221;1&#8243; admin_label=&#8221;section&#8221; _builder_version=&#8221;4.27.3&#8243; custom_margin=&#8221;0px||0px||false|false&#8221; custom_padding=&#8221;0px||0px||false|false&#8221; da_disable_devices=&#8221;off|off|off&#8221; global_colors_info=&#8221;{}&#8221; da_is_popup=&#8221;off&#8221; da_exit_intent=&#8221;off&#8221; da_has_close=&#8221;on&#8221; da_alt_close=&#8221;off&#8221; da_dark_close=&#8221;off&#8221; da_not_modal=&#8221;on&#8221; da_is_singular=&#8221;off&#8221; da_with_loader=&#8221;off&#8221; da_has_shadow=&#8221;on&#8221;][et_pb_row admin_label=&#8221;rang\u00e9e&#8221; _builder_version=&#8221;4.27.3&#8243; background_size=&#8221;initial&#8221; background_position=&#8221;top_left&#8221; background_repeat=&#8221;repeat&#8221; custom_margin=&#8221;0px||0px||false|false&#8221; custom_padding=&#8221;0px||0px||false|false&#8221; global_colors_info=&#8221;{}&#8221;][et_pb_column type=&#8221;4_4&#8243; _builder_version=&#8221;4.16&#8243; custom_padding=&#8221;|||&#8221; global_colors_info=&#8221;{}&#8221; custom_padding__hover=&#8221;|||&#8221;][et_pb_text _builder_version=&#8221;4.27.3&#8243; _module_preset=&#8221;default&#8221; header_font=&#8221;Oswald||||||||&#8221; header_font_size=&#8221;72px&#8221; header_2_text_color=&#8221;#E02B20&#8243; header_2_font_size=&#8221;44px&#8221; custom_margin=&#8221;0px||0px||false|false&#8221; custom_padding=&#8221;0px||0px||false|false&#8221; global_colors_info=&#8221;{}&#8221;]<\/p>\n<h1>Paiements pour services environnementaux<\/h1>\n<p>[\/et_pb_text][et_pb_accordion open_toggle_background_color=&#8221;#f2f7f6&#8243; closed_toggle_background_color=&#8221;#f2f7f6&#8243; toggle_icon=&#8221;&#xf055;||fa||900&#8243; icon_color=&#8221;#12929e&#8221; _builder_version=&#8221;4.27.3&#8243; _module_preset=&#8221;default&#8221; background_color=&#8221;RGBA(255,255,255,0)&#8221; custom_margin=&#8221;||||false|false&#8221; custom_padding=&#8221;||||false|false&#8221; hover_transition_duration=&#8221;50ms&#8221; hover_transition_speed_curve=&#8221;ease-in-out&#8221; hover_enabled=&#8221;0&#8243; global_colors_info=&#8221;{}&#8221; sticky_enabled=&#8221;0&#8243;][et_pb_accordion_item title=&#8221;Qu&#8217;est-ce que les Paiements pour Services Environnementaux ?&#8221; open=&#8221;on&#8221; _builder_version=&#8221;4.27.3&#8243; _module_preset=&#8221;default&#8221; custom_margin=&#8221;||||false|false&#8221; hover_enabled=&#8221;0&#8243; global_colors_info=&#8221;{}&#8221; text_orientation=&#8221;justified&#8221; body_text_align=&#8221;justify&#8221; sticky_enabled=&#8221;0&#8243;]<\/p>\n<p>Les Paiements pour Services Environnementaux (PSE) sont des contrats par lesquels les agriculteurs, les coop\u00e9ratives ou les communaut\u00e9s re\u00e7oivent des incitations financi\u00e8res directes pour adopter des pratiques d&#8217;utilisation durable des sols qui prot\u00e8gent les for\u00eats. Les paiements sont strictement bas\u00e9s sur les performances : les b\u00e9n\u00e9ficiaires ne sont r\u00e9mun\u00e9r\u00e9s que lorsque les r\u00e9sultats environnementaux convenus sont atteints et v\u00e9rifi\u00e9s. Six activit\u00e9s peuvent \u00eatre soutenues dans les pays partenaires : l&#8217;Agroforesterie, le Reboisement, les Cultures p\u00e9rennes, la R\u00e9g\u00e9n\u00e9ration Naturelle, la Gestion Durable des For\u00eats et la Conservation. Les PSE constituent un moyen clair et mesurable de r\u00e9duire la d\u00e9forestation tout en am\u00e9liorant les moyens de subsistance des populations rurales.<\/p>\n<p>&nbsp;<\/p>\n<p><iframe loading=\"lazy\" title=\"Les paiements pour services environnementaux de l&#039;Afrique centrale : une solution appuy\u00e9e par CAFI\" width=\"1080\" height=\"608\" src=\"https:\/\/www.youtube.com\/embed\/FZbB3b9I0dc?list=PLZk5tAyqVX7Bui_hVKvUKZbIdLMx0VM5G\"  allow=\"accelerometer; autoplay; clipboard-write; encrypted-media; gyroscope; picture-in-picture; web-share\" referrerpolicy=\"strict-origin-when-cross-origin\" allowfullscreen><\/iframe><\/p>\n<p>[\/et_pb_accordion_item][et_pb_accordion_item title=&#8221;Pourquoi le PSE ?&#8221; _builder_version=&#8221;4.27.3&#8243; _module_preset=&#8221;default&#8221; custom_margin=&#8221;||||false|false&#8221; hover_enabled=&#8221;0&#8243; global_colors_info=&#8221;{}&#8221; open=&#8221;off&#8221; text_orientation=&#8221;justified&#8221; body_text_align=&#8221;justify&#8221; sticky_enabled=&#8221;0&#8243;]<\/p>\n<p>Plus d&#8217;un million d&#8217;hectares de for\u00eat disparaissent chaque ann\u00e9e en Afrique centrale, principalement en raison de l&#8217;agriculture sur br\u00fblis, motiv\u00e9e par la pauvret\u00e9, et de la production artisanale de charbon de bois. Les outils traditionnels de mise en application ont eu un impact limit\u00e9, car ils ne modifient pas les incitations \u00e9conomiques qui sont \u00e0 l&#8217;origine de la d\u00e9forestation. Les PSE offrent une approche diff\u00e9rente en fournissant une source de revenus directe pour les pratiques durables, permettant ainsi aux m\u00e9nages ruraux d&#8217;augmenter leurs revenus tout en prot\u00e9geant le Bassin du Congo, le plus important puits de carbone tropical au monde. Les PSE constituent donc une solution pratique aux d\u00e9fis li\u00e9s au climat, \u00e0 la biodiversit\u00e9 et au d\u00e9veloppement.<\/p>\n<p>&nbsp;<\/p>\n<p><iframe loading=\"lazy\" title=\"Les Paiements pour services environnementaux : un appui p\u00e9renne pour les peuples d&#039;Afrique centrale\" width=\"1080\" height=\"608\" src=\"https:\/\/www.youtube.com\/embed\/Ta8x-iwpXp8?list=PLZk5tAyqVX7Bui_hVKvUKZbIdLMx0VM5G\"  allow=\"accelerometer; autoplay; clipboard-write; encrypted-media; gyroscope; picture-in-picture; web-share\" referrerpolicy=\"strict-origin-when-cross-origin\" allowfullscreen><\/iframe><\/p>\n<p>[\/et_pb_accordion_item][et_pb_accordion_item title=&#8221;Comment cela fonctionne-t-il ?&#8221; _builder_version=&#8221;4.27.3&#8243; _module_preset=&#8221;default&#8221; custom_margin=&#8221;||||false|false&#8221; hover_enabled=&#8221;0&#8243; global_colors_info=&#8221;{}&#8221; open=&#8221;off&#8221; text_orientation=&#8221;justified&#8221; body_text_align=&#8221;justify&#8221; sticky_enabled=&#8221;0&#8243;]<\/p>\n<p>Les PES suivent un processus en quatre \u00e9tapes : inscription, contractualisation, suivi et paiements. Les participants s&#8217;inscrivent volontairement et valident leurs droits fonciers ; ils signent ensuite des contrats PES qui pr\u00e9cisent les activit\u00e9s et les r\u00e8gles de paiement. Les r\u00e9sultats sont suivis \u00e0 l&#8217;aide de photos g\u00e9olocalis\u00e9es, de v\u00e9rifications sur le terrain et d&#8217;images satellites, compl\u00e9t\u00e9es par des v\u00e9rifications ind\u00e9pendantes. Une fois les performances confirm\u00e9es, les paiements sont effectu\u00e9s par virement bancaire, bons d&#8217;achat ou transfert d&#8217;argent mobile. Ce syst\u00e8me garantit que les financements climatiques parviennent directement aux acteurs locaux, de mani\u00e8re efficace et transparente.<\/p>\n<p>[\/et_pb_accordion_item][et_pb_accordion_item title=&#8221;Quel est le potentiel des PSE en Afrique centrale ?&#8221; _builder_version=&#8221;4.27.3&#8243; _module_preset=&#8221;default&#8221; hover_enabled=&#8221;0&#8243; global_colors_info=&#8221;{}&#8221; open=&#8221;off&#8221; text_orientation=&#8221;justified&#8221; body_text_align=&#8221;justify&#8221; sticky_enabled=&#8221;0&#8243;]<\/p>\n<p class=\"cvGsUA direction-ltr align-start para-style-body\">L&#8217;Afrique centrale poss\u00e8de l&#8217;un des plus forts potentiels au monde en mati\u00e8re de PSE. Plus de 270 millions d&#8217;hectares se adapt\u00e9s aux activit\u00e9s de PSE sans entra\u00eener de d\u00e9forestation suppl\u00e9mentaire. La mod\u00e9lisation montre que le d\u00e9ploiement complet des PSE dans cette r\u00e9gion pourrait g\u00e9n\u00e9rer des avantages exceptionnels, notamment la possibilit\u00e9 de s\u00e9questrer 4,8 Gigatonnes de CO2e par an, soit sept fois les \u00e9missions totales de gaz \u00e0 effet de serre du Bassin du Congo en 2022. Les PSE pourraient \u00e9galement jouer un r\u00f4le majeur dans la pr\u00e9vention de la d\u00e9forestation, l&#8217;am\u00e9lioration de la s\u00e9curit\u00e9 alimentaire et \u00e9nerg\u00e9tique, et la stimulation des \u00e9conomies rurales. Cette vision s&#8217;aligne sur l&#8217;Appel \u00e0 l&#8217;Action de Bel\u00e9m, qui exhorte les r\u00e9gions foresti\u00e8res tropicales et leurs partenaires \u00e0 d\u00e9velopper des solutions qui associent la protection des for\u00eats \u00e0 des opportunit\u00e9s \u00e9conomiques \u00e9quitables.<\/p>\n<p>[\/et_pb_accordion_item][et_pb_accordion_item _builder_version=&#8221;4.27.3&#8243; _module_preset=&#8221;default&#8221; title=&#8221;Les outils PSE de CAFI&#8221; hover_enabled=&#8221;0&#8243; sticky_enabled=&#8221;0&#8243;]<\/p>\n<p>CAFI a d\u00e9velopp\u00e9 deux outils num\u00e9riques compl\u00e9mentaires afin de rendre les PSE transparent, efficace et \u00e9volutif. L&#8217;Outil de Gestion des PSE supervise l&#8217;ensemble du cycle de vie du PSE, depuis l&#8217;inscription et la cr\u00e9ation du contrat jusqu&#8217;au suivi sur le terrain, la v\u00e9rification, la production de rapports et les paiements. L&#8217;Outil de Planification des PSE de CAFI (Ground Impact), utilise des donn\u00e9es spatiales, des mod\u00e8les \u00e9cologiques et des pr\u00e9visions \u00e9conomiques pour identifier les zones o\u00f9 le PSE peuvent offrir les meilleurs rendements en mati\u00e8re de climat et de d\u00e9veloppement. Ensemble, ces outils fournissent la base technique n\u00e9cessaire \u00e0 la mise en place d&#8217;incitations \u00e0 l&#8217;utilisation des terres \u00e0 grande \u00e9chelle et bas\u00e9es sur les performances dans tout le Bassin du Congo.<\/p>\n<p>[\/et_pb_accordion_item][\/et_pb_accordion][\/et_pb_column][\/et_pb_row][et_pb_row column_structure=&#8221;1_2,1_2&#8243; _builder_version=&#8221;4.27.3&#8243; _module_preset=&#8221;default&#8221; global_colors_info=&#8221;{}&#8221;][et_pb_column type=&#8221;1_2&#8243; _builder_version=&#8221;4.27.3&#8243; _module_preset=&#8221;default&#8221; global_colors_info=&#8221;{}&#8221;][et_pb_video src=&#8221;https:\/\/www.youtube.com\/watch?v=zbhjONXMpDU&#038;list=PLZk5tAyqVX7Bui_hVKvUKZbIdLMx0VM5G&#8221; _builder_version=&#8221;4.27.3&#8243; _module_preset=&#8221;default&#8221; global_colors_info=&#8221;{}&#8221;][\/et_pb_video][\/et_pb_column][et_pb_column type=&#8221;1_2&#8243; _builder_version=&#8221;4.27.3&#8243; _module_preset=&#8221;default&#8221; global_colors_info=&#8221;{}&#8221;][et_pb_video src=&#8221;https:\/\/www.youtube.com\/watch?v=ywVuEtnyXG4&#038;list=PLZk5tAyqVX7Bui_hVKvUKZbIdLMx0VM5G&#038;index=2&#8243; _builder_version=&#8221;4.27.3&#8243; _module_preset=&#8221;default&#8221; global_colors_info=&#8221;{}&#8221;][\/et_pb_video][\/et_pb_column][\/et_pb_row][et_pb_row column_structure=&#8221;1_2,1_2&#8243; _builder_version=&#8221;4.27.3&#8243; _module_preset=&#8221;default&#8221; global_colors_info=&#8221;{}&#8221;][et_pb_column type=&#8221;1_2&#8243; _builder_version=&#8221;4.27.3&#8243; _module_preset=&#8221;default&#8221; global_colors_info=&#8221;{}&#8221;][\/et_pb_column][et_pb_column type=&#8221;1_2&#8243; _builder_version=&#8221;4.27.3&#8243; _module_preset=&#8221;default&#8221; global_colors_info=&#8221;{}&#8221;][\/et_pb_column][\/et_pb_row][\/et_pb_section]<\/p>\n","protected":false},"excerpt":{"rendered":"<p>Paiements pour services environnementauxLes Paiements pour Services Environnementaux (PSE) sont des contrats par lesquels les agriculteurs, les coop\u00e9ratives ou les communaut\u00e9s re\u00e7oivent des incitations financi\u00e8res directes pour adopter des pratiques d&#8217;utilisation durable des sols qui prot\u00e8gent les for\u00eats. Les paiements sont strictement bas\u00e9s sur les performances : les b\u00e9n\u00e9ficiaires ne sont r\u00e9mun\u00e9r\u00e9s que lorsque les&#8230;<\/p>\n","protected":false},"author":1,"featured_media":7383,"parent":7668,"menu_order":0,"comment_status":"closed","ping_status":"closed","template":"","meta":{"_acf_changed":false,"_et_pb_use_builder":"on","_et_pb_old_content":"","_et_gb_content_width":"","footnotes":""},"class_list":["post-7721","page","type-page","status-publish","has-post-thumbnail","hentry"],"acf":[],"yoast_head":"<!-- This site is optimized with the Yoast SEO plugin v23.9 - https:\/\/yoast.com\/wordpress\/plugins\/seo\/ -->\n<title>Paiements pour services environnementaux - Central African Forest Initiative (CAFI)<\/title>\n<meta name=\"robots\" content=\"index, follow, max-snippet:-1, max-image-preview:large, max-video-preview:-1\" \/>\n<link rel=\"canonical\" href=\"https:\/\/cafi.org\/fr\/ce-que-nous-faisons\/paiements-pour-services-environnementaux\/\" \/>\n<meta property=\"og:locale\" content=\"fr_FR\" \/>\n<meta property=\"og:type\" content=\"article\" \/>\n<meta property=\"og:title\" content=\"Paiements pour services environnementaux - Central African Forest Initiative (CAFI)\" \/>\n<meta property=\"og:url\" content=\"https:\/\/cafi.org\/fr\/ce-que-nous-faisons\/paiements-pour-services-environnementaux\/\" \/>\n<meta property=\"og:site_name\" content=\"Central African Forest Initiative (CAFI)\" \/>\n<meta property=\"article:modified_time\" content=\"2025-12-19T20:32:57+00:00\" \/>\n<meta property=\"og:image\" content=\"https:\/\/cafi.org\/app\/uploads\/2025\/07\/AdobeStock_206589787-savanah-and-hill-scaled.jpg\" \/>\n\t<meta property=\"og:image:width\" content=\"2560\" \/>\n\t<meta property=\"og:image:height\" content=\"1696\" \/>\n\t<meta property=\"og:image:type\" content=\"image\/jpeg\" \/>\n<meta name=\"twitter:card\" content=\"summary_large_image\" \/>\n<meta name=\"twitter:label1\" content=\"Est. reading time\" \/>\n\t<meta name=\"twitter:data1\" content=\"3 minutes\" \/>\n<script type=\"application\/ld+json\" class=\"yoast-schema-graph\">{\"@context\":\"https:\/\/schema.org\",\"@graph\":[{\"@type\":\"WebPage\",\"@id\":\"https:\/\/cafi.org\/fr\/ce-que-nous-faisons\/paiements-pour-services-environnementaux\/\",\"url\":\"https:\/\/cafi.org\/fr\/ce-que-nous-faisons\/paiements-pour-services-environnementaux\/\",\"name\":\"Paiements pour services environnementaux - Central African Forest Initiative (CAFI)\",\"isPartOf\":{\"@id\":\"https:\/\/cafi.org\/#website\"},\"primaryImageOfPage\":{\"@id\":\"https:\/\/cafi.org\/fr\/ce-que-nous-faisons\/paiements-pour-services-environnementaux\/#primaryimage\"},\"image\":{\"@id\":\"https:\/\/cafi.org\/fr\/ce-que-nous-faisons\/paiements-pour-services-environnementaux\/#primaryimage\"},\"thumbnailUrl\":\"https:\/\/cafi.org\/app\/uploads\/2025\/07\/AdobeStock_206589787-savanah-and-hill-scaled.jpg\",\"datePublished\":\"2025-01-17T11:21:29+00:00\",\"dateModified\":\"2025-12-19T20:32:57+00:00\",\"breadcrumb\":{\"@id\":\"https:\/\/cafi.org\/fr\/ce-que-nous-faisons\/paiements-pour-services-environnementaux\/#breadcrumb\"},\"inLanguage\":\"fr-FR\",\"potentialAction\":[{\"@type\":\"ReadAction\",\"target\":[\"https:\/\/cafi.org\/fr\/ce-que-nous-faisons\/paiements-pour-services-environnementaux\/\"]}]},{\"@type\":\"ImageObject\",\"inLanguage\":\"fr-FR\",\"@id\":\"https:\/\/cafi.org\/fr\/ce-que-nous-faisons\/paiements-pour-services-environnementaux\/#primaryimage\",\"url\":\"https:\/\/cafi.org\/app\/uploads\/2025\/07\/AdobeStock_206589787-savanah-and-hill-scaled.jpg\",\"contentUrl\":\"https:\/\/cafi.org\/app\/uploads\/2025\/07\/AdobeStock_206589787-savanah-and-hill-scaled.jpg\",\"width\":2560,\"height\":1696,\"caption\":\"Rolling hills, lush green grass and soft white clouds in countryside of Republic of Congo, Central Africa.\"},{\"@type\":\"BreadcrumbList\",\"@id\":\"https:\/\/cafi.org\/fr\/ce-que-nous-faisons\/paiements-pour-services-environnementaux\/#breadcrumb\",\"itemListElement\":[{\"@type\":\"ListItem\",\"position\":1,\"name\":\"Home\",\"item\":\"https:\/\/cafi.org\/fr\/\"},{\"@type\":\"ListItem\",\"position\":2,\"name\":\"Ce que nous faisons\",\"item\":\"https:\/\/cafi.org\/fr\/ce-que-nous-faisons\/\"},{\"@type\":\"ListItem\",\"position\":3,\"name\":\"Paiements pour services environnementaux\"}]},{\"@type\":\"WebSite\",\"@id\":\"https:\/\/cafi.org\/#website\",\"url\":\"https:\/\/cafi.org\/\",\"name\":\"Central African Forest Initiative (CAFI)\",\"description\":\"\",\"potentialAction\":[{\"@type\":\"SearchAction\",\"target\":{\"@type\":\"EntryPoint\",\"urlTemplate\":\"https:\/\/cafi.org\/?s={search_term_string}\"},\"query-input\":{\"@type\":\"PropertyValueSpecification\",\"valueRequired\":true,\"valueName\":\"search_term_string\"}}],\"inLanguage\":\"fr-FR\"}]}<\/script>\n<!-- \/ Yoast SEO plugin. -->","yoast_head_json":{"title":"Paiements pour services environnementaux - Central African Forest Initiative (CAFI)","robots":{"index":"index","follow":"follow","max-snippet":"max-snippet:-1","max-image-preview":"max-image-preview:large","max-video-preview":"max-video-preview:-1"},"canonical":"https:\/\/cafi.org\/fr\/ce-que-nous-faisons\/paiements-pour-services-environnementaux\/","og_locale":"fr_FR","og_type":"article","og_title":"Paiements pour services environnementaux - Central African Forest Initiative (CAFI)","og_url":"https:\/\/cafi.org\/fr\/ce-que-nous-faisons\/paiements-pour-services-environnementaux\/","og_site_name":"Central African Forest Initiative (CAFI)","article_modified_time":"2025-12-19T20:32:57+00:00","og_image":[{"width":2560,"height":1696,"url":"https:\/\/cafi.org\/app\/uploads\/2025\/07\/AdobeStock_206589787-savanah-and-hill-scaled.jpg","type":"image\/jpeg"}],"twitter_card":"summary_large_image","twitter_misc":{"Est. reading time":"3 minutes"},"schema":{"@context":"https:\/\/schema.org","@graph":[{"@type":"WebPage","@id":"https:\/\/cafi.org\/fr\/ce-que-nous-faisons\/paiements-pour-services-environnementaux\/","url":"https:\/\/cafi.org\/fr\/ce-que-nous-faisons\/paiements-pour-services-environnementaux\/","name":"Paiements pour services environnementaux - Central African Forest Initiative (CAFI)","isPartOf":{"@id":"https:\/\/cafi.org\/#website"},"primaryImageOfPage":{"@id":"https:\/\/cafi.org\/fr\/ce-que-nous-faisons\/paiements-pour-services-environnementaux\/#primaryimage"},"image":{"@id":"https:\/\/cafi.org\/fr\/ce-que-nous-faisons\/paiements-pour-services-environnementaux\/#primaryimage"},"thumbnailUrl":"https:\/\/cafi.org\/app\/uploads\/2025\/07\/AdobeStock_206589787-savanah-and-hill-scaled.jpg","datePublished":"2025-01-17T11:21:29+00:00","dateModified":"2025-12-19T20:32:57+00:00","breadcrumb":{"@id":"https:\/\/cafi.org\/fr\/ce-que-nous-faisons\/paiements-pour-services-environnementaux\/#breadcrumb"},"inLanguage":"fr-FR","potentialAction":[{"@type":"ReadAction","target":["https:\/\/cafi.org\/fr\/ce-que-nous-faisons\/paiements-pour-services-environnementaux\/"]}]},{"@type":"ImageObject","inLanguage":"fr-FR","@id":"https:\/\/cafi.org\/fr\/ce-que-nous-faisons\/paiements-pour-services-environnementaux\/#primaryimage","url":"https:\/\/cafi.org\/app\/uploads\/2025\/07\/AdobeStock_206589787-savanah-and-hill-scaled.jpg","contentUrl":"https:\/\/cafi.org\/app\/uploads\/2025\/07\/AdobeStock_206589787-savanah-and-hill-scaled.jpg","width":2560,"height":1696,"caption":"Rolling hills, lush green grass and soft white clouds in countryside of Republic of Congo, Central Africa."},{"@type":"BreadcrumbList","@id":"https:\/\/cafi.org\/fr\/ce-que-nous-faisons\/paiements-pour-services-environnementaux\/#breadcrumb","itemListElement":[{"@type":"ListItem","position":1,"name":"Home","item":"https:\/\/cafi.org\/fr\/"},{"@type":"ListItem","position":2,"name":"Ce que nous faisons","item":"https:\/\/cafi.org\/fr\/ce-que-nous-faisons\/"},{"@type":"ListItem","position":3,"name":"Paiements pour services environnementaux"}]},{"@type":"WebSite","@id":"https:\/\/cafi.org\/#website","url":"https:\/\/cafi.org\/","name":"Central African Forest Initiative (CAFI)","description":"","potentialAction":[{"@type":"SearchAction","target":{"@type":"EntryPoint","urlTemplate":"https:\/\/cafi.org\/?s={search_term_string}"},"query-input":{"@type":"PropertyValueSpecification","valueRequired":true,"valueName":"search_term_string"}}],"inLanguage":"fr-FR"}]}},"_links":{"self":[{"href":"https:\/\/cafi.org\/fr\/wp-json\/wp\/v2\/pages\/7721","targetHints":{"allow":["GET"]}}],"collection":[{"href":"https:\/\/cafi.org\/fr\/wp-json\/wp\/v2\/pages"}],"about":[{"href":"https:\/\/cafi.org\/fr\/wp-json\/wp\/v2\/types\/page"}],"author":[{"embeddable":true,"href":"https:\/\/cafi.org\/fr\/wp-json\/wp\/v2\/users\/1"}],"replies":[{"embeddable":true,"href":"https:\/\/cafi.org\/fr\/wp-json\/wp\/v2\/comments?post=7721"}],"version-history":[{"count":4,"href":"https:\/\/cafi.org\/fr\/wp-json\/wp\/v2\/pages\/7721\/revisions"}],"predecessor-version":[{"id":14010,"href":"https:\/\/cafi.org\/fr\/wp-json\/wp\/v2\/pages\/7721\/revisions\/14010"}],"up":[{"embeddable":true,"href":"https:\/\/cafi.org\/fr\/wp-json\/wp\/v2\/pages\/7668"}],"wp:featuredmedia":[{"embeddable":true,"href":"https:\/\/cafi.org\/fr\/wp-json\/wp\/v2\/media\/7383"}],"wp:attachment":[{"href":"https:\/\/cafi.org\/fr\/wp-json\/wp\/v2\/media?parent=7721"}],"curies":[{"name":"wp","href":"https:\/\/api.w.org\/{rel}","templated":true}]}}