{"id":7713,"date":"2025-01-17T11:16:59","date_gmt":"2025-01-17T11:16:59","guid":{"rendered":"https:\/\/cafi.argusservices.in\/responsabilite\/"},"modified":"2025-08-11T06:44:17","modified_gmt":"2025-08-11T06:44:17","slug":"responsabilite","status":"publish","type":"page","link":"https:\/\/cafi.org\/fr\/responsabilite\/","title":{"rendered":"Responsabilit\u00e9"},"content":{"rendered":"<p>[et_pb_section fb_built=&#8221;1&#8243; admin_label=&#8221;section&#8221; _builder_version=&#8221;4.27.3&#8243; custom_margin=&#8221;0px||0px||false|false&#8221; custom_padding=&#8221;0px||0px||false|false&#8221; da_disable_devices=&#8221;off|off|off&#8221; global_colors_info=&#8221;{}&#8221; da_is_popup=&#8221;off&#8221; da_exit_intent=&#8221;off&#8221; da_has_close=&#8221;on&#8221; da_alt_close=&#8221;off&#8221; da_dark_close=&#8221;off&#8221; da_not_modal=&#8221;on&#8221; da_is_singular=&#8221;off&#8221; da_with_loader=&#8221;off&#8221; da_has_shadow=&#8221;on&#8221;][et_pb_row admin_label=&#8221;rang\u00e9e&#8221; _builder_version=&#8221;4.27.3&#8243; background_size=&#8221;initial&#8221; background_position=&#8221;top_left&#8221; background_repeat=&#8221;repeat&#8221; custom_margin=&#8221;0px||0px||false|false&#8221; custom_padding=&#8221;0px||0px||false|false&#8221; global_colors_info=&#8221;{}&#8221;][et_pb_column type=&#8221;4_4&#8243; _builder_version=&#8221;4.16&#8243; custom_padding=&#8221;|||&#8221; global_colors_info=&#8221;{}&#8221; custom_padding__hover=&#8221;|||&#8221;][et_pb_text admin_label=&#8221;Accountability Heading&#8221; _builder_version=&#8221;4.27.3&#8243; _module_preset=&#8221;default&#8221; custom_margin=&#8221;0px||30px||false|false&#8221; custom_padding=&#8221;0px||0px||false|false&#8221; global_colors_info=&#8221;{}&#8221;]<\/p>\n<h1>Responsabilit\u00e9<\/h1>\n<p>[\/et_pb_text][et_pb_text admin_label=&#8221;Accountability Text&#8221; _builder_version=&#8221;4.27.3&#8243; _module_preset=&#8221;default&#8221; hover_enabled=&#8221;0&#8243; global_colors_info=&#8221;{}&#8221; sticky_enabled=&#8221;0&#8243;]<\/p>\n<h5>Le m\u00e9canisme de gestion des plaintes du CAFI<\/h5>\n<p>Toute personne affect\u00e9e n\u00e9gativement ou impact\u00e9e par un projet ou un programme financ\u00e9 par le Fonds CAFI peut d\u00e9poser une plainte.<\/p>\n<p>Le m\u00e9canisme de gestion des plaintes de CAFI est fond\u00e9 sur les principes de subsidiarit\u00e9, de l\u00e9gitimit\u00e9, d&#8217;accessibilit\u00e9, de pr\u00e9visibilit\u00e9 et de transparence. Il est d\u00e9crit \u00e0 l&#8217;annexe 2 du <strong>manuel d&#8217;op\u00e9rations de<\/strong> CAFI <strong>(<\/strong><a href=\"https:\/\/cafi.org\/app\/uploads\/2025\/07\/CAFI-MOP-version-2023-03_FINAL-1.pdf\" target=\"_blank\" rel=\"attachment noopener wp-att-6006\">ici)<\/a><strong>.<\/strong><\/p>\n<p class=\"text-align-justify\">Pour d\u00e9poser une plainte, veuillez communiquer en fran\u00e7ais ou en anglais :<\/p>\n<ul>\n<li class=\"text-align-justify\"> <strong> Par courrier :<\/strong> Secr\u00e9tariat du CAFI, Programme des Nations Unies pour le d\u00e9veloppement, Maison internationale de l&#8217;environnement, 7e \u00e9tage, 11-13 chemin des an\u00e9mones, Ch\u00e2telaine CH 1219, Suisse<\/li>\n<li class=\"text-align-justify\"><strong>Par courrier \u00e9lectronique \u00e0 l&#8217;adresse suivante<\/strong> <a href=\"mailto:secretariatcafi@gmail.com\">secretariatcafi@gmail.com<\/a><\/li>\n<li>En remplissant le <a href=\"https:\/\/cafi.org\/fr\/responsabilite\/formulaire-de-plainte\/\">formulaire de plainte<\/a><\/li>\n<\/ul>\n<p>&nbsp;<\/p>\n<h5>Protection des d\u00e9nonciateurs<\/h5>\n<p>La protection des d\u00e9nonciateurs est pr\u00e9vue \u00e0 l&#8217;annexe 3 du manuel d&#8217;op\u00e9rations de la CAFI.<\/p>\n<p class=\"text-align-justify\">Les repr\u00e9sailles contre les personnes qui ont, de bonne foi, signal\u00e9 des all\u00e9gations de mauvaise conduite ou qui ont coop\u00e9r\u00e9 \u00e0 un audit ou \u00e0 une enqu\u00eate d\u00fbment autoris\u00e9s, sont strictement interdites. De telles repr\u00e9sailles violent l&#8217;obligation fondamentale des partenaires de la CAFI de respecter les normes les plus \u00e9lev\u00e9es d&#8217;efficacit\u00e9, de comp\u00e9tence et d&#8217;int\u00e9grit\u00e9, comme l&#8217;exigent le mandat du Fonds fiduciaire de la CAFI et les accords juridiques. <\/p>\n<p class=\"text-align-justify\">Afin de prot\u00e9ger les d\u00e9nonciateurs, le secr\u00e9tariat de la CAFI informe le plaignant de la proc\u00e9dure (d\u00e9crite \u00e0 l&#8217;annexe 2 de son <a href=\"https:\/\/www.cafi.org\/sites\/default\/files\/2023-04\/CAFI%20Terms%20of%20Reference%20ENG%202023%2003%20FINAL.pdf\" target=\"_blank\" rel=\"noopener\">manuel d&#8217;op\u00e9rations<\/a>) au d\u00e9but du processus qu&#8217;il peut demander une confidentialit\u00e9 qui ne peut lui \u00eatre refus\u00e9e.<\/p>\n<p>[\/et_pb_text][\/et_pb_column][\/et_pb_row][\/et_pb_section]<\/p>\n","protected":false},"excerpt":{"rendered":"<p>Responsabilit\u00e9Le m\u00e9canisme de gestion des plaintes du CAFI Toute personne affect\u00e9e n\u00e9gativement ou impact\u00e9e par un projet ou un programme financ\u00e9 par le Fonds CAFI peut d\u00e9poser une plainte. Le m\u00e9canisme de gestion des plaintes de CAFI est fond\u00e9 sur les principes de subsidiarit\u00e9, de l\u00e9gitimit\u00e9, d&#8217;accessibilit\u00e9, de pr\u00e9visibilit\u00e9 et de transparence. Il est d\u00e9crit&#8230;<\/p>\n","protected":false},"author":1,"featured_media":7216,"parent":0,"menu_order":0,"comment_status":"closed","ping_status":"closed","template":"","meta":{"_acf_changed":false,"_et_pb_use_builder":"on","_et_pb_old_content":"","_et_gb_content_width":"","footnotes":""},"class_list":["post-7713","page","type-page","status-publish","has-post-thumbnail","hentry"],"acf":[],"yoast_head":"<!-- This site is optimized with the Yoast SEO plugin v23.9 - https:\/\/yoast.com\/wordpress\/plugins\/seo\/ -->\n<title>Responsabilit\u00e9 - Central African Forest Initiative (CAFI)<\/title>\n<meta name=\"robots\" content=\"index, follow, max-snippet:-1, max-image-preview:large, max-video-preview:-1\" \/>\n<link rel=\"canonical\" href=\"https:\/\/cafi.org\/fr\/responsabilite\/\" \/>\n<meta property=\"og:locale\" content=\"fr_FR\" \/>\n<meta property=\"og:type\" content=\"article\" \/>\n<meta property=\"og:title\" content=\"Responsabilit\u00e9 - Central African Forest Initiative (CAFI)\" \/>\n<meta property=\"og:url\" content=\"https:\/\/cafi.org\/fr\/responsabilite\/\" \/>\n<meta property=\"og:site_name\" content=\"Central African Forest Initiative (CAFI)\" \/>\n<meta property=\"article:modified_time\" content=\"2025-08-11T06:44:17+00:00\" \/>\n<meta property=\"og:image\" content=\"https:\/\/cafi.org\/app\/uploads\/2025\/02\/pexels-divinetechygirl-1181396-1.png\" \/>\n\t<meta property=\"og:image:width\" content=\"1416\" \/>\n\t<meta property=\"og:image:height\" content=\"481\" \/>\n\t<meta property=\"og:image:type\" content=\"image\/png\" \/>\n<meta name=\"twitter:card\" content=\"summary_large_image\" \/>\n<meta name=\"twitter:label1\" content=\"Est. reading time\" \/>\n\t<meta name=\"twitter:data1\" content=\"2 minutes\" \/>\n<script type=\"application\/ld+json\" class=\"yoast-schema-graph\">{\"@context\":\"https:\/\/schema.org\",\"@graph\":[{\"@type\":\"WebPage\",\"@id\":\"https:\/\/cafi.org\/fr\/responsabilite\/\",\"url\":\"https:\/\/cafi.org\/fr\/responsabilite\/\",\"name\":\"Responsabilit\u00e9 - Central African Forest Initiative (CAFI)\",\"isPartOf\":{\"@id\":\"https:\/\/cafi.org\/#website\"},\"primaryImageOfPage\":{\"@id\":\"https:\/\/cafi.org\/fr\/responsabilite\/#primaryimage\"},\"image\":{\"@id\":\"https:\/\/cafi.org\/fr\/responsabilite\/#primaryimage\"},\"thumbnailUrl\":\"https:\/\/cafi.org\/app\/uploads\/2025\/02\/pexels-divinetechygirl-1181396-1.png\",\"datePublished\":\"2025-01-17T11:16:59+00:00\",\"dateModified\":\"2025-08-11T06:44:17+00:00\",\"breadcrumb\":{\"@id\":\"https:\/\/cafi.org\/fr\/responsabilite\/#breadcrumb\"},\"inLanguage\":\"fr-FR\",\"potentialAction\":[{\"@type\":\"ReadAction\",\"target\":[\"https:\/\/cafi.org\/fr\/responsabilite\/\"]}]},{\"@type\":\"ImageObject\",\"inLanguage\":\"fr-FR\",\"@id\":\"https:\/\/cafi.org\/fr\/responsabilite\/#primaryimage\",\"url\":\"https:\/\/cafi.org\/app\/uploads\/2025\/02\/pexels-divinetechygirl-1181396-1.png\",\"contentUrl\":\"https:\/\/cafi.org\/app\/uploads\/2025\/02\/pexels-divinetechygirl-1181396-1.png\",\"width\":1416,\"height\":481},{\"@type\":\"BreadcrumbList\",\"@id\":\"https:\/\/cafi.org\/fr\/responsabilite\/#breadcrumb\",\"itemListElement\":[{\"@type\":\"ListItem\",\"position\":1,\"name\":\"Home\",\"item\":\"https:\/\/cafi.org\/fr\/\"},{\"@type\":\"ListItem\",\"position\":2,\"name\":\"Responsabilit\u00e9\"}]},{\"@type\":\"WebSite\",\"@id\":\"https:\/\/cafi.org\/#website\",\"url\":\"https:\/\/cafi.org\/\",\"name\":\"Central African Forest Initiative (CAFI)\",\"description\":\"\",\"potentialAction\":[{\"@type\":\"SearchAction\",\"target\":{\"@type\":\"EntryPoint\",\"urlTemplate\":\"https:\/\/cafi.org\/?s={search_term_string}\"},\"query-input\":{\"@type\":\"PropertyValueSpecification\",\"valueRequired\":true,\"valueName\":\"search_term_string\"}}],\"inLanguage\":\"fr-FR\"}]}<\/script>\n<!-- \/ Yoast SEO plugin. -->","yoast_head_json":{"title":"Responsabilit\u00e9 - Central African Forest Initiative (CAFI)","robots":{"index":"index","follow":"follow","max-snippet":"max-snippet:-1","max-image-preview":"max-image-preview:large","max-video-preview":"max-video-preview:-1"},"canonical":"https:\/\/cafi.org\/fr\/responsabilite\/","og_locale":"fr_FR","og_type":"article","og_title":"Responsabilit\u00e9 - Central African Forest Initiative (CAFI)","og_url":"https:\/\/cafi.org\/fr\/responsabilite\/","og_site_name":"Central African Forest Initiative (CAFI)","article_modified_time":"2025-08-11T06:44:17+00:00","og_image":[{"width":1416,"height":481,"url":"https:\/\/cafi.org\/app\/uploads\/2025\/02\/pexels-divinetechygirl-1181396-1.png","type":"image\/png"}],"twitter_card":"summary_large_image","twitter_misc":{"Est. reading time":"2 minutes"},"schema":{"@context":"https:\/\/schema.org","@graph":[{"@type":"WebPage","@id":"https:\/\/cafi.org\/fr\/responsabilite\/","url":"https:\/\/cafi.org\/fr\/responsabilite\/","name":"Responsabilit\u00e9 - Central African Forest Initiative (CAFI)","isPartOf":{"@id":"https:\/\/cafi.org\/#website"},"primaryImageOfPage":{"@id":"https:\/\/cafi.org\/fr\/responsabilite\/#primaryimage"},"image":{"@id":"https:\/\/cafi.org\/fr\/responsabilite\/#primaryimage"},"thumbnailUrl":"https:\/\/cafi.org\/app\/uploads\/2025\/02\/pexels-divinetechygirl-1181396-1.png","datePublished":"2025-01-17T11:16:59+00:00","dateModified":"2025-08-11T06:44:17+00:00","breadcrumb":{"@id":"https:\/\/cafi.org\/fr\/responsabilite\/#breadcrumb"},"inLanguage":"fr-FR","potentialAction":[{"@type":"ReadAction","target":["https:\/\/cafi.org\/fr\/responsabilite\/"]}]},{"@type":"ImageObject","inLanguage":"fr-FR","@id":"https:\/\/cafi.org\/fr\/responsabilite\/#primaryimage","url":"https:\/\/cafi.org\/app\/uploads\/2025\/02\/pexels-divinetechygirl-1181396-1.png","contentUrl":"https:\/\/cafi.org\/app\/uploads\/2025\/02\/pexels-divinetechygirl-1181396-1.png","width":1416,"height":481},{"@type":"BreadcrumbList","@id":"https:\/\/cafi.org\/fr\/responsabilite\/#breadcrumb","itemListElement":[{"@type":"ListItem","position":1,"name":"Home","item":"https:\/\/cafi.org\/fr\/"},{"@type":"ListItem","position":2,"name":"Responsabilit\u00e9"}]},{"@type":"WebSite","@id":"https:\/\/cafi.org\/#website","url":"https:\/\/cafi.org\/","name":"Central African Forest Initiative (CAFI)","description":"","potentialAction":[{"@type":"SearchAction","target":{"@type":"EntryPoint","urlTemplate":"https:\/\/cafi.org\/?s={search_term_string}"},"query-input":{"@type":"PropertyValueSpecification","valueRequired":true,"valueName":"search_term_string"}}],"inLanguage":"fr-FR"}]}},"_links":{"self":[{"href":"https:\/\/cafi.org\/fr\/wp-json\/wp\/v2\/pages\/7713","targetHints":{"allow":["GET"]}}],"collection":[{"href":"https:\/\/cafi.org\/fr\/wp-json\/wp\/v2\/pages"}],"about":[{"href":"https:\/\/cafi.org\/fr\/wp-json\/wp\/v2\/types\/page"}],"author":[{"embeddable":true,"href":"https:\/\/cafi.org\/fr\/wp-json\/wp\/v2\/users\/1"}],"replies":[{"embeddable":true,"href":"https:\/\/cafi.org\/fr\/wp-json\/wp\/v2\/comments?post=7713"}],"version-history":[{"count":2,"href":"https:\/\/cafi.org\/fr\/wp-json\/wp\/v2\/pages\/7713\/revisions"}],"predecessor-version":[{"id":7715,"href":"https:\/\/cafi.org\/fr\/wp-json\/wp\/v2\/pages\/7713\/revisions\/7715"}],"wp:featuredmedia":[{"embeddable":true,"href":"https:\/\/cafi.org\/fr\/wp-json\/wp\/v2\/media\/7216"}],"wp:attachment":[{"href":"https:\/\/cafi.org\/fr\/wp-json\/wp\/v2\/media?parent=7713"}],"curies":[{"name":"wp","href":"https:\/\/api.w.org\/{rel}","templated":true}]}}