{"id":7710,"date":"2025-01-17T11:20:11","date_gmt":"2025-01-17T11:20:11","guid":{"rendered":"https:\/\/cafi.argusservices.in\/ce-que-nous-faisons\/comment-nous-travaillons\/investissements\/"},"modified":"2026-02-25T18:38:38","modified_gmt":"2026-02-25T18:38:38","slug":"investissements","status":"publish","type":"page","link":"https:\/\/cafi.org\/fr\/ce-que-nous-faisons\/comment-nous-travaillons\/investissements\/","title":{"rendered":"Investissements"},"content":{"rendered":"<p>[et_pb_section fb_built=&#8221;1&#8243; admin_label=&#8221;section&#8221; _builder_version=&#8221;4.27.3&#8243; custom_margin=&#8221;0px||0px||false|false&#8221; custom_padding=&#8221;0px||0px||false|false&#8221; da_disable_devices=&#8221;off|off|off&#8221; global_colors_info=&#8221;{}&#8221; da_is_popup=&#8221;off&#8221; da_exit_intent=&#8221;off&#8221; da_has_close=&#8221;on&#8221; da_alt_close=&#8221;off&#8221; da_dark_close=&#8221;off&#8221; da_not_modal=&#8221;on&#8221; da_is_singular=&#8221;off&#8221; da_with_loader=&#8221;off&#8221; da_has_shadow=&#8221;on&#8221;][et_pb_row admin_label=&#8221;rang\u00e9e&#8221; _builder_version=&#8221;4.27.3&#8243; background_size=&#8221;initial&#8221; background_position=&#8221;top_left&#8221; background_repeat=&#8221;repeat&#8221; custom_margin=&#8221;0px||0px||false|false&#8221; custom_padding=&#8221;0px||0px||false|false&#8221; global_colors_info=&#8221;{}&#8221;][et_pb_column type=&#8221;4_4&#8243; _builder_version=&#8221;4.16&#8243; custom_padding=&#8221;|||&#8221; global_colors_info=&#8221;{}&#8221; custom_padding__hover=&#8221;|||&#8221;][et_pb_menu menu_id=&#8221;24&#8243; disabled_on=&#8221;off|off|off&#8221; module_class=&#8221;custom-tab-menu&#8221; _builder_version=&#8221;4.27.3&#8243; _module_preset=&#8221;default&#8221; locked=&#8221;off&#8221; global_colors_info=&#8221;{}&#8221;][\/et_pb_menu][et_pb_text _builder_version=&#8221;4.27.3&#8243; _module_preset=&#8221;default&#8221; custom_margin=&#8221;0px||0px||false|false&#8221; custom_padding=&#8221;0px||0px||false|false&#8221; global_colors_info=&#8221;{}&#8221;]<\/p>\n<h1>Investissements<\/h1>\n<p>[\/et_pb_text][et_pb_text _builder_version=&#8221;4.27.3&#8243; _module_preset=&#8221;default&#8221; hover_enabled=&#8221;0&#8243; global_colors_info=&#8221;{}&#8221; sticky_enabled=&#8221;0&#8243;]<\/p>\n<p>CAFI est \u00e0 la fois une plateforme de dialogue politique et un fonds fiduciaire, g\u00e9r\u00e9 par le Bureau de Fonds Fiduciaire Multipartenaire en tant qu&#8217;Agent Administratif, qui assure la supervision fiduciaire, la transparence et la responsabilit\u00e9. En tant que fonds, CAFI fournit <b>un financement \u00e0 long terme et pr\u00e9visible<\/b> aux pays pour mettre en \u0153uvre des r\u00e9formes complexes en mati\u00e8re de for\u00eats et d&#8217;utilisation des terres, renforce la <b>coordination et l&#8217;harmonisation<\/b> entre les donateurs et offre une <b>transparence<\/b> gr\u00e2ce au portail du Bureau du Fonds Fiduciaire Multipartenaire, o\u00f9 les flux financiers et les r\u00e9sultats sont accessibles au public.<\/p>\n<p>\u00c0 ce titre, CAFI :<\/p>\n<ul>\n<li>mobilise et canalise des financements afin de <b>r\u00e9duire les \u00e9missions r\u00e9sultant de la d\u00e9forestation et de la d\u00e9gradation des for\u00eats, et de soutenir le d\u00e9veloppement<\/b> durable dans six pays d&#8217;Afrique centrale \u00e0 forte couverture foresti\u00e8re (RDC, Gabon, R\u00e9publique du Congo, Cameroun, RCA, Guin\u00e9e \u00c9quatoriale).<\/li>\n<li>fonctionne comme un <b>m\u00e9canisme financier<\/b> o\u00f9 les contributions des donateurs sont mises en commun puis vers\u00e9es aux gouvernements nationaux par l&#8217;interm\u00e9diaire de partenaires de mise en \u0153uvre<\/li>\n<li>sert \u00e0 la fois de <b>catalyseur pour le changement politique<\/b> et de <b>levier pour attirer des investissements suppl\u00e9mentaires<\/b> (bilat\u00e9raux, multilat\u00e9raux, priv\u00e9s).<\/li>\n<li>est financ\u00e9e par de multiples contributeurs, ce qui lui conf\u00e8re un poids politique et une cr\u00e9dibilit\u00e9.<\/li>\n<li>est guid\u00e9e par un C<b>onseil d&#8217;administration<\/b><\/li>\n<\/ul>\n<p>[\/et_pb_text][\/et_pb_column][\/et_pb_row][\/et_pb_section]<\/p>\n","protected":false},"excerpt":{"rendered":"<p>InvestissementsCAFI est \u00e0 la fois une plateforme de dialogue politique et un fonds fiduciaire, g\u00e9r\u00e9 par le Bureau de Fonds Fiduciaire Multipartenaire en tant qu&#8217;Agent Administratif, qui assure la supervision fiduciaire, la transparence et la responsabilit\u00e9. En tant que fonds, CAFI fournit un financement \u00e0 long terme et pr\u00e9visible aux pays pour mettre en \u0153uvre&#8230;<\/p>\n","protected":false},"author":1,"featured_media":7216,"parent":7701,"menu_order":0,"comment_status":"closed","ping_status":"closed","template":"","meta":{"_acf_changed":false,"_et_pb_use_builder":"on","_et_pb_old_content":"","_et_gb_content_width":"","footnotes":""},"class_list":["post-7710","page","type-page","status-publish","has-post-thumbnail","hentry"],"acf":[],"yoast_head":"<!-- This site is optimized with the Yoast SEO plugin v23.9 - https:\/\/yoast.com\/wordpress\/plugins\/seo\/ -->\n<title>Investissements - Central African Forest Initiative (CAFI)<\/title>\n<meta name=\"robots\" content=\"index, follow, max-snippet:-1, max-image-preview:large, max-video-preview:-1\" \/>\n<link rel=\"canonical\" href=\"https:\/\/cafi.org\/fr\/ce-que-nous-faisons\/comment-nous-travaillons\/investissements\/\" \/>\n<meta property=\"og:locale\" content=\"fr_FR\" \/>\n<meta property=\"og:type\" content=\"article\" \/>\n<meta property=\"og:title\" content=\"Investissements - Central African Forest Initiative (CAFI)\" \/>\n<meta property=\"og:url\" content=\"https:\/\/cafi.org\/fr\/ce-que-nous-faisons\/comment-nous-travaillons\/investissements\/\" \/>\n<meta property=\"og:site_name\" content=\"Central African Forest Initiative (CAFI)\" \/>\n<meta property=\"article:modified_time\" content=\"2026-02-25T18:38:38+00:00\" \/>\n<meta property=\"og:image\" content=\"https:\/\/cafi.org\/app\/uploads\/2025\/02\/pexels-divinetechygirl-1181396-1.png\" \/>\n\t<meta property=\"og:image:width\" content=\"1416\" \/>\n\t<meta property=\"og:image:height\" content=\"481\" \/>\n\t<meta property=\"og:image:type\" content=\"image\/png\" \/>\n<meta name=\"twitter:card\" content=\"summary_large_image\" \/>\n<meta name=\"twitter:label1\" content=\"Est. reading time\" \/>\n\t<meta name=\"twitter:data1\" content=\"2 minutes\" \/>\n<script type=\"application\/ld+json\" class=\"yoast-schema-graph\">{\"@context\":\"https:\/\/schema.org\",\"@graph\":[{\"@type\":\"WebPage\",\"@id\":\"https:\/\/cafi.org\/fr\/ce-que-nous-faisons\/comment-nous-travaillons\/investissements\/\",\"url\":\"https:\/\/cafi.org\/fr\/ce-que-nous-faisons\/comment-nous-travaillons\/investissements\/\",\"name\":\"Investissements - Central African Forest Initiative (CAFI)\",\"isPartOf\":{\"@id\":\"https:\/\/cafi.org\/#website\"},\"primaryImageOfPage\":{\"@id\":\"https:\/\/cafi.org\/fr\/ce-que-nous-faisons\/comment-nous-travaillons\/investissements\/#primaryimage\"},\"image\":{\"@id\":\"https:\/\/cafi.org\/fr\/ce-que-nous-faisons\/comment-nous-travaillons\/investissements\/#primaryimage\"},\"thumbnailUrl\":\"https:\/\/cafi.org\/app\/uploads\/2025\/02\/pexels-divinetechygirl-1181396-1.png\",\"datePublished\":\"2025-01-17T11:20:11+00:00\",\"dateModified\":\"2026-02-25T18:38:38+00:00\",\"breadcrumb\":{\"@id\":\"https:\/\/cafi.org\/fr\/ce-que-nous-faisons\/comment-nous-travaillons\/investissements\/#breadcrumb\"},\"inLanguage\":\"fr-FR\",\"potentialAction\":[{\"@type\":\"ReadAction\",\"target\":[\"https:\/\/cafi.org\/fr\/ce-que-nous-faisons\/comment-nous-travaillons\/investissements\/\"]}]},{\"@type\":\"ImageObject\",\"inLanguage\":\"fr-FR\",\"@id\":\"https:\/\/cafi.org\/fr\/ce-que-nous-faisons\/comment-nous-travaillons\/investissements\/#primaryimage\",\"url\":\"https:\/\/cafi.org\/app\/uploads\/2025\/02\/pexels-divinetechygirl-1181396-1.png\",\"contentUrl\":\"https:\/\/cafi.org\/app\/uploads\/2025\/02\/pexels-divinetechygirl-1181396-1.png\",\"width\":1416,\"height\":481},{\"@type\":\"BreadcrumbList\",\"@id\":\"https:\/\/cafi.org\/fr\/ce-que-nous-faisons\/comment-nous-travaillons\/investissements\/#breadcrumb\",\"itemListElement\":[{\"@type\":\"ListItem\",\"position\":1,\"name\":\"Home\",\"item\":\"https:\/\/cafi.org\/fr\/\"},{\"@type\":\"ListItem\",\"position\":2,\"name\":\"Ce que nous faisons\",\"item\":\"https:\/\/cafi.org\/fr\/ce-que-nous-faisons\/\"},{\"@type\":\"ListItem\",\"position\":3,\"name\":\"Comment nous travaillons\",\"item\":\"https:\/\/cafi.org\/fr\/ce-que-nous-faisons\/comment-nous-travaillons\/\"},{\"@type\":\"ListItem\",\"position\":4,\"name\":\"Investissements\"}]},{\"@type\":\"WebSite\",\"@id\":\"https:\/\/cafi.org\/#website\",\"url\":\"https:\/\/cafi.org\/\",\"name\":\"Central African Forest Initiative (CAFI)\",\"description\":\"\",\"potentialAction\":[{\"@type\":\"SearchAction\",\"target\":{\"@type\":\"EntryPoint\",\"urlTemplate\":\"https:\/\/cafi.org\/?s={search_term_string}\"},\"query-input\":{\"@type\":\"PropertyValueSpecification\",\"valueRequired\":true,\"valueName\":\"search_term_string\"}}],\"inLanguage\":\"fr-FR\"}]}<\/script>\n<!-- \/ Yoast SEO plugin. -->","yoast_head_json":{"title":"Investissements - Central African Forest Initiative (CAFI)","robots":{"index":"index","follow":"follow","max-snippet":"max-snippet:-1","max-image-preview":"max-image-preview:large","max-video-preview":"max-video-preview:-1"},"canonical":"https:\/\/cafi.org\/fr\/ce-que-nous-faisons\/comment-nous-travaillons\/investissements\/","og_locale":"fr_FR","og_type":"article","og_title":"Investissements - Central African Forest Initiative (CAFI)","og_url":"https:\/\/cafi.org\/fr\/ce-que-nous-faisons\/comment-nous-travaillons\/investissements\/","og_site_name":"Central African Forest Initiative (CAFI)","article_modified_time":"2026-02-25T18:38:38+00:00","og_image":[{"width":1416,"height":481,"url":"https:\/\/cafi.org\/app\/uploads\/2025\/02\/pexels-divinetechygirl-1181396-1.png","type":"image\/png"}],"twitter_card":"summary_large_image","twitter_misc":{"Est. reading time":"2 minutes"},"schema":{"@context":"https:\/\/schema.org","@graph":[{"@type":"WebPage","@id":"https:\/\/cafi.org\/fr\/ce-que-nous-faisons\/comment-nous-travaillons\/investissements\/","url":"https:\/\/cafi.org\/fr\/ce-que-nous-faisons\/comment-nous-travaillons\/investissements\/","name":"Investissements - Central African Forest Initiative (CAFI)","isPartOf":{"@id":"https:\/\/cafi.org\/#website"},"primaryImageOfPage":{"@id":"https:\/\/cafi.org\/fr\/ce-que-nous-faisons\/comment-nous-travaillons\/investissements\/#primaryimage"},"image":{"@id":"https:\/\/cafi.org\/fr\/ce-que-nous-faisons\/comment-nous-travaillons\/investissements\/#primaryimage"},"thumbnailUrl":"https:\/\/cafi.org\/app\/uploads\/2025\/02\/pexels-divinetechygirl-1181396-1.png","datePublished":"2025-01-17T11:20:11+00:00","dateModified":"2026-02-25T18:38:38+00:00","breadcrumb":{"@id":"https:\/\/cafi.org\/fr\/ce-que-nous-faisons\/comment-nous-travaillons\/investissements\/#breadcrumb"},"inLanguage":"fr-FR","potentialAction":[{"@type":"ReadAction","target":["https:\/\/cafi.org\/fr\/ce-que-nous-faisons\/comment-nous-travaillons\/investissements\/"]}]},{"@type":"ImageObject","inLanguage":"fr-FR","@id":"https:\/\/cafi.org\/fr\/ce-que-nous-faisons\/comment-nous-travaillons\/investissements\/#primaryimage","url":"https:\/\/cafi.org\/app\/uploads\/2025\/02\/pexels-divinetechygirl-1181396-1.png","contentUrl":"https:\/\/cafi.org\/app\/uploads\/2025\/02\/pexels-divinetechygirl-1181396-1.png","width":1416,"height":481},{"@type":"BreadcrumbList","@id":"https:\/\/cafi.org\/fr\/ce-que-nous-faisons\/comment-nous-travaillons\/investissements\/#breadcrumb","itemListElement":[{"@type":"ListItem","position":1,"name":"Home","item":"https:\/\/cafi.org\/fr\/"},{"@type":"ListItem","position":2,"name":"Ce que nous faisons","item":"https:\/\/cafi.org\/fr\/ce-que-nous-faisons\/"},{"@type":"ListItem","position":3,"name":"Comment nous travaillons","item":"https:\/\/cafi.org\/fr\/ce-que-nous-faisons\/comment-nous-travaillons\/"},{"@type":"ListItem","position":4,"name":"Investissements"}]},{"@type":"WebSite","@id":"https:\/\/cafi.org\/#website","url":"https:\/\/cafi.org\/","name":"Central African Forest Initiative (CAFI)","description":"","potentialAction":[{"@type":"SearchAction","target":{"@type":"EntryPoint","urlTemplate":"https:\/\/cafi.org\/?s={search_term_string}"},"query-input":{"@type":"PropertyValueSpecification","valueRequired":true,"valueName":"search_term_string"}}],"inLanguage":"fr-FR"}]}},"_links":{"self":[{"href":"https:\/\/cafi.org\/fr\/wp-json\/wp\/v2\/pages\/7710","targetHints":{"allow":["GET"]}}],"collection":[{"href":"https:\/\/cafi.org\/fr\/wp-json\/wp\/v2\/pages"}],"about":[{"href":"https:\/\/cafi.org\/fr\/wp-json\/wp\/v2\/types\/page"}],"author":[{"embeddable":true,"href":"https:\/\/cafi.org\/fr\/wp-json\/wp\/v2\/users\/1"}],"replies":[{"embeddable":true,"href":"https:\/\/cafi.org\/fr\/wp-json\/wp\/v2\/comments?post=7710"}],"version-history":[{"count":3,"href":"https:\/\/cafi.org\/fr\/wp-json\/wp\/v2\/pages\/7710\/revisions"}],"predecessor-version":[{"id":14403,"href":"https:\/\/cafi.org\/fr\/wp-json\/wp\/v2\/pages\/7710\/revisions\/14403"}],"up":[{"embeddable":true,"href":"https:\/\/cafi.org\/fr\/wp-json\/wp\/v2\/pages\/7701"}],"wp:featuredmedia":[{"embeddable":true,"href":"https:\/\/cafi.org\/fr\/wp-json\/wp\/v2\/media\/7216"}],"wp:attachment":[{"href":"https:\/\/cafi.org\/fr\/wp-json\/wp\/v2\/media?parent=7710"}],"curies":[{"name":"wp","href":"https:\/\/api.w.org\/{rel}","templated":true}]}}