{"id":7704,"date":"2025-01-17T11:19:14","date_gmt":"2025-01-17T11:19:14","guid":{"rendered":"https:\/\/cafi.argusservices.in\/ce-que-nous-faisons\/comment-nous-travaillons\/dialogue-politique\/"},"modified":"2026-02-25T16:58:53","modified_gmt":"2026-02-25T16:58:53","slug":"dialogue-politique","status":"publish","type":"page","link":"https:\/\/cafi.org\/fr\/ce-que-nous-faisons\/comment-nous-travaillons\/dialogue-politique\/","title":{"rendered":"Dialogue politique"},"content":{"rendered":"<p>[et_pb_section fb_built=&#8221;1&#8243; admin_label=&#8221;section&#8221; _builder_version=&#8221;4.27.3&#8243; custom_margin=&#8221;0px||0px||false|false&#8221; custom_padding=&#8221;0px||0px||false|false&#8221; da_disable_devices=&#8221;off|off|off&#8221; global_colors_info=&#8221;{}&#8221; da_is_popup=&#8221;off&#8221; da_exit_intent=&#8221;off&#8221; da_has_close=&#8221;on&#8221; da_alt_close=&#8221;off&#8221; da_dark_close=&#8221;off&#8221; da_not_modal=&#8221;on&#8221; da_is_singular=&#8221;off&#8221; da_with_loader=&#8221;off&#8221; da_has_shadow=&#8221;on&#8221;][et_pb_row admin_label=&#8221;rang\u00e9e&#8221; _builder_version=&#8221;4.27.3&#8243; background_size=&#8221;initial&#8221; background_position=&#8221;top_left&#8221; background_repeat=&#8221;repeat&#8221; custom_margin=&#8221;0px||0px||false|false&#8221; custom_padding=&#8221;0px||0px||false|false&#8221; global_colors_info=&#8221;{}&#8221;][et_pb_column type=&#8221;4_4&#8243; _builder_version=&#8221;4.16&#8243; custom_padding=&#8221;|||&#8221; global_colors_info=&#8221;{}&#8221; custom_padding__hover=&#8221;|||&#8221;][et_pb_menu menu_id=&#8221;24&#8243; disabled_on=&#8221;off|off|off&#8221; module_class=&#8221;custom-tab-menu&#8221; _builder_version=&#8221;4.27.3&#8243; _module_preset=&#8221;default&#8221; locked=&#8221;off&#8221; global_colors_info=&#8221;{}&#8221;][\/et_pb_menu][et_pb_text _builder_version=&#8221;4.27.3&#8243; _module_preset=&#8221;default&#8221; custom_margin=&#8221;0px||0px||false|false&#8221; custom_padding=&#8221;0px||0px||false|false&#8221; global_colors_info=&#8221;{}&#8221;]<\/p>\n<h1>Dialogue politique<\/h1>\n<p>[\/et_pb_text][et_pb_text _builder_version=&#8221;4.27.3&#8243; _module_preset=&#8221;default&#8221; hover_enabled=&#8221;0&#8243; global_colors_info=&#8221;{}&#8221; sticky_enabled=&#8221;0&#8243;]<\/p>\n<p>Conform\u00e9ment \u00e0 la d\u00e9claration conjointe CAFI sign\u00e9e en septembre 2015 en marge de l&#8217;Assembl\u00e9e g\u00e9n\u00e9rale des Nations unies, qui a consacr\u00e9 le lancement de l&#8217;initiative, CAFI consolide ses partenariats avec les pays en travaillant \u00e0 plusieurs niveaux, \u00e0 savoir :<\/p>\n<ul>\n<li>Obtenir et renouveler l&#8217;engagement de haut niveau en faveur de la pr\u00e9servation des for\u00eats, dans le cadre d&#8217;accords appel\u00e9s \u00ab lettres d&#8217;intention \u00bb.<\/li>\n<li>Soutenir les r\u00e9formes et les engagements de haut niveau en mati\u00e8re de suivi pris dans ces lettres d&#8217;intention.<\/li>\n<li>Soutenir la coordination des partenaires dans les dialogues politiques avec les pays du Bassin du Congo et assurer l&#8217;harmonisation des mesures.<\/li>\n<\/ul>\n<p>[\/et_pb_text][\/et_pb_column][\/et_pb_row][\/et_pb_section]<\/p>\n","protected":false},"excerpt":{"rendered":"<p>Dialogue politiqueConform\u00e9ment \u00e0 la d\u00e9claration conjointe CAFI sign\u00e9e en septembre 2015 en marge de l&#8217;Assembl\u00e9e g\u00e9n\u00e9rale des Nations unies, qui a consacr\u00e9 le lancement de l&#8217;initiative, CAFI consolide ses partenariats avec les pays en travaillant \u00e0 plusieurs niveaux, \u00e0 savoir : Obtenir et renouveler l&#8217;engagement de haut niveau en faveur de la pr\u00e9servation des for\u00eats,&#8230;<\/p>\n","protected":false},"author":1,"featured_media":7216,"parent":7701,"menu_order":0,"comment_status":"closed","ping_status":"closed","template":"","meta":{"_acf_changed":false,"_et_pb_use_builder":"on","_et_pb_old_content":"","_et_gb_content_width":"","footnotes":""},"class_list":["post-7704","page","type-page","status-publish","has-post-thumbnail","hentry"],"acf":[],"yoast_head":"<!-- This site is optimized with the Yoast SEO plugin v23.9 - https:\/\/yoast.com\/wordpress\/plugins\/seo\/ -->\n<title>Dialogue politique - Central African Forest Initiative (CAFI)<\/title>\n<meta name=\"robots\" content=\"index, follow, max-snippet:-1, max-image-preview:large, max-video-preview:-1\" \/>\n<link rel=\"canonical\" href=\"https:\/\/cafi.org\/fr\/ce-que-nous-faisons\/comment-nous-travaillons\/dialogue-politique\/\" \/>\n<meta property=\"og:locale\" content=\"fr_FR\" \/>\n<meta property=\"og:type\" content=\"article\" \/>\n<meta property=\"og:title\" content=\"Dialogue politique - Central African Forest Initiative (CAFI)\" \/>\n<meta property=\"og:url\" content=\"https:\/\/cafi.org\/fr\/ce-que-nous-faisons\/comment-nous-travaillons\/dialogue-politique\/\" \/>\n<meta property=\"og:site_name\" content=\"Central African Forest Initiative (CAFI)\" \/>\n<meta property=\"article:modified_time\" content=\"2026-02-25T16:58:53+00:00\" \/>\n<meta property=\"og:image\" content=\"https:\/\/cafi.org\/app\/uploads\/2025\/02\/pexels-divinetechygirl-1181396-1.png\" \/>\n\t<meta property=\"og:image:width\" content=\"1416\" \/>\n\t<meta property=\"og:image:height\" content=\"481\" \/>\n\t<meta property=\"og:image:type\" content=\"image\/png\" \/>\n<meta name=\"twitter:card\" content=\"summary_large_image\" \/>\n<meta name=\"twitter:label1\" content=\"Est. reading time\" \/>\n\t<meta name=\"twitter:data1\" content=\"1 minute\" \/>\n<script type=\"application\/ld+json\" class=\"yoast-schema-graph\">{\"@context\":\"https:\/\/schema.org\",\"@graph\":[{\"@type\":\"WebPage\",\"@id\":\"https:\/\/cafi.org\/fr\/ce-que-nous-faisons\/comment-nous-travaillons\/dialogue-politique\/\",\"url\":\"https:\/\/cafi.org\/fr\/ce-que-nous-faisons\/comment-nous-travaillons\/dialogue-politique\/\",\"name\":\"Dialogue politique - Central African Forest Initiative (CAFI)\",\"isPartOf\":{\"@id\":\"https:\/\/cafi.org\/#website\"},\"primaryImageOfPage\":{\"@id\":\"https:\/\/cafi.org\/fr\/ce-que-nous-faisons\/comment-nous-travaillons\/dialogue-politique\/#primaryimage\"},\"image\":{\"@id\":\"https:\/\/cafi.org\/fr\/ce-que-nous-faisons\/comment-nous-travaillons\/dialogue-politique\/#primaryimage\"},\"thumbnailUrl\":\"https:\/\/cafi.org\/app\/uploads\/2025\/02\/pexels-divinetechygirl-1181396-1.png\",\"datePublished\":\"2025-01-17T11:19:14+00:00\",\"dateModified\":\"2026-02-25T16:58:53+00:00\",\"breadcrumb\":{\"@id\":\"https:\/\/cafi.org\/fr\/ce-que-nous-faisons\/comment-nous-travaillons\/dialogue-politique\/#breadcrumb\"},\"inLanguage\":\"fr-FR\",\"potentialAction\":[{\"@type\":\"ReadAction\",\"target\":[\"https:\/\/cafi.org\/fr\/ce-que-nous-faisons\/comment-nous-travaillons\/dialogue-politique\/\"]}]},{\"@type\":\"ImageObject\",\"inLanguage\":\"fr-FR\",\"@id\":\"https:\/\/cafi.org\/fr\/ce-que-nous-faisons\/comment-nous-travaillons\/dialogue-politique\/#primaryimage\",\"url\":\"https:\/\/cafi.org\/app\/uploads\/2025\/02\/pexels-divinetechygirl-1181396-1.png\",\"contentUrl\":\"https:\/\/cafi.org\/app\/uploads\/2025\/02\/pexels-divinetechygirl-1181396-1.png\",\"width\":1416,\"height\":481},{\"@type\":\"BreadcrumbList\",\"@id\":\"https:\/\/cafi.org\/fr\/ce-que-nous-faisons\/comment-nous-travaillons\/dialogue-politique\/#breadcrumb\",\"itemListElement\":[{\"@type\":\"ListItem\",\"position\":1,\"name\":\"Home\",\"item\":\"https:\/\/cafi.org\/fr\/\"},{\"@type\":\"ListItem\",\"position\":2,\"name\":\"Ce que nous faisons\",\"item\":\"https:\/\/cafi.org\/fr\/ce-que-nous-faisons\/\"},{\"@type\":\"ListItem\",\"position\":3,\"name\":\"Comment nous travaillons\",\"item\":\"https:\/\/cafi.org\/fr\/ce-que-nous-faisons\/comment-nous-travaillons\/\"},{\"@type\":\"ListItem\",\"position\":4,\"name\":\"Dialogue politique\"}]},{\"@type\":\"WebSite\",\"@id\":\"https:\/\/cafi.org\/#website\",\"url\":\"https:\/\/cafi.org\/\",\"name\":\"Central African Forest Initiative (CAFI)\",\"description\":\"\",\"potentialAction\":[{\"@type\":\"SearchAction\",\"target\":{\"@type\":\"EntryPoint\",\"urlTemplate\":\"https:\/\/cafi.org\/?s={search_term_string}\"},\"query-input\":{\"@type\":\"PropertyValueSpecification\",\"valueRequired\":true,\"valueName\":\"search_term_string\"}}],\"inLanguage\":\"fr-FR\"}]}<\/script>\n<!-- \/ Yoast SEO plugin. -->","yoast_head_json":{"title":"Dialogue politique - Central African Forest Initiative (CAFI)","robots":{"index":"index","follow":"follow","max-snippet":"max-snippet:-1","max-image-preview":"max-image-preview:large","max-video-preview":"max-video-preview:-1"},"canonical":"https:\/\/cafi.org\/fr\/ce-que-nous-faisons\/comment-nous-travaillons\/dialogue-politique\/","og_locale":"fr_FR","og_type":"article","og_title":"Dialogue politique - Central African Forest Initiative (CAFI)","og_url":"https:\/\/cafi.org\/fr\/ce-que-nous-faisons\/comment-nous-travaillons\/dialogue-politique\/","og_site_name":"Central African Forest Initiative (CAFI)","article_modified_time":"2026-02-25T16:58:53+00:00","og_image":[{"width":1416,"height":481,"url":"https:\/\/cafi.org\/app\/uploads\/2025\/02\/pexels-divinetechygirl-1181396-1.png","type":"image\/png"}],"twitter_card":"summary_large_image","twitter_misc":{"Est. reading time":"1 minute"},"schema":{"@context":"https:\/\/schema.org","@graph":[{"@type":"WebPage","@id":"https:\/\/cafi.org\/fr\/ce-que-nous-faisons\/comment-nous-travaillons\/dialogue-politique\/","url":"https:\/\/cafi.org\/fr\/ce-que-nous-faisons\/comment-nous-travaillons\/dialogue-politique\/","name":"Dialogue politique - Central African Forest Initiative (CAFI)","isPartOf":{"@id":"https:\/\/cafi.org\/#website"},"primaryImageOfPage":{"@id":"https:\/\/cafi.org\/fr\/ce-que-nous-faisons\/comment-nous-travaillons\/dialogue-politique\/#primaryimage"},"image":{"@id":"https:\/\/cafi.org\/fr\/ce-que-nous-faisons\/comment-nous-travaillons\/dialogue-politique\/#primaryimage"},"thumbnailUrl":"https:\/\/cafi.org\/app\/uploads\/2025\/02\/pexels-divinetechygirl-1181396-1.png","datePublished":"2025-01-17T11:19:14+00:00","dateModified":"2026-02-25T16:58:53+00:00","breadcrumb":{"@id":"https:\/\/cafi.org\/fr\/ce-que-nous-faisons\/comment-nous-travaillons\/dialogue-politique\/#breadcrumb"},"inLanguage":"fr-FR","potentialAction":[{"@type":"ReadAction","target":["https:\/\/cafi.org\/fr\/ce-que-nous-faisons\/comment-nous-travaillons\/dialogue-politique\/"]}]},{"@type":"ImageObject","inLanguage":"fr-FR","@id":"https:\/\/cafi.org\/fr\/ce-que-nous-faisons\/comment-nous-travaillons\/dialogue-politique\/#primaryimage","url":"https:\/\/cafi.org\/app\/uploads\/2025\/02\/pexels-divinetechygirl-1181396-1.png","contentUrl":"https:\/\/cafi.org\/app\/uploads\/2025\/02\/pexels-divinetechygirl-1181396-1.png","width":1416,"height":481},{"@type":"BreadcrumbList","@id":"https:\/\/cafi.org\/fr\/ce-que-nous-faisons\/comment-nous-travaillons\/dialogue-politique\/#breadcrumb","itemListElement":[{"@type":"ListItem","position":1,"name":"Home","item":"https:\/\/cafi.org\/fr\/"},{"@type":"ListItem","position":2,"name":"Ce que nous faisons","item":"https:\/\/cafi.org\/fr\/ce-que-nous-faisons\/"},{"@type":"ListItem","position":3,"name":"Comment nous travaillons","item":"https:\/\/cafi.org\/fr\/ce-que-nous-faisons\/comment-nous-travaillons\/"},{"@type":"ListItem","position":4,"name":"Dialogue politique"}]},{"@type":"WebSite","@id":"https:\/\/cafi.org\/#website","url":"https:\/\/cafi.org\/","name":"Central African Forest Initiative (CAFI)","description":"","potentialAction":[{"@type":"SearchAction","target":{"@type":"EntryPoint","urlTemplate":"https:\/\/cafi.org\/?s={search_term_string}"},"query-input":{"@type":"PropertyValueSpecification","valueRequired":true,"valueName":"search_term_string"}}],"inLanguage":"fr-FR"}]}},"_links":{"self":[{"href":"https:\/\/cafi.org\/fr\/wp-json\/wp\/v2\/pages\/7704","targetHints":{"allow":["GET"]}}],"collection":[{"href":"https:\/\/cafi.org\/fr\/wp-json\/wp\/v2\/pages"}],"about":[{"href":"https:\/\/cafi.org\/fr\/wp-json\/wp\/v2\/types\/page"}],"author":[{"embeddable":true,"href":"https:\/\/cafi.org\/fr\/wp-json\/wp\/v2\/users\/1"}],"replies":[{"embeddable":true,"href":"https:\/\/cafi.org\/fr\/wp-json\/wp\/v2\/comments?post=7704"}],"version-history":[{"count":3,"href":"https:\/\/cafi.org\/fr\/wp-json\/wp\/v2\/pages\/7704\/revisions"}],"predecessor-version":[{"id":14399,"href":"https:\/\/cafi.org\/fr\/wp-json\/wp\/v2\/pages\/7704\/revisions\/14399"}],"up":[{"embeddable":true,"href":"https:\/\/cafi.org\/fr\/wp-json\/wp\/v2\/pages\/7701"}],"wp:featuredmedia":[{"embeddable":true,"href":"https:\/\/cafi.org\/fr\/wp-json\/wp\/v2\/media\/7216"}],"wp:attachment":[{"href":"https:\/\/cafi.org\/fr\/wp-json\/wp\/v2\/media?parent=7704"}],"curies":[{"name":"wp","href":"https:\/\/api.w.org\/{rel}","templated":true}]}}