{"id":7698,"date":"2025-01-17T11:14:35","date_gmt":"2025-01-17T11:14:35","guid":{"rendered":"https:\/\/cafi.argusservices.in\/conseil-dadministration\/"},"modified":"2025-08-11T06:44:10","modified_gmt":"2025-08-11T06:44:10","slug":"conseil-dadministration","status":"publish","type":"page","link":"https:\/\/cafi.org\/fr\/conseil-dadministration\/","title":{"rendered":"Conseil d&#8217;administration"},"content":{"rendered":"<p>[et_pb_section fb_built=&#8221;1&#8243; admin_label=&#8221;section&#8221; _builder_version=&#8221;4.27.3&#8243; custom_margin=&#8221;0px||0px||false|false&#8221; custom_padding=&#8221;0px||0px||false|false&#8221; da_disable_devices=&#8221;off|off|off&#8221; global_colors_info=&#8221;{}&#8221; da_is_popup=&#8221;off&#8221; da_exit_intent=&#8221;off&#8221; da_has_close=&#8221;on&#8221; da_alt_close=&#8221;off&#8221; da_dark_close=&#8221;off&#8221; da_not_modal=&#8221;on&#8221; da_is_singular=&#8221;off&#8221; da_with_loader=&#8221;off&#8221; da_has_shadow=&#8221;on&#8221;][et_pb_row admin_label=&#8221;rang\u00e9e&#8221; _builder_version=&#8221;4.27.3&#8243; background_size=&#8221;initial&#8221; background_position=&#8221;top_left&#8221; background_repeat=&#8221;repeat&#8221; custom_margin=&#8221;0px||0px||false|false&#8221; custom_padding=&#8221;0px||0px||false|false&#8221; global_colors_info=&#8221;{}&#8221;][et_pb_column type=&#8221;4_4&#8243; _builder_version=&#8221;4.16&#8243; custom_padding=&#8221;|||&#8221; global_colors_info=&#8221;{}&#8221; custom_padding__hover=&#8221;|||&#8221;][et_pb_menu menu_id=&#8221;22&#8243; disabled_on=&#8221;off|off|off&#8221; module_class=&#8221;custom-tab-menu&#8221; _builder_version=&#8221;4.27.3&#8243; _module_preset=&#8221;default&#8221; locked=&#8221;off&#8221; global_colors_info=&#8221;{}&#8221;][\/et_pb_menu][et_pb_text admin_label=&#8221;Executive Board Heading&#8221; _builder_version=&#8221;4.27.3&#8243; _module_preset=&#8221;default&#8221; hover_enabled=&#8221;0&#8243; global_colors_info=&#8221;{}&#8221; sticky_enabled=&#8221;0&#8243;]<\/p>\n<h1>Conseil d&#8217;administration<\/h1>\n<p>[\/et_pb_text][et_pb_text _builder_version=&#8221;4.27.3&#8243; _module_preset=&#8221;default&#8221; hover_enabled=&#8221;0&#8243; global_colors_info=&#8221;{}&#8221; admin_label=&#8221;Executive Board Text&#8221; sticky_enabled=&#8221;0&#8243;]<\/p>\n<p>Le conseil d&#8217;administration (CA) de CAFI est l&#8217;autorit\u00e9 d\u00e9cisionnelle responsable du dialogue politique et de la gestion des fonds. Les <a href=\"https:\/\/cafi.org\/node\/8\">d\u00e9cisions<\/a> sont prises lors de ses r\u00e9unions ou entre les sessions.<\/p>\n<p>Les membres du conseil d&#8217;administration sont<\/p>\n<ul>\n<li>Belgique<\/li>\n<li>Danemark<\/li>\n<li>France<\/li>\n<li>Allemagne<\/li>\n<li>Norv\u00e8ge<\/li>\n<li>Su\u00e8de<\/li>\n<li>l&#8217;Union europ\u00e9enne<\/li>\n<li>Les Pays-Bas<\/li>\n<li>la R\u00e9publique de Cor\u00e9e<\/li>\n<li>le Royaume-Uni (Pr\u00e9sidence actuelle)<\/li>\n<li>les \u00c9tats-Unis (\u00e0 partir de 2023)<\/li>\n<li>Le PNUD, au nom des organisations de mise en \u0153uvre des Nations unies, avec droit de vote sur toutes les questions, \u00e0 l&#8217;exception des d\u00e9cisions relatives \u00e0 l&#8217;affectation des fonds.<\/li>\n<li>Le Fonds fiduciaire multipartenaires des Nations unies (ex-officio).<\/li>\n<\/ul>\n<p>Les observateurs permanents au conseil d&#8217;administration de la CAFI sont<\/p>\n<ul>\n<li>le <a href=\"https:\/\/cafi.org\/node\/www.pfbc-cbfp.org\">partenariat pour les for\u00eats du bassin du Congo<\/a> (PFBC)<\/li>\n<li>l&#8217;Organisation des Nations unies pour l&#8217;alimentation et l&#8217;agriculture (FAO)<\/li>\n<li>la Banque mondiale.<\/li>\n<\/ul>\n<p>Le conseil d&#8217;administration de la CAFI a le pouvoir discr\u00e9tionnaire d&#8217;accorder le statut d&#8217;observateur \u00e0 d&#8217;autres pays ou entit\u00e9s pour participer \u00e0 ses r\u00e9unions, au cas par cas.<\/p>\n<p>[\/et_pb_text][\/et_pb_column][\/et_pb_row][\/et_pb_section]<\/p>\n","protected":false},"excerpt":{"rendered":"<p>Conseil d&#8217;administrationLe conseil d&#8217;administration (CA) de CAFI est l&#8217;autorit\u00e9 d\u00e9cisionnelle responsable du dialogue politique et de la gestion des fonds. Les d\u00e9cisions sont prises lors de ses r\u00e9unions ou entre les sessions. Les membres du conseil d&#8217;administration sont Belgique Danemark France Allemagne Norv\u00e8ge Su\u00e8de l&#8217;Union europ\u00e9enne Les Pays-Bas la R\u00e9publique de Cor\u00e9e le Royaume-Uni (Pr\u00e9sidence&#8230;<\/p>\n","protected":false},"author":1,"featured_media":13278,"parent":0,"menu_order":0,"comment_status":"closed","ping_status":"closed","template":"","meta":{"_acf_changed":false,"_et_pb_use_builder":"on","_et_pb_old_content":"","_et_gb_content_width":"","footnotes":""},"class_list":["post-7698","page","type-page","status-publish","has-post-thumbnail","hentry"],"acf":[],"yoast_head":"<!-- This site is optimized with the Yoast SEO plugin v23.9 - https:\/\/yoast.com\/wordpress\/plugins\/seo\/ -->\n<title>Conseil d&#039;administration - Central African Forest Initiative (CAFI)<\/title>\n<meta name=\"description\" content=\"Le conseil d&#039;administration (CA) de CAFI est l&#039;autorit\u00e9 d\u00e9cisionnelle responsable du dialogue politique et de la gestion des fonds. Les d\u00e9cisions sont prises lors de ses r\u00e9unions ou entre les sessions\" \/>\n<meta name=\"robots\" content=\"index, follow, max-snippet:-1, max-image-preview:large, max-video-preview:-1\" \/>\n<link rel=\"canonical\" href=\"https:\/\/cafi.org\/fr\/conseil-dadministration\/\" \/>\n<meta property=\"og:locale\" content=\"fr_FR\" \/>\n<meta property=\"og:type\" content=\"article\" \/>\n<meta property=\"og:title\" content=\"Conseil d&#039;administration - Central African Forest Initiative (CAFI)\" \/>\n<meta property=\"og:description\" content=\"Le conseil d&#039;administration (CA) de CAFI est l&#039;autorit\u00e9 d\u00e9cisionnelle responsable du dialogue politique et de la gestion des fonds. Les d\u00e9cisions sont prises lors de ses r\u00e9unions ou entre les sessions\" \/>\n<meta property=\"og:url\" content=\"https:\/\/cafi.org\/fr\/conseil-dadministration\/\" \/>\n<meta property=\"og:site_name\" content=\"Central African Forest Initiative (CAFI)\" \/>\n<meta property=\"article:modified_time\" content=\"2025-08-11T06:44:10+00:00\" \/>\n<meta property=\"og:image\" content=\"https:\/\/cafi.org\/app\/uploads\/2025\/02\/pexels-divinetechygirl-1181396-1.png\" \/>\n\t<meta property=\"og:image:width\" content=\"1416\" \/>\n\t<meta property=\"og:image:height\" content=\"481\" \/>\n\t<meta property=\"og:image:type\" content=\"image\/png\" \/>\n<meta name=\"twitter:card\" content=\"summary_large_image\" \/>\n<meta name=\"twitter:label1\" content=\"Est. reading time\" \/>\n\t<meta name=\"twitter:data1\" content=\"2 minutes\" \/>\n<script type=\"application\/ld+json\" class=\"yoast-schema-graph\">{\"@context\":\"https:\/\/schema.org\",\"@graph\":[{\"@type\":\"WebPage\",\"@id\":\"https:\/\/cafi.org\/fr\/conseil-dadministration\/\",\"url\":\"https:\/\/cafi.org\/fr\/conseil-dadministration\/\",\"name\":\"Conseil d'administration - Central African Forest Initiative (CAFI)\",\"isPartOf\":{\"@id\":\"https:\/\/cafi.org\/#website\"},\"primaryImageOfPage\":{\"@id\":\"https:\/\/cafi.org\/fr\/conseil-dadministration\/#primaryimage\"},\"image\":{\"@id\":\"https:\/\/cafi.org\/fr\/conseil-dadministration\/#primaryimage\"},\"thumbnailUrl\":\"https:\/\/cafi.org\/app\/uploads\/2025\/09\/WhatsApp-Image-2024-06-24-at-09.26.59-2.jpeg\",\"datePublished\":\"2025-01-17T11:14:35+00:00\",\"dateModified\":\"2025-08-11T06:44:10+00:00\",\"description\":\"Le conseil d'administration (CA) de CAFI est l'autorit\u00e9 d\u00e9cisionnelle responsable du dialogue politique et de la gestion des fonds. Les d\u00e9cisions sont prises lors de ses r\u00e9unions ou entre les sessions\",\"breadcrumb\":{\"@id\":\"https:\/\/cafi.org\/fr\/conseil-dadministration\/#breadcrumb\"},\"inLanguage\":\"fr-FR\",\"potentialAction\":[{\"@type\":\"ReadAction\",\"target\":[\"https:\/\/cafi.org\/fr\/conseil-dadministration\/\"]}]},{\"@type\":\"ImageObject\",\"inLanguage\":\"fr-FR\",\"@id\":\"https:\/\/cafi.org\/fr\/conseil-dadministration\/#primaryimage\",\"url\":\"https:\/\/cafi.org\/app\/uploads\/2025\/09\/WhatsApp-Image-2024-06-24-at-09.26.59-2.jpeg\",\"contentUrl\":\"https:\/\/cafi.org\/app\/uploads\/2025\/09\/WhatsApp-Image-2024-06-24-at-09.26.59-2.jpeg\",\"width\":1600,\"height\":1200},{\"@type\":\"BreadcrumbList\",\"@id\":\"https:\/\/cafi.org\/fr\/conseil-dadministration\/#breadcrumb\",\"itemListElement\":[{\"@type\":\"ListItem\",\"position\":1,\"name\":\"Home\",\"item\":\"https:\/\/cafi.org\/fr\/\"},{\"@type\":\"ListItem\",\"position\":2,\"name\":\"Conseil d&#8217;administration\"}]},{\"@type\":\"WebSite\",\"@id\":\"https:\/\/cafi.org\/#website\",\"url\":\"https:\/\/cafi.org\/\",\"name\":\"Central African Forest Initiative (CAFI)\",\"description\":\"\",\"potentialAction\":[{\"@type\":\"SearchAction\",\"target\":{\"@type\":\"EntryPoint\",\"urlTemplate\":\"https:\/\/cafi.org\/?s={search_term_string}\"},\"query-input\":{\"@type\":\"PropertyValueSpecification\",\"valueRequired\":true,\"valueName\":\"search_term_string\"}}],\"inLanguage\":\"fr-FR\"}]}<\/script>\n<!-- \/ Yoast SEO plugin. -->","yoast_head_json":{"title":"Conseil d'administration - Central African Forest Initiative (CAFI)","description":"Le conseil d'administration (CA) de CAFI est l'autorit\u00e9 d\u00e9cisionnelle responsable du dialogue politique et de la gestion des fonds. Les d\u00e9cisions sont prises lors de ses r\u00e9unions ou entre les sessions","robots":{"index":"index","follow":"follow","max-snippet":"max-snippet:-1","max-image-preview":"max-image-preview:large","max-video-preview":"max-video-preview:-1"},"canonical":"https:\/\/cafi.org\/fr\/conseil-dadministration\/","og_locale":"fr_FR","og_type":"article","og_title":"Conseil d'administration - Central African Forest Initiative (CAFI)","og_description":"Le conseil d'administration (CA) de CAFI est l'autorit\u00e9 d\u00e9cisionnelle responsable du dialogue politique et de la gestion des fonds. Les d\u00e9cisions sont prises lors de ses r\u00e9unions ou entre les sessions","og_url":"https:\/\/cafi.org\/fr\/conseil-dadministration\/","og_site_name":"Central African Forest Initiative (CAFI)","article_modified_time":"2025-08-11T06:44:10+00:00","og_image":[{"width":1416,"height":481,"url":"https:\/\/cafi.org\/app\/uploads\/2025\/02\/pexels-divinetechygirl-1181396-1.png","type":"image\/png"}],"twitter_card":"summary_large_image","twitter_misc":{"Est. reading time":"2 minutes"},"schema":{"@context":"https:\/\/schema.org","@graph":[{"@type":"WebPage","@id":"https:\/\/cafi.org\/fr\/conseil-dadministration\/","url":"https:\/\/cafi.org\/fr\/conseil-dadministration\/","name":"Conseil d'administration - Central African Forest Initiative (CAFI)","isPartOf":{"@id":"https:\/\/cafi.org\/#website"},"primaryImageOfPage":{"@id":"https:\/\/cafi.org\/fr\/conseil-dadministration\/#primaryimage"},"image":{"@id":"https:\/\/cafi.org\/fr\/conseil-dadministration\/#primaryimage"},"thumbnailUrl":"https:\/\/cafi.org\/app\/uploads\/2025\/09\/WhatsApp-Image-2024-06-24-at-09.26.59-2.jpeg","datePublished":"2025-01-17T11:14:35+00:00","dateModified":"2025-08-11T06:44:10+00:00","description":"Le conseil d'administration (CA) de CAFI est l'autorit\u00e9 d\u00e9cisionnelle responsable du dialogue politique et de la gestion des fonds. Les d\u00e9cisions sont prises lors de ses r\u00e9unions ou entre les sessions","breadcrumb":{"@id":"https:\/\/cafi.org\/fr\/conseil-dadministration\/#breadcrumb"},"inLanguage":"fr-FR","potentialAction":[{"@type":"ReadAction","target":["https:\/\/cafi.org\/fr\/conseil-dadministration\/"]}]},{"@type":"ImageObject","inLanguage":"fr-FR","@id":"https:\/\/cafi.org\/fr\/conseil-dadministration\/#primaryimage","url":"https:\/\/cafi.org\/app\/uploads\/2025\/09\/WhatsApp-Image-2024-06-24-at-09.26.59-2.jpeg","contentUrl":"https:\/\/cafi.org\/app\/uploads\/2025\/09\/WhatsApp-Image-2024-06-24-at-09.26.59-2.jpeg","width":1600,"height":1200},{"@type":"BreadcrumbList","@id":"https:\/\/cafi.org\/fr\/conseil-dadministration\/#breadcrumb","itemListElement":[{"@type":"ListItem","position":1,"name":"Home","item":"https:\/\/cafi.org\/fr\/"},{"@type":"ListItem","position":2,"name":"Conseil d&#8217;administration"}]},{"@type":"WebSite","@id":"https:\/\/cafi.org\/#website","url":"https:\/\/cafi.org\/","name":"Central African Forest Initiative (CAFI)","description":"","potentialAction":[{"@type":"SearchAction","target":{"@type":"EntryPoint","urlTemplate":"https:\/\/cafi.org\/?s={search_term_string}"},"query-input":{"@type":"PropertyValueSpecification","valueRequired":true,"valueName":"search_term_string"}}],"inLanguage":"fr-FR"}]}},"_links":{"self":[{"href":"https:\/\/cafi.org\/fr\/wp-json\/wp\/v2\/pages\/7698","targetHints":{"allow":["GET"]}}],"collection":[{"href":"https:\/\/cafi.org\/fr\/wp-json\/wp\/v2\/pages"}],"about":[{"href":"https:\/\/cafi.org\/fr\/wp-json\/wp\/v2\/types\/page"}],"author":[{"embeddable":true,"href":"https:\/\/cafi.org\/fr\/wp-json\/wp\/v2\/users\/1"}],"replies":[{"embeddable":true,"href":"https:\/\/cafi.org\/fr\/wp-json\/wp\/v2\/comments?post=7698"}],"version-history":[{"count":2,"href":"https:\/\/cafi.org\/fr\/wp-json\/wp\/v2\/pages\/7698\/revisions"}],"predecessor-version":[{"id":7700,"href":"https:\/\/cafi.org\/fr\/wp-json\/wp\/v2\/pages\/7698\/revisions\/7700"}],"wp:featuredmedia":[{"embeddable":true,"href":"https:\/\/cafi.org\/fr\/wp-json\/wp\/v2\/media\/13278"}],"wp:attachment":[{"href":"https:\/\/cafi.org\/fr\/wp-json\/wp\/v2\/media?parent=7698"}],"curies":[{"name":"wp","href":"https:\/\/api.w.org\/{rel}","templated":true}]}}