{"id":7686,"date":"2025-01-17T11:08:03","date_gmt":"2025-01-17T11:08:03","guid":{"rendered":"https:\/\/cafi.argusservices.in\/nos-partenaires\/donateurs\/"},"modified":"2026-02-24T15:34:14","modified_gmt":"2026-02-24T15:34:14","slug":"donateurs","status":"publish","type":"page","link":"https:\/\/cafi.org\/fr\/donateurs\/","title":{"rendered":"Donateurs"},"content":{"rendered":"<p>[et_pb_section fb_built=&#8221;1&#8243; admin_label=&#8221;section&#8221; _builder_version=&#8221;4.27.3&#8243; custom_margin=&#8221;0px||0px||false|false&#8221; custom_padding=&#8221;0px||0px||false|false&#8221; da_disable_devices=&#8221;off|off|off&#8221; global_colors_info=&#8221;{}&#8221; da_is_popup=&#8221;off&#8221; da_exit_intent=&#8221;off&#8221; da_has_close=&#8221;on&#8221; da_alt_close=&#8221;off&#8221; da_dark_close=&#8221;off&#8221; da_not_modal=&#8221;on&#8221; da_is_singular=&#8221;off&#8221; da_with_loader=&#8221;off&#8221; da_has_shadow=&#8221;on&#8221;][et_pb_row admin_label=&#8221;rang\u00e9e&#8221; _builder_version=&#8221;4.27.3&#8243; background_size=&#8221;initial&#8221; background_position=&#8221;top_left&#8221; background_repeat=&#8221;repeat&#8221; custom_margin=&#8221;0px||0px||false|false&#8221; custom_padding=&#8221;0px||0px||false|false&#8221; global_colors_info=&#8221;{}&#8221;][et_pb_column type=&#8221;4_4&#8243; _builder_version=&#8221;4.16&#8243; custom_padding=&#8221;|||&#8221; global_colors_info=&#8221;{}&#8221; custom_padding__hover=&#8221;|||&#8221;][et_pb_menu menu_id=&#8221;19&#8243; disabled_on=&#8221;off|off|off&#8221; module_class=&#8221;custom-tab-menu&#8221; _builder_version=&#8221;4.27.3&#8243; _module_preset=&#8221;default&#8221; custom_margin=&#8221;0px||0px||false|false&#8221; custom_padding=&#8221;0px||30px||false|false&#8221; hover_enabled=&#8221;0&#8243; locked=&#8221;off&#8221; global_colors_info=&#8221;{}&#8221; sticky_enabled=&#8221;0&#8243;][\/et_pb_menu][et_pb_text _builder_version=&#8221;4.27.3&#8243; _module_preset=&#8221;default&#8221; custom_margin=&#8221;0px||0px||false|false&#8221; custom_padding=&#8221;0px||0px||false|false&#8221; hover_enabled=&#8221;0&#8243; global_colors_info=&#8221;{}&#8221; sticky_enabled=&#8221;0&#8243;]<\/p>\n<h1>Donateurs<\/h1>\n<p>[\/et_pb_text][et_pb_text admin_label=&#8221;Donors Paragraph&#8221; _builder_version=&#8221;4.27.3&#8243; _module_preset=&#8221;default&#8221; custom_margin=&#8221;0px||0px||false|false&#8221; custom_padding=&#8221;0px||30px||false|false&#8221; hover_enabled=&#8221;0&#8243; global_colors_info=&#8221;{}&#8221; sticky_enabled=&#8221;0&#8243;]<\/p>\n<p>Dix pays et l&#8217;Union europ\u00e9enne ont sign\u00e9 la <a href=\"https:\/\/cafi.org\/fr\/lhistoire\/\">D\u00e9claration CAFI<\/a>, s&#8217;engageant ainsi \u00ab \u00e0 assurer une meilleure coordination et harmonisation entre eux et \u00e0 mobiliser des ressources pour la mise en \u0153uvre des cadres d&#8217;investissement nationaux \u00e9labor\u00e9s par les pays d&#8217;Afrique centrale \u00bb. Les donateurs se r\u00e9unissent, avec les autres membres du conseil d&#8217;administration et les observateurs, lors des<a href=\"https:\/\/cafi.org\/fr\/centre-des-medias\/evenements\/reunions-du-conseil-dadministration\/\"> r\u00e9unions du Conseil d&#8217;administration de la CAFI<\/a>.<\/p>\n<p>Les contributions peuvent \u00eatre consult\u00e9es sur le portail MPTF <a href=\"https:\/\/mptf.undp.org\/fund\/afi00\">ici<\/a><\/p>\n<p><b><i><em><strong>Les contributeurs au fonds CAFI sont<\/strong><\/em><\/i><\/b><\/p>\n<p>[\/et_pb_text][et_pb_blog post_type=&#8221;cafi_donor&#8221; posts_number=&#8221;12&#8243; use_manual_excerpt=&#8221;off&#8221; show_author=&#8221;off&#8221; show_date=&#8221;off&#8221; show_categories=&#8221;off&#8221; admin_label=&#8221;Donors Logo&#8221; module_class=&#8221;donors-grid &#8221; _builder_version=&#8221;4.27.3&#8243; _dynamic_attributes=&#8221;link_option_url&#8221; _module_preset=&#8221;default&#8221; header_level=&#8221;h6&#8243; link_option_url=&#8221;@ET-DC@eyJkeW5hbWljIjp0cnVlLCJjb250ZW50IjoicG9zdF9tZXRhX2tleSIsInNldHRpbmdzIjp7ImJlZm9yZSI6IiIsImFmdGVyIjoiIiwibWV0YV9rZXkiOiJkb25vcl91cmwiLCJlbmFibGVfaHRtbCI6Im9mZiJ9fQ==@&#8221; custom_css_free_form=&#8221;.et_pb_module.et_pb_posts.donors-grid .entry-featured-image-url { pointer-events: none; }&#8221; global_colors_info=&#8221;{}&#8221;][\/et_pb_blog][\/et_pb_column][\/et_pb_row][\/et_pb_section]<\/p>\n","protected":false},"excerpt":{"rendered":"<p>DonateursDix pays et l&#8217;Union europ\u00e9enne ont sign\u00e9 la D\u00e9claration CAFI, s&#8217;engageant ainsi \u00ab \u00e0 assurer une meilleure coordination et harmonisation entre eux et \u00e0 mobiliser des ressources pour la mise en \u0153uvre des cadres d&#8217;investissement nationaux \u00e9labor\u00e9s par les pays d&#8217;Afrique centrale \u00bb. Les donateurs se r\u00e9unissent, avec les autres membres du conseil d&#8217;administration et&#8230;<\/p>\n","protected":false},"author":1,"featured_media":7338,"parent":0,"menu_order":0,"comment_status":"closed","ping_status":"closed","template":"","meta":{"_acf_changed":false,"_et_pb_use_builder":"on","_et_pb_old_content":"","_et_gb_content_width":"","footnotes":""},"class_list":["post-7686","page","type-page","status-publish","has-post-thumbnail","hentry"],"acf":[],"yoast_head":"<!-- This site is optimized with the Yoast SEO plugin v23.9 - https:\/\/yoast.com\/wordpress\/plugins\/seo\/ -->\n<title>Donateurs - Central African Forest Initiative (CAFI)<\/title>\n<meta name=\"robots\" content=\"index, follow, max-snippet:-1, max-image-preview:large, max-video-preview:-1\" \/>\n<link rel=\"canonical\" href=\"https:\/\/cafi.org\/fr\/donateurs\/\" \/>\n<meta property=\"og:locale\" content=\"fr_FR\" \/>\n<meta property=\"og:type\" content=\"article\" \/>\n<meta property=\"og:title\" content=\"Donateurs - Central African Forest Initiative (CAFI)\" \/>\n<meta property=\"og:url\" content=\"https:\/\/cafi.org\/fr\/donateurs\/\" \/>\n<meta property=\"og:site_name\" content=\"Central African Forest Initiative (CAFI)\" \/>\n<meta property=\"article:modified_time\" content=\"2026-02-24T15:34:14+00:00\" \/>\n<meta property=\"og:image\" content=\"https:\/\/cafi.org\/app\/uploads\/2025\/04\/7czu47y42h_Umma_gumma_Cameroon_c_Klaas_Douwe_B_Dijkstra.jpg\" \/>\n\t<meta property=\"og:image:width\" content=\"1000\" \/>\n\t<meta property=\"og:image:height\" content=\"600\" \/>\n\t<meta property=\"og:image:type\" content=\"image\/jpeg\" \/>\n<meta name=\"twitter:card\" content=\"summary_large_image\" \/>\n<meta name=\"twitter:label1\" content=\"Est. reading time\" \/>\n\t<meta name=\"twitter:data1\" content=\"3 minutes\" \/>\n<script type=\"application\/ld+json\" class=\"yoast-schema-graph\">{\"@context\":\"https:\/\/schema.org\",\"@graph\":[{\"@type\":\"WebPage\",\"@id\":\"https:\/\/cafi.org\/fr\/donateurs\/\",\"url\":\"https:\/\/cafi.org\/fr\/donateurs\/\",\"name\":\"Donateurs - Central African Forest Initiative (CAFI)\",\"isPartOf\":{\"@id\":\"https:\/\/cafi.org\/#website\"},\"primaryImageOfPage\":{\"@id\":\"https:\/\/cafi.org\/fr\/donateurs\/#primaryimage\"},\"image\":{\"@id\":\"https:\/\/cafi.org\/fr\/donateurs\/#primaryimage\"},\"thumbnailUrl\":\"https:\/\/cafi.org\/app\/uploads\/2025\/04\/7czu47y42h_Umma_gumma_Cameroon_c_Klaas_Douwe_B_Dijkstra.jpg\",\"datePublished\":\"2025-01-17T11:08:03+00:00\",\"dateModified\":\"2026-02-24T15:34:14+00:00\",\"breadcrumb\":{\"@id\":\"https:\/\/cafi.org\/fr\/donateurs\/#breadcrumb\"},\"inLanguage\":\"fr-FR\",\"potentialAction\":[{\"@type\":\"ReadAction\",\"target\":[\"https:\/\/cafi.org\/fr\/donateurs\/\"]}]},{\"@type\":\"ImageObject\",\"inLanguage\":\"fr-FR\",\"@id\":\"https:\/\/cafi.org\/fr\/donateurs\/#primaryimage\",\"url\":\"https:\/\/cafi.org\/app\/uploads\/2025\/04\/7czu47y42h_Umma_gumma_Cameroon_c_Klaas_Douwe_B_Dijkstra.jpg\",\"contentUrl\":\"https:\/\/cafi.org\/app\/uploads\/2025\/04\/7czu47y42h_Umma_gumma_Cameroon_c_Klaas_Douwe_B_Dijkstra.jpg\",\"width\":1000,\"height\":600,\"caption\":\"Dragonfly - Cameroon - C Klaaas Douwe B Dijkstra\"},{\"@type\":\"BreadcrumbList\",\"@id\":\"https:\/\/cafi.org\/fr\/donateurs\/#breadcrumb\",\"itemListElement\":[{\"@type\":\"ListItem\",\"position\":1,\"name\":\"Home\",\"item\":\"https:\/\/cafi.org\/fr\/\"},{\"@type\":\"ListItem\",\"position\":2,\"name\":\"Donateurs\"}]},{\"@type\":\"WebSite\",\"@id\":\"https:\/\/cafi.org\/#website\",\"url\":\"https:\/\/cafi.org\/\",\"name\":\"Central African Forest Initiative (CAFI)\",\"description\":\"\",\"potentialAction\":[{\"@type\":\"SearchAction\",\"target\":{\"@type\":\"EntryPoint\",\"urlTemplate\":\"https:\/\/cafi.org\/?s={search_term_string}\"},\"query-input\":{\"@type\":\"PropertyValueSpecification\",\"valueRequired\":true,\"valueName\":\"search_term_string\"}}],\"inLanguage\":\"fr-FR\"}]}<\/script>\n<!-- \/ Yoast SEO plugin. -->","yoast_head_json":{"title":"Donateurs - Central African Forest Initiative (CAFI)","robots":{"index":"index","follow":"follow","max-snippet":"max-snippet:-1","max-image-preview":"max-image-preview:large","max-video-preview":"max-video-preview:-1"},"canonical":"https:\/\/cafi.org\/fr\/donateurs\/","og_locale":"fr_FR","og_type":"article","og_title":"Donateurs - Central African Forest Initiative (CAFI)","og_url":"https:\/\/cafi.org\/fr\/donateurs\/","og_site_name":"Central African Forest Initiative (CAFI)","article_modified_time":"2026-02-24T15:34:14+00:00","og_image":[{"width":1000,"height":600,"url":"https:\/\/cafi.org\/app\/uploads\/2025\/04\/7czu47y42h_Umma_gumma_Cameroon_c_Klaas_Douwe_B_Dijkstra.jpg","type":"image\/jpeg"}],"twitter_card":"summary_large_image","twitter_misc":{"Est. reading time":"3 minutes"},"schema":{"@context":"https:\/\/schema.org","@graph":[{"@type":"WebPage","@id":"https:\/\/cafi.org\/fr\/donateurs\/","url":"https:\/\/cafi.org\/fr\/donateurs\/","name":"Donateurs - Central African Forest Initiative (CAFI)","isPartOf":{"@id":"https:\/\/cafi.org\/#website"},"primaryImageOfPage":{"@id":"https:\/\/cafi.org\/fr\/donateurs\/#primaryimage"},"image":{"@id":"https:\/\/cafi.org\/fr\/donateurs\/#primaryimage"},"thumbnailUrl":"https:\/\/cafi.org\/app\/uploads\/2025\/04\/7czu47y42h_Umma_gumma_Cameroon_c_Klaas_Douwe_B_Dijkstra.jpg","datePublished":"2025-01-17T11:08:03+00:00","dateModified":"2026-02-24T15:34:14+00:00","breadcrumb":{"@id":"https:\/\/cafi.org\/fr\/donateurs\/#breadcrumb"},"inLanguage":"fr-FR","potentialAction":[{"@type":"ReadAction","target":["https:\/\/cafi.org\/fr\/donateurs\/"]}]},{"@type":"ImageObject","inLanguage":"fr-FR","@id":"https:\/\/cafi.org\/fr\/donateurs\/#primaryimage","url":"https:\/\/cafi.org\/app\/uploads\/2025\/04\/7czu47y42h_Umma_gumma_Cameroon_c_Klaas_Douwe_B_Dijkstra.jpg","contentUrl":"https:\/\/cafi.org\/app\/uploads\/2025\/04\/7czu47y42h_Umma_gumma_Cameroon_c_Klaas_Douwe_B_Dijkstra.jpg","width":1000,"height":600,"caption":"Dragonfly - Cameroon - C Klaaas Douwe B Dijkstra"},{"@type":"BreadcrumbList","@id":"https:\/\/cafi.org\/fr\/donateurs\/#breadcrumb","itemListElement":[{"@type":"ListItem","position":1,"name":"Home","item":"https:\/\/cafi.org\/fr\/"},{"@type":"ListItem","position":2,"name":"Donateurs"}]},{"@type":"WebSite","@id":"https:\/\/cafi.org\/#website","url":"https:\/\/cafi.org\/","name":"Central African Forest Initiative (CAFI)","description":"","potentialAction":[{"@type":"SearchAction","target":{"@type":"EntryPoint","urlTemplate":"https:\/\/cafi.org\/?s={search_term_string}"},"query-input":{"@type":"PropertyValueSpecification","valueRequired":true,"valueName":"search_term_string"}}],"inLanguage":"fr-FR"}]}},"_links":{"self":[{"href":"https:\/\/cafi.org\/fr\/wp-json\/wp\/v2\/pages\/7686","targetHints":{"allow":["GET"]}}],"collection":[{"href":"https:\/\/cafi.org\/fr\/wp-json\/wp\/v2\/pages"}],"about":[{"href":"https:\/\/cafi.org\/fr\/wp-json\/wp\/v2\/types\/page"}],"author":[{"embeddable":true,"href":"https:\/\/cafi.org\/fr\/wp-json\/wp\/v2\/users\/1"}],"replies":[{"embeddable":true,"href":"https:\/\/cafi.org\/fr\/wp-json\/wp\/v2\/comments?post=7686"}],"version-history":[{"count":4,"href":"https:\/\/cafi.org\/fr\/wp-json\/wp\/v2\/pages\/7686\/revisions"}],"predecessor-version":[{"id":14386,"href":"https:\/\/cafi.org\/fr\/wp-json\/wp\/v2\/pages\/7686\/revisions\/14386"}],"wp:featuredmedia":[{"embeddable":true,"href":"https:\/\/cafi.org\/fr\/wp-json\/wp\/v2\/media\/7338"}],"wp:attachment":[{"href":"https:\/\/cafi.org\/fr\/wp-json\/wp\/v2\/media?parent=7686"}],"curies":[{"name":"wp","href":"https:\/\/api.w.org\/{rel}","templated":true}]}}