{"id":7677,"date":"2025-01-13T12:51:25","date_gmt":"2025-01-13T12:51:25","guid":{"rendered":"https:\/\/cafi.argusservices.in\/vue-densemble-du-cafi\/"},"modified":"2025-12-05T16:40:42","modified_gmt":"2025-12-05T16:40:42","slug":"vue-densemble-du-cafi","status":"publish","type":"page","link":"https:\/\/cafi.org\/fr\/vue-densemble-du-cafi\/","title":{"rendered":"Vue d&#8217;ensemble de CAFI"},"content":{"rendered":"<p>[et_pb_section fb_built=&#8221;1&#8243; admin_label=&#8221;section&#8221; _builder_version=&#8221;4.27.3&#8243; custom_padding=&#8221;0px||0px||false|false&#8221; da_disable_devices=&#8221;off|off|off&#8221; global_colors_info=&#8221;{}&#8221; da_is_popup=&#8221;off&#8221; da_exit_intent=&#8221;off&#8221; da_has_close=&#8221;on&#8221; da_alt_close=&#8221;off&#8221; da_dark_close=&#8221;off&#8221; da_not_modal=&#8221;on&#8221; da_is_singular=&#8221;off&#8221; da_with_loader=&#8221;off&#8221; da_has_shadow=&#8221;on&#8221;][et_pb_row admin_label=&#8221;rang\u00e9e&#8221; _builder_version=&#8221;4.27.3&#8243; background_size=&#8221;initial&#8221; background_position=&#8221;top_left&#8221; background_repeat=&#8221;repeat&#8221; custom_padding=&#8221;0px||0px||false|false&#8221; global_colors_info=&#8221;{}&#8221;][et_pb_column type=&#8221;4_4&#8243; _builder_version=&#8221;4.16&#8243; custom_padding=&#8221;|||&#8221; global_colors_info=&#8221;{}&#8221; custom_padding__hover=&#8221;|||&#8221;][et_pb_menu menu_id=&#8221;20&#8243; disabled_on=&#8221;off|off|off&#8221; module_class=&#8221;custom-tab-menu&#8221; _builder_version=&#8221;4.27.3&#8243; _module_preset=&#8221;default&#8221; locked=&#8221;off&#8221; global_colors_info=&#8221;{}&#8221;][\/et_pb_menu][et_pb_text admin_label=&#8221;CAFI Overview Heading&#8221; _builder_version=&#8221;4.27.3&#8243; _module_preset=&#8221;default&#8221; custom_margin=&#8221;0px||0px||false|false&#8221; custom_padding=&#8221;0px||0px||false|false&#8221; global_colors_info=&#8221;{}&#8221;]<\/p>\n<h1>Vue d&#8217;ensemble de CAFI<\/h1>\n<p>[\/et_pb_text][et_pb_text admin_label=&#8221;CAFI Overview Text&#8221; _builder_version=&#8221;4.27.3&#8243; _module_preset=&#8221;default&#8221; custom_margin=&#8221;0px||0px||false|false&#8221; custom_padding=&#8221;0px||0px||false|false&#8221; global_colors_info=&#8221;{}&#8221;]<\/p>\n<p>Established in 2015, CAFI is a partnership between donor countries, six Central African countries and other stakeholders to curb forest loss. CAFI operates as both a Trust Fund and political platform, supporting National Investment Frameworks through performance-based funding and high-level policy dialogue. It promotes coordinated donor support, cross-sector reforms, and inclusive participation to drive sustainable development and forest protection across Central Africa.<\/p>\n<p>[\/et_pb_text][et_pb_text admin_label=&#8221;How we work&#8221; _builder_version=&#8221;4.27.3&#8243; _module_preset=&#8221;default&#8221; custom_padding=&#8221;30px||0px||false|false&#8221; global_colors_info=&#8221;{}&#8221;]<\/p>\n<h1>Comment nous travaillons<\/h1>\n<p><strong>Le CAFI collabore avec ses pays partenaires \u00e0 travers une s\u00e9rie de phases<\/strong><\/p>\n<ol>\n<li>Les pays partenaires \u00e9laborent et pr\u00e9sentent leurs cadres d&#8217;investissement nationaux, en s&#8217;attaquant \u00e0 tous les moteurs de la d\u00e9forestation et de la d\u00e9gradation des for\u00eats.<\/li>\n<li>\u00c0 la suite d&#8217;un examen du cadre national d&#8217;investissement, le conseil d&#8217;administration (CE) de la CAFI accepte de soutenir certaines r\u00e9formes politiques et certains programmes \u00e0 grande \u00e9chelle.<\/li>\n<li>Par le biais d&#8217;une lettre d&#8217;intention (comme celles conclues avec la RDC, le Gabon et la R\u00e9publique du Congo), le conseil d&#8217;administration du CAFI et le gouvernement du pays partenaire, repr\u00e9sent\u00e9 par une institution gouvernementale dot\u00e9e d&#8217;un mandat de coordination interminist\u00e9rielle, conviennent d&#8217;objectifs et de cibles assortis de d\u00e9lais en mati\u00e8re de r\u00e9forme politique et de performance programmatique (appel\u00e9s &#8220;jalons&#8221;). Ils acceptent \u00e9galement le soutien financier correspondant de CAFI, dont une partie (appel\u00e9e tranche) d\u00e9pend des progr\u00e8s accomplis dans la r\u00e9alisation des objectifs.<\/li>\n<li>Les pays partenaires \u00e9laborent et mettent en \u0153uvre des programmes visant \u00e0 atteindre les objectifs fix\u00e9s dans la lettre d&#8217;intention, avec le soutien d&#8217;organisations de mise en \u0153uvre.<\/li>\n<li>Tout au long du processus, CAFI entretient un dialogue politique de haut niveau avec le gouvernement des pays partenaires.<\/li>\n<\/ol>\n<p>[\/et_pb_text][et_pb_image src=&#8221;https:\/\/cafi.org\/app\/uploads\/2025\/02\/CAFI-overview-steps.png&#8221; title_text=&#8221;CAFI - Aper\u00e7u des \u00e9tapes&#8221; align=&#8221;center&#8221; admin_label=&#8221;Infographic&#8221; _builder_version=&#8221;4.27.3&#8243; _module_preset=&#8221;default&#8221; max_width=&#8221;100%&#8221; custom_padding=&#8221;0px||0px||false|false&#8221; global_colors_info=&#8221;{}&#8221;][\/et_pb_image][et_pb_text admin_label=&#8221;Transparency and accountability&#8221; _builder_version=&#8221;4.27.3&#8243; _module_preset=&#8221;default&#8221; global_colors_info=&#8221;{}&#8221;]<\/p>\n<h4>Transparence et responsabilit\u00e9<\/h4>\n<p>La CAFI reconna\u00eet l&#8217;importance de la transparence et de la responsabilit\u00e9 dans tous les aspects de ses activit\u00e9s et r\u00e9affirme son engagement \u00e0 cet \u00e9gard dans le cadre de l&#8217;accomplissement de son mandat. La CAFI garantit la plus grande transparence dans toutes ses activit\u00e9s par la diffusion efficace d&#8217;informations aux parties prenantes et au grand public. L&#8217;annexe 1 du manuel d&#8217;op\u00e9rations de la CAFI d\u00e9crit sa politique de divulgation des informations, par laquelle la CAFI reconna\u00eet la n\u00e9cessit\u00e9 de garantir l&#8217;acc\u00e8s du public et la participation des parties prenantes dans l&#8217;accomplissement de son r\u00f4le.<\/p>\n<p>Toute personne affect\u00e9e n\u00e9gativement ou impact\u00e9e par un programme financ\u00e9 par le Fonds peut d\u00e9poser une plainte. Le m\u00e9canisme de gestion des plaintes de CAFI est fond\u00e9 sur les principes de subsidiarit\u00e9, de l\u00e9gitimit\u00e9, d&#8217;accessibilit\u00e9, de pr\u00e9visibilit\u00e9 et de transparence, et est d\u00e9crit \u00e0 l&#8217;annexe 2 du manuel d&#8217;op\u00e9rations de CAFI. La protection des d\u00e9nonciateurs est pr\u00e9vue \u00e0 l&#8217;annexe 3 du manuel d&#8217;op\u00e9rations de la CAFI et d\u00e9taill\u00e9e ici.<\/p>\n<p>[\/et_pb_text][et_pb_text admin_label=&#8221;Governance and Management&#8221; _builder_version=&#8221;4.27.3&#8243; _module_preset=&#8221;default&#8221; global_colors_info=&#8221;{}&#8221;]<\/p>\n<h4>Gouvernance et gestion<\/h4>\n<ul>\n<li>Le conseil d&#8217;administration, soutenu par le secr\u00e9tariat de la CAFI, est responsable de la coordination du partenariat avec les pays partenaires de la CAFI et des d\u00e9cisions concernant l&#8217;allocation des ressources du Fonds de la CAFI.<\/li>\n<li>Le Bureau du Fonds fiduciaire multipartenaires est responsable de l&#8217;administration du Fonds CAFI.<br \/>Les organisations de mise en \u0153uvre (agences des Nations unies, Banque mondiale, Coop\u00e9ration internationale, etc.<\/li>\n<li>et les organisations non gouvernementales internationales) et les gouvernements nationaux mettent en \u0153uvre des activit\u00e9s.<\/li>\n<\/ul>\n<p>Toute personne affect\u00e9e n\u00e9gativement ou impact\u00e9e par un programme financ\u00e9 par le Fonds peut d\u00e9poser une plainte. Le m\u00e9canisme de gestion des plaintes de CAFI est fond\u00e9 sur les principes de subsidiarit\u00e9, de l\u00e9gitimit\u00e9, d&#8217;accessibilit\u00e9, de pr\u00e9visibilit\u00e9 et de transparence, et est d\u00e9crit \u00e0 l&#8217;annexe 2 du manuel d&#8217;op\u00e9rations de CAFI. La protection des d\u00e9nonciateurs est pr\u00e9vue \u00e0 l&#8217;annexe 3 du manuel d&#8217;op\u00e9rations de la CAFI et d\u00e9taill\u00e9e ici.<\/p>\n<p>[\/et_pb_text][et_pb_image src=&#8221;https:\/\/cafi.org\/app\/uploads\/2025\/02\/Governance_Management.png&#8221; title_text=&#8221;Gouvernance_Gestion&#8221; align=&#8221;center&#8221; admin_label=&#8221;infographic&#8221; _builder_version=&#8221;4.27.3&#8243; _module_preset=&#8221;default&#8221; max_width=&#8221;100%&#8221; global_colors_info=&#8221;{}&#8221;][\/et_pb_image][\/et_pb_column][\/et_pb_row][\/et_pb_section]<\/p>\n","protected":false},"excerpt":{"rendered":"<p>Vue d&#8217;ensemble de CAFIEstablished in 2015, CAFI is a partnership between donor countries, six Central African countries and other stakeholders to curb forest loss. CAFI operates as both a Trust Fund and political platform, supporting National Investment Frameworks through performance-based funding and high-level policy dialogue. It promotes coordinated donor support, cross-sector reforms, and inclusive participation&#8230;<\/p>\n","protected":false},"author":1,"featured_media":7210,"parent":0,"menu_order":0,"comment_status":"closed","ping_status":"closed","template":"","meta":{"_acf_changed":false,"_et_pb_use_builder":"on","_et_pb_old_content":"","_et_gb_content_width":"","footnotes":""},"class_list":["post-7677","page","type-page","status-publish","has-post-thumbnail","hentry"],"acf":[],"yoast_head":"<!-- This site is optimized with the Yoast SEO plugin v23.9 - https:\/\/yoast.com\/wordpress\/plugins\/seo\/ -->\n<title>Vue d&#039;ensemble de CAFI - Central African Forest Initiative (CAFI)<\/title>\n<meta name=\"robots\" content=\"index, follow, max-snippet:-1, max-image-preview:large, max-video-preview:-1\" \/>\n<link rel=\"canonical\" href=\"https:\/\/cafi.org\/fr\/vue-densemble-du-cafi\/\" \/>\n<meta property=\"og:locale\" content=\"fr_FR\" \/>\n<meta property=\"og:type\" content=\"article\" \/>\n<meta property=\"og:title\" content=\"Vue d&#039;ensemble de CAFI - Central African Forest Initiative (CAFI)\" \/>\n<meta property=\"og:url\" content=\"https:\/\/cafi.org\/fr\/vue-densemble-du-cafi\/\" \/>\n<meta property=\"og:site_name\" content=\"Central African Forest Initiative (CAFI)\" \/>\n<meta property=\"article:modified_time\" content=\"2025-12-05T16:40:42+00:00\" \/>\n<meta property=\"og:image\" content=\"https:\/\/cafi.org\/app\/uploads\/2025\/01\/republicofcongo-scaled.jpg\" \/>\n\t<meta property=\"og:image:width\" content=\"2560\" \/>\n\t<meta property=\"og:image:height\" content=\"1705\" \/>\n\t<meta property=\"og:image:type\" content=\"image\/jpeg\" \/>\n<meta name=\"twitter:card\" content=\"summary_large_image\" \/>\n<meta name=\"twitter:label1\" content=\"Est. reading time\" \/>\n\t<meta name=\"twitter:data1\" content=\"4 minutes\" \/>\n<script type=\"application\/ld+json\" class=\"yoast-schema-graph\">{\"@context\":\"https:\/\/schema.org\",\"@graph\":[{\"@type\":\"WebPage\",\"@id\":\"https:\/\/cafi.org\/fr\/vue-densemble-du-cafi\/\",\"url\":\"https:\/\/cafi.org\/fr\/vue-densemble-du-cafi\/\",\"name\":\"Vue d'ensemble de CAFI - Central African Forest Initiative (CAFI)\",\"isPartOf\":{\"@id\":\"https:\/\/cafi.org\/#website\"},\"primaryImageOfPage\":{\"@id\":\"https:\/\/cafi.org\/fr\/vue-densemble-du-cafi\/#primaryimage\"},\"image\":{\"@id\":\"https:\/\/cafi.org\/fr\/vue-densemble-du-cafi\/#primaryimage\"},\"thumbnailUrl\":\"https:\/\/cafi.org\/app\/uploads\/2025\/01\/republicofcongo-scaled.jpg\",\"datePublished\":\"2025-01-13T12:51:25+00:00\",\"dateModified\":\"2025-12-05T16:40:42+00:00\",\"breadcrumb\":{\"@id\":\"https:\/\/cafi.org\/fr\/vue-densemble-du-cafi\/#breadcrumb\"},\"inLanguage\":\"fr-FR\",\"potentialAction\":[{\"@type\":\"ReadAction\",\"target\":[\"https:\/\/cafi.org\/fr\/vue-densemble-du-cafi\/\"]}]},{\"@type\":\"ImageObject\",\"inLanguage\":\"fr-FR\",\"@id\":\"https:\/\/cafi.org\/fr\/vue-densemble-du-cafi\/#primaryimage\",\"url\":\"https:\/\/cafi.org\/app\/uploads\/2025\/01\/republicofcongo-scaled.jpg\",\"contentUrl\":\"https:\/\/cafi.org\/app\/uploads\/2025\/01\/republicofcongo-scaled.jpg\",\"width\":2560,\"height\":1705},{\"@type\":\"BreadcrumbList\",\"@id\":\"https:\/\/cafi.org\/fr\/vue-densemble-du-cafi\/#breadcrumb\",\"itemListElement\":[{\"@type\":\"ListItem\",\"position\":1,\"name\":\"Home\",\"item\":\"https:\/\/cafi.org\/fr\/\"},{\"@type\":\"ListItem\",\"position\":2,\"name\":\"Vue d&#8217;ensemble de CAFI\"}]},{\"@type\":\"WebSite\",\"@id\":\"https:\/\/cafi.org\/#website\",\"url\":\"https:\/\/cafi.org\/\",\"name\":\"Central African Forest Initiative (CAFI)\",\"description\":\"\",\"potentialAction\":[{\"@type\":\"SearchAction\",\"target\":{\"@type\":\"EntryPoint\",\"urlTemplate\":\"https:\/\/cafi.org\/?s={search_term_string}\"},\"query-input\":{\"@type\":\"PropertyValueSpecification\",\"valueRequired\":true,\"valueName\":\"search_term_string\"}}],\"inLanguage\":\"fr-FR\"}]}<\/script>\n<!-- \/ Yoast SEO plugin. -->","yoast_head_json":{"title":"Vue d'ensemble de CAFI - Central African Forest Initiative (CAFI)","robots":{"index":"index","follow":"follow","max-snippet":"max-snippet:-1","max-image-preview":"max-image-preview:large","max-video-preview":"max-video-preview:-1"},"canonical":"https:\/\/cafi.org\/fr\/vue-densemble-du-cafi\/","og_locale":"fr_FR","og_type":"article","og_title":"Vue d'ensemble de CAFI - Central African Forest Initiative (CAFI)","og_url":"https:\/\/cafi.org\/fr\/vue-densemble-du-cafi\/","og_site_name":"Central African Forest Initiative (CAFI)","article_modified_time":"2025-12-05T16:40:42+00:00","og_image":[{"width":2560,"height":1705,"url":"https:\/\/cafi.org\/app\/uploads\/2025\/01\/republicofcongo-scaled.jpg","type":"image\/jpeg"}],"twitter_card":"summary_large_image","twitter_misc":{"Est. reading time":"4 minutes"},"schema":{"@context":"https:\/\/schema.org","@graph":[{"@type":"WebPage","@id":"https:\/\/cafi.org\/fr\/vue-densemble-du-cafi\/","url":"https:\/\/cafi.org\/fr\/vue-densemble-du-cafi\/","name":"Vue d'ensemble de CAFI - Central African Forest Initiative (CAFI)","isPartOf":{"@id":"https:\/\/cafi.org\/#website"},"primaryImageOfPage":{"@id":"https:\/\/cafi.org\/fr\/vue-densemble-du-cafi\/#primaryimage"},"image":{"@id":"https:\/\/cafi.org\/fr\/vue-densemble-du-cafi\/#primaryimage"},"thumbnailUrl":"https:\/\/cafi.org\/app\/uploads\/2025\/01\/republicofcongo-scaled.jpg","datePublished":"2025-01-13T12:51:25+00:00","dateModified":"2025-12-05T16:40:42+00:00","breadcrumb":{"@id":"https:\/\/cafi.org\/fr\/vue-densemble-du-cafi\/#breadcrumb"},"inLanguage":"fr-FR","potentialAction":[{"@type":"ReadAction","target":["https:\/\/cafi.org\/fr\/vue-densemble-du-cafi\/"]}]},{"@type":"ImageObject","inLanguage":"fr-FR","@id":"https:\/\/cafi.org\/fr\/vue-densemble-du-cafi\/#primaryimage","url":"https:\/\/cafi.org\/app\/uploads\/2025\/01\/republicofcongo-scaled.jpg","contentUrl":"https:\/\/cafi.org\/app\/uploads\/2025\/01\/republicofcongo-scaled.jpg","width":2560,"height":1705},{"@type":"BreadcrumbList","@id":"https:\/\/cafi.org\/fr\/vue-densemble-du-cafi\/#breadcrumb","itemListElement":[{"@type":"ListItem","position":1,"name":"Home","item":"https:\/\/cafi.org\/fr\/"},{"@type":"ListItem","position":2,"name":"Vue d&#8217;ensemble de CAFI"}]},{"@type":"WebSite","@id":"https:\/\/cafi.org\/#website","url":"https:\/\/cafi.org\/","name":"Central African Forest Initiative (CAFI)","description":"","potentialAction":[{"@type":"SearchAction","target":{"@type":"EntryPoint","urlTemplate":"https:\/\/cafi.org\/?s={search_term_string}"},"query-input":{"@type":"PropertyValueSpecification","valueRequired":true,"valueName":"search_term_string"}}],"inLanguage":"fr-FR"}]}},"_links":{"self":[{"href":"https:\/\/cafi.org\/fr\/wp-json\/wp\/v2\/pages\/7677","targetHints":{"allow":["GET"]}}],"collection":[{"href":"https:\/\/cafi.org\/fr\/wp-json\/wp\/v2\/pages"}],"about":[{"href":"https:\/\/cafi.org\/fr\/wp-json\/wp\/v2\/types\/page"}],"author":[{"embeddable":true,"href":"https:\/\/cafi.org\/fr\/wp-json\/wp\/v2\/users\/1"}],"replies":[{"embeddable":true,"href":"https:\/\/cafi.org\/fr\/wp-json\/wp\/v2\/comments?post=7677"}],"version-history":[{"count":8,"href":"https:\/\/cafi.org\/fr\/wp-json\/wp\/v2\/pages\/7677\/revisions"}],"predecessor-version":[{"id":13633,"href":"https:\/\/cafi.org\/fr\/wp-json\/wp\/v2\/pages\/7677\/revisions\/13633"}],"wp:featuredmedia":[{"embeddable":true,"href":"https:\/\/cafi.org\/fr\/wp-json\/wp\/v2\/media\/7210"}],"wp:attachment":[{"href":"https:\/\/cafi.org\/fr\/wp-json\/wp\/v2\/media?parent=7677"}],"curies":[{"name":"wp","href":"https:\/\/api.w.org\/{rel}","templated":true}]}}