{"id":7672,"date":"2025-01-17T11:06:49","date_gmt":"2025-01-17T11:06:49","guid":{"rendered":"https:\/\/cafi.argusservices.in\/nos-partenaires\/pays\/"},"modified":"2025-08-11T06:43:57","modified_gmt":"2025-08-11T06:43:57","slug":"pays","status":"publish","type":"page","link":"https:\/\/cafi.org\/fr\/pays\/","title":{"rendered":"Pays"},"content":{"rendered":"<p>[et_pb_section fb_built=&#8221;1&#8243; admin_label=&#8221;section&#8221; _builder_version=&#8221;4.27.3&#8243; custom_margin=&#8221;0px||0px||false|false&#8221; custom_padding=&#8221;0px||0px||false|false&#8221; da_disable_devices=&#8221;off|off|off&#8221; global_colors_info=&#8221;{}&#8221; da_is_popup=&#8221;off&#8221; da_exit_intent=&#8221;off&#8221; da_has_close=&#8221;on&#8221; da_alt_close=&#8221;off&#8221; da_dark_close=&#8221;off&#8221; da_not_modal=&#8221;on&#8221; da_is_singular=&#8221;off&#8221; da_with_loader=&#8221;off&#8221; da_has_shadow=&#8221;on&#8221;][et_pb_row admin_label=&#8221;rang\u00e9e&#8221; module_class=&#8221;projects-grid&#8221; _builder_version=&#8221;4.27.3&#8243; background_size=&#8221;initial&#8221; background_position=&#8221;top_left&#8221; background_repeat=&#8221;repeat&#8221; custom_margin=&#8221;0px||0px||false|false&#8221; custom_padding=&#8221;0px||0px||false|false&#8221; global_colors_info=&#8221;{}&#8221;][et_pb_column type=&#8221;4_4&#8243; _builder_version=&#8221;4.16&#8243; custom_padding=&#8221;|||&#8221; global_colors_info=&#8221;{}&#8221; custom_padding__hover=&#8221;|||&#8221;][et_pb_menu menu_id=&#8221;19&#8243; disabled_on=&#8221;off|off|off&#8221; module_class=&#8221;custom-tab-menu&#8221; _builder_version=&#8221;4.27.3&#8243; _module_preset=&#8221;default&#8221; custom_margin=&#8221;||||false|false&#8221; custom_padding=&#8221;||||false|false&#8221; global_colors_info=&#8221;{}&#8221;][\/et_pb_menu][et_pb_text admin_label=&#8221;Countries Heading&#8221; _builder_version=&#8221;4.27.3&#8243; _module_preset=&#8221;default&#8221; custom_margin=&#8221;0px||0px||false|false&#8221; custom_padding=&#8221;0px||0px||false|false&#8221; global_colors_info=&#8221;{}&#8221;]<\/p>\n<h1>Pays<\/h1>\n<p>[\/et_pb_text][et_pb_text admin_label=&#8221;Countries Paragraph&#8221; _builder_version=&#8221;4.27.3&#8243; _module_preset=&#8221;default&#8221; custom_margin=&#8221;0px||0px||false|false&#8221; custom_padding=&#8221;0px||0px||false|false&#8221; global_colors_info=&#8221;{}&#8221;]<\/p>\n<p>La CAFI a \u00e9t\u00e9 cr\u00e9\u00e9e en 2015 en marge de l&#8217;Assembl\u00e9e g\u00e9n\u00e9rale des Nations unies en tant qu&#8217;initiative de partenariat rassemblant <strong>une coalition de donateurs<\/strong>. Aujourd&#8217;hui, cette coalition comprend les gouvernements de la Belgique, de l&#8217;Union europ\u00e9enne, de la France, de l&#8217;Allemagne, des Pays-Bas, de la Norv\u00e8ge, de la Su\u00e8de, de la R\u00e9publique de Cor\u00e9e, du Royaume-Uni (pr\u00e9sidence actuelle) et des \u00c9tats-Unis. Les <strong>six pays partenaires<\/strong> de CAFI sont la R\u00e9publique centrafricaine, la R\u00e9publique d\u00e9mocratique du Congo (RDC), la R\u00e9publique du Cameroun, la R\u00e9publique du Congo, la R\u00e9publique de Guin\u00e9e \u00e9quatoriale et la R\u00e9publique du Gabon. En outre, CAFI compte parmi ses partenaires un certain nombre d&#8217;<strong>organismes de mise en \u0153uvre<\/strong><strong> <\/strong>et des partenaires Sud-Sud.<\/p>\n<p>[\/et_pb_text][et_pb_blog fullwidth=&#8221;off&#8221; post_type=&#8221;country&#8221; show_author=&#8221;off&#8221; show_date=&#8221;off&#8221; show_categories=&#8221;off&#8221; show_pagination=&#8221;off&#8221; admin_label=&#8221;Countries List&#8221; module_class=&#8221;blog-grid-listing&#8221; _builder_version=&#8221;4.27.3&#8243; _module_preset=&#8221;default&#8221; header_font=&#8221;|300|||||||&#8221; header_text_color=&#8221;#FFFFFF&#8221; global_colors_info=&#8221;{}&#8221;][\/et_pb_blog][\/et_pb_column][\/et_pb_row][\/et_pb_section]<\/p>\n","protected":false},"excerpt":{"rendered":"<p>PaysLa CAFI a \u00e9t\u00e9 cr\u00e9\u00e9e en 2015 en marge de l&#8217;Assembl\u00e9e g\u00e9n\u00e9rale des Nations unies en tant qu&#8217;initiative de partenariat rassemblant une coalition de donateurs. Aujourd&#8217;hui, cette coalition comprend les gouvernements de la Belgique, de l&#8217;Union europ\u00e9enne, de la France, de l&#8217;Allemagne, des Pays-Bas, de la Norv\u00e8ge, de la Su\u00e8de, de la R\u00e9publique de Cor\u00e9e,&#8230;<\/p>\n","protected":false},"author":1,"featured_media":7215,"parent":0,"menu_order":0,"comment_status":"closed","ping_status":"closed","template":"","meta":{"_acf_changed":false,"_et_pb_use_builder":"on","_et_pb_old_content":"","_et_gb_content_width":"","footnotes":""},"class_list":["post-7672","page","type-page","status-publish","has-post-thumbnail","hentry"],"acf":[],"yoast_head":"<!-- This site is optimized with the Yoast SEO plugin v23.9 - https:\/\/yoast.com\/wordpress\/plugins\/seo\/ -->\n<title>Pays - Central African Forest Initiative (CAFI)<\/title>\n<meta name=\"robots\" content=\"index, follow, max-snippet:-1, max-image-preview:large, max-video-preview:-1\" \/>\n<link rel=\"canonical\" href=\"https:\/\/cafi.org\/countries\/\" \/>\n<meta property=\"og:locale\" content=\"fr_FR\" \/>\n<meta property=\"og:type\" content=\"article\" \/>\n<meta property=\"og:title\" content=\"Pays - Central African Forest Initiative (CAFI)\" \/>\n<meta property=\"og:url\" content=\"https:\/\/cafi.org\/countries\/\" \/>\n<meta property=\"og:site_name\" content=\"Central African Forest Initiative (CAFI)\" \/>\n<meta property=\"article:modified_time\" content=\"2025-08-11T06:43:57+00:00\" \/>\n<meta property=\"og:image\" content=\"https:\/\/cafi.org\/app\/uploads\/2025\/02\/image-81.png\" \/>\n\t<meta property=\"og:image:width\" content=\"1416\" \/>\n\t<meta property=\"og:image:height\" content=\"431\" \/>\n\t<meta property=\"og:image:type\" content=\"image\/png\" \/>\n<meta name=\"twitter:card\" content=\"summary_large_image\" \/>\n<meta name=\"twitter:label1\" content=\"Est. reading time\" \/>\n\t<meta name=\"twitter:data1\" content=\"2 minutes\" \/>\n<script type=\"application\/ld+json\" class=\"yoast-schema-graph\">{\"@context\":\"https:\/\/schema.org\",\"@graph\":[{\"@type\":\"WebPage\",\"@id\":\"https:\/\/cafi.org\/countries\/\",\"url\":\"https:\/\/cafi.org\/countries\/\",\"name\":\"Pays - Central African Forest Initiative (CAFI)\",\"isPartOf\":{\"@id\":\"https:\/\/cafi.org\/#website\"},\"primaryImageOfPage\":{\"@id\":\"https:\/\/cafi.org\/countries\/#primaryimage\"},\"image\":{\"@id\":\"https:\/\/cafi.org\/countries\/#primaryimage\"},\"thumbnailUrl\":\"https:\/\/cafi.org\/app\/uploads\/2025\/02\/image-81.png\",\"datePublished\":\"2025-01-17T11:06:49+00:00\",\"dateModified\":\"2025-08-11T06:43:57+00:00\",\"breadcrumb\":{\"@id\":\"https:\/\/cafi.org\/countries\/#breadcrumb\"},\"inLanguage\":\"fr-FR\",\"potentialAction\":[{\"@type\":\"ReadAction\",\"target\":[\"https:\/\/cafi.org\/countries\/\"]}]},{\"@type\":\"ImageObject\",\"inLanguage\":\"fr-FR\",\"@id\":\"https:\/\/cafi.org\/countries\/#primaryimage\",\"url\":\"https:\/\/cafi.org\/app\/uploads\/2025\/02\/image-81.png\",\"contentUrl\":\"https:\/\/cafi.org\/app\/uploads\/2025\/02\/image-81.png\",\"width\":1416,\"height\":431},{\"@type\":\"BreadcrumbList\",\"@id\":\"https:\/\/cafi.org\/countries\/#breadcrumb\",\"itemListElement\":[{\"@type\":\"ListItem\",\"position\":1,\"name\":\"Home\",\"item\":\"https:\/\/cafi.org\/fr\/\"},{\"@type\":\"ListItem\",\"position\":2,\"name\":\"Pays\"}]},{\"@type\":\"WebSite\",\"@id\":\"https:\/\/cafi.org\/#website\",\"url\":\"https:\/\/cafi.org\/\",\"name\":\"Central African Forest Initiative (CAFI)\",\"description\":\"\",\"potentialAction\":[{\"@type\":\"SearchAction\",\"target\":{\"@type\":\"EntryPoint\",\"urlTemplate\":\"https:\/\/cafi.org\/?s={search_term_string}\"},\"query-input\":{\"@type\":\"PropertyValueSpecification\",\"valueRequired\":true,\"valueName\":\"search_term_string\"}}],\"inLanguage\":\"fr-FR\"}]}<\/script>\n<!-- \/ Yoast SEO plugin. -->","yoast_head_json":{"title":"Pays - Central African Forest Initiative (CAFI)","robots":{"index":"index","follow":"follow","max-snippet":"max-snippet:-1","max-image-preview":"max-image-preview:large","max-video-preview":"max-video-preview:-1"},"canonical":"https:\/\/cafi.org\/countries\/","og_locale":"fr_FR","og_type":"article","og_title":"Pays - Central African Forest Initiative (CAFI)","og_url":"https:\/\/cafi.org\/countries\/","og_site_name":"Central African Forest Initiative (CAFI)","article_modified_time":"2025-08-11T06:43:57+00:00","og_image":[{"width":1416,"height":431,"url":"https:\/\/cafi.org\/app\/uploads\/2025\/02\/image-81.png","type":"image\/png"}],"twitter_card":"summary_large_image","twitter_misc":{"Est. reading time":"2 minutes"},"schema":{"@context":"https:\/\/schema.org","@graph":[{"@type":"WebPage","@id":"https:\/\/cafi.org\/countries\/","url":"https:\/\/cafi.org\/countries\/","name":"Pays - Central African Forest Initiative (CAFI)","isPartOf":{"@id":"https:\/\/cafi.org\/#website"},"primaryImageOfPage":{"@id":"https:\/\/cafi.org\/countries\/#primaryimage"},"image":{"@id":"https:\/\/cafi.org\/countries\/#primaryimage"},"thumbnailUrl":"https:\/\/cafi.org\/app\/uploads\/2025\/02\/image-81.png","datePublished":"2025-01-17T11:06:49+00:00","dateModified":"2025-08-11T06:43:57+00:00","breadcrumb":{"@id":"https:\/\/cafi.org\/countries\/#breadcrumb"},"inLanguage":"fr-FR","potentialAction":[{"@type":"ReadAction","target":["https:\/\/cafi.org\/countries\/"]}]},{"@type":"ImageObject","inLanguage":"fr-FR","@id":"https:\/\/cafi.org\/countries\/#primaryimage","url":"https:\/\/cafi.org\/app\/uploads\/2025\/02\/image-81.png","contentUrl":"https:\/\/cafi.org\/app\/uploads\/2025\/02\/image-81.png","width":1416,"height":431},{"@type":"BreadcrumbList","@id":"https:\/\/cafi.org\/countries\/#breadcrumb","itemListElement":[{"@type":"ListItem","position":1,"name":"Home","item":"https:\/\/cafi.org\/fr\/"},{"@type":"ListItem","position":2,"name":"Pays"}]},{"@type":"WebSite","@id":"https:\/\/cafi.org\/#website","url":"https:\/\/cafi.org\/","name":"Central African Forest Initiative (CAFI)","description":"","potentialAction":[{"@type":"SearchAction","target":{"@type":"EntryPoint","urlTemplate":"https:\/\/cafi.org\/?s={search_term_string}"},"query-input":{"@type":"PropertyValueSpecification","valueRequired":true,"valueName":"search_term_string"}}],"inLanguage":"fr-FR"}]}},"_links":{"self":[{"href":"https:\/\/cafi.org\/fr\/wp-json\/wp\/v2\/pages\/7672","targetHints":{"allow":["GET"]}}],"collection":[{"href":"https:\/\/cafi.org\/fr\/wp-json\/wp\/v2\/pages"}],"about":[{"href":"https:\/\/cafi.org\/fr\/wp-json\/wp\/v2\/types\/page"}],"author":[{"embeddable":true,"href":"https:\/\/cafi.org\/fr\/wp-json\/wp\/v2\/users\/1"}],"replies":[{"embeddable":true,"href":"https:\/\/cafi.org\/fr\/wp-json\/wp\/v2\/comments?post=7672"}],"version-history":[{"count":2,"href":"https:\/\/cafi.org\/fr\/wp-json\/wp\/v2\/pages\/7672\/revisions"}],"predecessor-version":[{"id":7674,"href":"https:\/\/cafi.org\/fr\/wp-json\/wp\/v2\/pages\/7672\/revisions\/7674"}],"wp:featuredmedia":[{"embeddable":true,"href":"https:\/\/cafi.org\/fr\/wp-json\/wp\/v2\/media\/7215"}],"wp:attachment":[{"href":"https:\/\/cafi.org\/fr\/wp-json\/wp\/v2\/media?parent=7672"}],"curies":[{"name":"wp","href":"https:\/\/api.w.org\/{rel}","templated":true}]}}