{"id":7662,"date":"2025-01-17T11:03:05","date_gmt":"2025-01-17T11:03:05","guid":{"rendered":"https:\/\/cafi.argusservices.in\/impact-sur-le-developpement\/"},"modified":"2025-08-11T06:43:54","modified_gmt":"2025-08-11T06:43:54","slug":"impact-sur-le-developpement","status":"publish","type":"page","link":"https:\/\/cafi.org\/fr\/ce-que-nous-faisons\/notre-mission\/impact-sur-le-developpement\/","title":{"rendered":"Impact sur le d\u00e9veloppement"},"content":{"rendered":"<p>[et_pb_section fb_built=&#8221;1&#8243; admin_label=&#8221;section&#8221; _builder_version=&#8221;4.27.3&#8243; custom_margin=&#8221;0px||0px||false|false&#8221; custom_padding=&#8221;0px||0px||false|false&#8221; da_disable_devices=&#8221;off|off|off&#8221; global_colors_info=&#8221;{}&#8221; da_is_popup=&#8221;off&#8221; da_exit_intent=&#8221;off&#8221; da_has_close=&#8221;on&#8221; da_alt_close=&#8221;off&#8221; da_dark_close=&#8221;off&#8221; da_not_modal=&#8221;on&#8221; da_is_singular=&#8221;off&#8221; da_with_loader=&#8221;off&#8221; da_has_shadow=&#8221;on&#8221;][et_pb_row admin_label=&#8221;rang\u00e9e&#8221; _builder_version=&#8221;4.27.3&#8243; background_size=&#8221;initial&#8221; background_position=&#8221;top_left&#8221; background_repeat=&#8221;repeat&#8221; custom_margin=&#8221;0px||0px||false|false&#8221; custom_padding=&#8221;0px||0px||false|false&#8221; global_colors_info=&#8221;{}&#8221;][et_pb_column type=&#8221;4_4&#8243; _builder_version=&#8221;4.16&#8243; custom_padding=&#8221;|||&#8221; global_colors_info=&#8221;{}&#8221; custom_padding__hover=&#8221;|||&#8221;][et_pb_menu menu_id=&#8221;23&#8243; disabled_on=&#8221;off|off|off&#8221; module_class=&#8221;custom-tab-menu&#8221; _builder_version=&#8221;4.27.3&#8243; _module_preset=&#8221;default&#8221; locked=&#8221;off&#8221; global_colors_info=&#8221;{}&#8221;][\/et_pb_menu][et_pb_text _builder_version=&#8221;4.27.3&#8243; _module_preset=&#8221;default&#8221; hover_enabled=&#8221;0&#8243; global_colors_info=&#8221;{}&#8221; custom_margin=&#8221;0px||0px||false|false&#8221; custom_padding=&#8221;0px||0px||false|false&#8221; sticky_enabled=&#8221;0&#8243;]<\/p>\n<h1>Impact sur le d\u00e9veloppement<\/h1>\n<p>[\/et_pb_text][et_pb_text _builder_version=&#8221;4.27.3&#8243; _module_preset=&#8221;default&#8221; global_colors_info=&#8221;{}&#8221;]<\/p>\n<p>Contrairement \u00e0 la croyance populaire, le Lorem Ipsum n&#8217;est pas un texte al\u00e9atoire. Il trouve son origine dans un ouvrage de litt\u00e9rature latine classique datant de 45 avant J.-C., ce qui lui conf\u00e8re une anciennet\u00e9 de plus de 2000 ans. Richard McClintock, professeur de latin au Hampden-Sydney College en Virginie, a recherch\u00e9 l&#8217;un des mots latins les plus obscurs, consectetur, dans un passage de Lorem Ipsum, et en parcourant les citations du mot dans la litt\u00e9rature classique, il a d\u00e9couvert la source incontestable. Le Lorem Ipsum est tir\u00e9 des sections 1.10.32 et 1.10.33 du &#8220;de Finibus Bonorum et Malorum&#8221; (Les extr\u00eames du bien et du mal) de Cic\u00e9ron, \u00e9crit en 45 avant J\u00e9sus-Christ. Ce livre est un trait\u00e9 sur la th\u00e9orie de l&#8217;\u00e9thique, tr\u00e8s populaire \u00e0 la Renaissance. La premi\u00e8re ligne de Lorem Ipsum, &#8220;Lorem ipsum dolor sit amet&#8230;&#8221;, provient d&#8217;une ligne de la section 1.10.32.<\/p>\n<p>Le morceau standard de Lorem Ipsum utilis\u00e9 depuis les ann\u00e9es 1500 est reproduit ci-dessous pour les personnes int\u00e9ress\u00e9es. Les sections 1.10.32 et 1.10.33 du &#8220;de Finibus Bonorum et Malorum&#8221; de Cic\u00e9ron sont \u00e9galement reproduites dans leur forme originale exacte, accompagn\u00e9es de versions anglaises tir\u00e9es de la traduction de 1914 de H. Rackham.<\/p>\n<p>[\/et_pb_text][\/et_pb_column][\/et_pb_row][\/et_pb_section]<\/p>\n","protected":false},"excerpt":{"rendered":"<p>Impact sur le d\u00e9veloppementContrairement \u00e0 la croyance populaire, le Lorem Ipsum n&#8217;est pas un texte al\u00e9atoire. Il trouve son origine dans un ouvrage de litt\u00e9rature latine classique datant de 45 avant J.-C., ce qui lui conf\u00e8re une anciennet\u00e9 de plus de 2000 ans. Richard McClintock, professeur de latin au Hampden-Sydney College en Virginie, a recherch\u00e9&#8230;<\/p>\n","protected":false},"author":1,"featured_media":7228,"parent":7671,"menu_order":0,"comment_status":"closed","ping_status":"closed","template":"","meta":{"_acf_changed":false,"_et_pb_use_builder":"on","_et_pb_old_content":"","_et_gb_content_width":"","footnotes":""},"class_list":["post-7662","page","type-page","status-publish","has-post-thumbnail","hentry"],"acf":[],"yoast_head":"<!-- This site is optimized with the Yoast SEO plugin v23.9 - https:\/\/yoast.com\/wordpress\/plugins\/seo\/ -->\n<title>Impact sur le d\u00e9veloppement - Central African Forest Initiative (CAFI)<\/title>\n<meta name=\"robots\" content=\"index, follow, max-snippet:-1, max-image-preview:large, max-video-preview:-1\" \/>\n<link rel=\"canonical\" href=\"https:\/\/cafi.org\/what-we-do\/our-mission\/development-impact\/\" \/>\n<meta property=\"og:locale\" content=\"fr_FR\" \/>\n<meta property=\"og:type\" content=\"article\" \/>\n<meta property=\"og:title\" content=\"Impact sur le d\u00e9veloppement - Central African Forest Initiative (CAFI)\" \/>\n<meta property=\"og:url\" content=\"https:\/\/cafi.org\/what-we-do\/our-mission\/development-impact\/\" \/>\n<meta property=\"og:site_name\" content=\"Central African Forest Initiative (CAFI)\" \/>\n<meta property=\"article:modified_time\" content=\"2025-08-11T06:43:54+00:00\" \/>\n<meta property=\"og:image\" content=\"https:\/\/cafi.org\/app\/uploads\/2025\/02\/photo-1448375240586-882707db888b.jpg\" \/>\n\t<meta property=\"og:image:width\" content=\"2070\" \/>\n\t<meta property=\"og:image:height\" content=\"1380\" \/>\n\t<meta property=\"og:image:type\" content=\"image\/jpeg\" \/>\n<meta name=\"twitter:card\" content=\"summary_large_image\" \/>\n<meta name=\"twitter:label1\" content=\"Est. reading time\" \/>\n\t<meta name=\"twitter:data1\" content=\"2 minutes\" \/>\n<script type=\"application\/ld+json\" class=\"yoast-schema-graph\">{\"@context\":\"https:\/\/schema.org\",\"@graph\":[{\"@type\":\"WebPage\",\"@id\":\"https:\/\/cafi.org\/what-we-do\/our-mission\/development-impact\/\",\"url\":\"https:\/\/cafi.org\/what-we-do\/our-mission\/development-impact\/\",\"name\":\"Impact sur le d\u00e9veloppement - Central African Forest Initiative (CAFI)\",\"isPartOf\":{\"@id\":\"https:\/\/cafi.org\/#website\"},\"primaryImageOfPage\":{\"@id\":\"https:\/\/cafi.org\/what-we-do\/our-mission\/development-impact\/#primaryimage\"},\"image\":{\"@id\":\"https:\/\/cafi.org\/what-we-do\/our-mission\/development-impact\/#primaryimage\"},\"thumbnailUrl\":\"https:\/\/cafi.org\/app\/uploads\/2025\/02\/photo-1448375240586-882707db888b.jpg\",\"datePublished\":\"2025-01-17T11:03:05+00:00\",\"dateModified\":\"2025-08-11T06:43:54+00:00\",\"breadcrumb\":{\"@id\":\"https:\/\/cafi.org\/what-we-do\/our-mission\/development-impact\/#breadcrumb\"},\"inLanguage\":\"fr-FR\",\"potentialAction\":[{\"@type\":\"ReadAction\",\"target\":[\"https:\/\/cafi.org\/what-we-do\/our-mission\/development-impact\/\"]}]},{\"@type\":\"ImageObject\",\"inLanguage\":\"fr-FR\",\"@id\":\"https:\/\/cafi.org\/what-we-do\/our-mission\/development-impact\/#primaryimage\",\"url\":\"https:\/\/cafi.org\/app\/uploads\/2025\/02\/photo-1448375240586-882707db888b.jpg\",\"contentUrl\":\"https:\/\/cafi.org\/app\/uploads\/2025\/02\/photo-1448375240586-882707db888b.jpg\",\"width\":2070,\"height\":1380},{\"@type\":\"BreadcrumbList\",\"@id\":\"https:\/\/cafi.org\/what-we-do\/our-mission\/development-impact\/#breadcrumb\",\"itemListElement\":[{\"@type\":\"ListItem\",\"position\":1,\"name\":\"Home\",\"item\":\"https:\/\/cafi.org\/fr\/\"},{\"@type\":\"ListItem\",\"position\":2,\"name\":\"Ce que nous faisons\",\"item\":\"https:\/\/cafi.org\/fr\/ce-que-nous-faisons\/\"},{\"@type\":\"ListItem\",\"position\":3,\"name\":\"Notre mission\",\"item\":\"https:\/\/cafi.org\/what-we-do\/our-mission\/\"},{\"@type\":\"ListItem\",\"position\":4,\"name\":\"Impact sur le d\u00e9veloppement\"}]},{\"@type\":\"WebSite\",\"@id\":\"https:\/\/cafi.org\/#website\",\"url\":\"https:\/\/cafi.org\/\",\"name\":\"Central African Forest Initiative (CAFI)\",\"description\":\"\",\"potentialAction\":[{\"@type\":\"SearchAction\",\"target\":{\"@type\":\"EntryPoint\",\"urlTemplate\":\"https:\/\/cafi.org\/?s={search_term_string}\"},\"query-input\":{\"@type\":\"PropertyValueSpecification\",\"valueRequired\":true,\"valueName\":\"search_term_string\"}}],\"inLanguage\":\"fr-FR\"}]}<\/script>\n<!-- \/ Yoast SEO plugin. -->","yoast_head_json":{"title":"Impact sur le d\u00e9veloppement - Central African Forest Initiative (CAFI)","robots":{"index":"index","follow":"follow","max-snippet":"max-snippet:-1","max-image-preview":"max-image-preview:large","max-video-preview":"max-video-preview:-1"},"canonical":"https:\/\/cafi.org\/what-we-do\/our-mission\/development-impact\/","og_locale":"fr_FR","og_type":"article","og_title":"Impact sur le d\u00e9veloppement - Central African Forest Initiative (CAFI)","og_url":"https:\/\/cafi.org\/what-we-do\/our-mission\/development-impact\/","og_site_name":"Central African Forest Initiative (CAFI)","article_modified_time":"2025-08-11T06:43:54+00:00","og_image":[{"width":2070,"height":1380,"url":"https:\/\/cafi.org\/app\/uploads\/2025\/02\/photo-1448375240586-882707db888b.jpg","type":"image\/jpeg"}],"twitter_card":"summary_large_image","twitter_misc":{"Est. reading time":"2 minutes"},"schema":{"@context":"https:\/\/schema.org","@graph":[{"@type":"WebPage","@id":"https:\/\/cafi.org\/what-we-do\/our-mission\/development-impact\/","url":"https:\/\/cafi.org\/what-we-do\/our-mission\/development-impact\/","name":"Impact sur le d\u00e9veloppement - Central African Forest Initiative (CAFI)","isPartOf":{"@id":"https:\/\/cafi.org\/#website"},"primaryImageOfPage":{"@id":"https:\/\/cafi.org\/what-we-do\/our-mission\/development-impact\/#primaryimage"},"image":{"@id":"https:\/\/cafi.org\/what-we-do\/our-mission\/development-impact\/#primaryimage"},"thumbnailUrl":"https:\/\/cafi.org\/app\/uploads\/2025\/02\/photo-1448375240586-882707db888b.jpg","datePublished":"2025-01-17T11:03:05+00:00","dateModified":"2025-08-11T06:43:54+00:00","breadcrumb":{"@id":"https:\/\/cafi.org\/what-we-do\/our-mission\/development-impact\/#breadcrumb"},"inLanguage":"fr-FR","potentialAction":[{"@type":"ReadAction","target":["https:\/\/cafi.org\/what-we-do\/our-mission\/development-impact\/"]}]},{"@type":"ImageObject","inLanguage":"fr-FR","@id":"https:\/\/cafi.org\/what-we-do\/our-mission\/development-impact\/#primaryimage","url":"https:\/\/cafi.org\/app\/uploads\/2025\/02\/photo-1448375240586-882707db888b.jpg","contentUrl":"https:\/\/cafi.org\/app\/uploads\/2025\/02\/photo-1448375240586-882707db888b.jpg","width":2070,"height":1380},{"@type":"BreadcrumbList","@id":"https:\/\/cafi.org\/what-we-do\/our-mission\/development-impact\/#breadcrumb","itemListElement":[{"@type":"ListItem","position":1,"name":"Home","item":"https:\/\/cafi.org\/fr\/"},{"@type":"ListItem","position":2,"name":"Ce que nous faisons","item":"https:\/\/cafi.org\/fr\/ce-que-nous-faisons\/"},{"@type":"ListItem","position":3,"name":"Notre mission","item":"https:\/\/cafi.org\/what-we-do\/our-mission\/"},{"@type":"ListItem","position":4,"name":"Impact sur le d\u00e9veloppement"}]},{"@type":"WebSite","@id":"https:\/\/cafi.org\/#website","url":"https:\/\/cafi.org\/","name":"Central African Forest Initiative (CAFI)","description":"","potentialAction":[{"@type":"SearchAction","target":{"@type":"EntryPoint","urlTemplate":"https:\/\/cafi.org\/?s={search_term_string}"},"query-input":{"@type":"PropertyValueSpecification","valueRequired":true,"valueName":"search_term_string"}}],"inLanguage":"fr-FR"}]}},"_links":{"self":[{"href":"https:\/\/cafi.org\/fr\/wp-json\/wp\/v2\/pages\/7662","targetHints":{"allow":["GET"]}}],"collection":[{"href":"https:\/\/cafi.org\/fr\/wp-json\/wp\/v2\/pages"}],"about":[{"href":"https:\/\/cafi.org\/fr\/wp-json\/wp\/v2\/types\/page"}],"author":[{"embeddable":true,"href":"https:\/\/cafi.org\/fr\/wp-json\/wp\/v2\/users\/1"}],"replies":[{"embeddable":true,"href":"https:\/\/cafi.org\/fr\/wp-json\/wp\/v2\/comments?post=7662"}],"version-history":[{"count":2,"href":"https:\/\/cafi.org\/fr\/wp-json\/wp\/v2\/pages\/7662\/revisions"}],"predecessor-version":[{"id":7667,"href":"https:\/\/cafi.org\/fr\/wp-json\/wp\/v2\/pages\/7662\/revisions\/7667"}],"up":[{"embeddable":true,"href":"https:\/\/cafi.org\/fr\/wp-json\/wp\/v2\/pages\/7671"}],"wp:featuredmedia":[{"embeddable":true,"href":"https:\/\/cafi.org\/fr\/wp-json\/wp\/v2\/media\/7228"}],"wp:attachment":[{"href":"https:\/\/cafi.org\/fr\/wp-json\/wp\/v2\/media?parent=7662"}],"curies":[{"name":"wp","href":"https:\/\/api.w.org\/{rel}","templated":true}]}}