{"id":7647,"date":"2025-01-17T11:25:12","date_gmt":"2025-01-17T11:25:12","guid":{"rendered":"https:\/\/cafi.argusservices.in\/par-pays\/"},"modified":"2025-08-21T13:05:32","modified_gmt":"2025-08-21T13:05:32","slug":"par-pays","status":"publish","type":"page","link":"https:\/\/cafi.org\/fr\/projets\/par-pays\/","title":{"rendered":"Par pays"},"content":{"rendered":"<p>[et_pb_section fb_built=&#8221;1&#8243; admin_label=&#8221;section&#8221; _builder_version=&#8221;4.27.3&#8243; hover_enabled=&#8221;0&#8243; da_disable_devices=&#8221;off|off|off&#8221; global_colors_info=&#8221;{}&#8221; custom_margin=&#8221;0px||0px||false|false&#8221; custom_padding=&#8221;0px||0px||false|false&#8221; sticky_enabled=&#8221;0&#8243; da_is_popup=&#8221;off&#8221; da_exit_intent=&#8221;off&#8221; da_has_close=&#8221;on&#8221; da_alt_close=&#8221;off&#8221; da_dark_close=&#8221;off&#8221; da_not_modal=&#8221;on&#8221; da_is_singular=&#8221;off&#8221; da_with_loader=&#8221;off&#8221; da_has_shadow=&#8221;on&#8221;][et_pb_row admin_label=&#8221;rang\u00e9e&#8221; _builder_version=&#8221;4.27.3&#8243; background_size=&#8221;initial&#8221; background_position=&#8221;top_left&#8221; background_repeat=&#8221;repeat&#8221; custom_margin=&#8221;0px||0px||false|false&#8221; custom_padding=&#8221;0px||0px||false|false&#8221; hover_enabled=&#8221;0&#8243; global_colors_info=&#8221;{}&#8221; sticky_enabled=&#8221;0&#8243;][et_pb_column type=&#8221;4_4&#8243; _builder_version=&#8221;4.16&#8243; custom_padding=&#8221;|||&#8221; global_colors_info=&#8221;{}&#8221; custom_padding__hover=&#8221;|||&#8221;][et_pb_menu menu_id=&#8221;12&#8243; disabled_on=&#8221;off|off|off&#8221; module_class=&#8221;custom-tab-menu&#8221; _builder_version=&#8221;4.27.3&#8243; _module_preset=&#8221;default&#8221; custom_margin=&#8221;||||false|false&#8221; custom_padding=&#8221;||||false|false&#8221; locked=&#8221;off&#8221; global_colors_info=&#8221;{}&#8221;][\/et_pb_menu][et_pb_code _builder_version=&#8221;4.27.3&#8243; _module_preset=&#8221;default&#8221; custom_margin=&#8221;||||false|false&#8221; custom_padding=&#8221;||||false|false&#8221; global_colors_info=&#8221;{}&#8221;][et_pb_section global_module=\"2526\"][\/et_pb_section][\/et_pb_code][\/et_pb_column][\/et_pb_row][\/et_pb_section]<\/p>\n","protected":false},"excerpt":{"rendered":"<div id=\"country_blog\" class=\"et_pb_module et_pb_blog_0 blog-grid-listing et_pb_blog_grid_wrapper et_pb_bg_layout_light\">\n\t\t\t\t\n\t\t\t\t\n\t\t\t\t\n\t\t\t\t\n\t\t\t\t\n\t\t\t\t\n\t\t\t\t<div class=\"et_pb_module_inner\">\n\t\t\t\t\t<div id=\"country_blog\" class=\"et_pb_module et_pb_blog_0 blog-grid-listing et_pb_blog_grid_wrapper et_pb_bg_layout_light\">\n\t\t\t\t\t<div class=\"et_pb_blog_grid clearfix \">\n\t\t\t\t\t\n\t\t\t\t\t\n\t\t\t\t\t\n\t\t\t\t\t\n\t\t\t\t\t<div class=\"et_pb_ajax_pagination_container\">\n\t\t\t\t\t\t<div class=\"et_pb_salvattore_content\" data-columns>\n\t\t\t<article id=\"post-8088\" class=\"et_pb_post clearfix et_pb_blog_item_0_0 post-8088 country type-country status-publish has-post-thumbnail hentry\">\n\n\t\t\t\t<div class=\"et_pb_image_container\"><div class=\"custom-blog-image\" style=\"background-image: url(https:\/\/cafi.org\/app\/uploads\/2025\/01\/cameroon-scaled.jpg);\"><a href=\"https:\/\/cafi.org\/fr\/country\/cameroun\/\" class=\"entry-featured-image-url\"><\/a><\/div><\/div>\t\t\t\t<div class=\"custom-post-heading-container\">\n\t\t\t\t\t<div class=\"custom-blog-container\">\n\t\t\t\t\t\t\t\t\t\t\t\t\t\t<h2 class=\"entry-title\">\n\t\t\t\t\t\t\t\t\t\t\t\t\t\t\t\t\t\t\t<a href=\"https:\/\/cafi.org\/fr\/country\/cameroun\/\">\n\t\t\t\t\t\t\t            \t\t\t\t\t<img decoding=\"async\" src=\"https:\/\/cafi.org\/app\/uploads\/2025\/01\/cameroon.png\" alt=\"Country Flag\" class=\"country-flag\" style=\"width:30px; height:auto; margin-right:10px;\">\n        \t\t\t\t\t\t\t\t\t\t\t\tCameroun<\/a>\n\t\t\t\t\t\t\t\t\t\t\t<\/h2>\n\t\t\t\t\n\t\t\t\t\t<div class=\"post-content\"><div class=\"post-content-inner\"><p>Concilier l'ambition d'\u00eatre le \"grenier de l'Afrique\" et la r\u00e9duction de la d\u00e9forestation Les for\u00eats camerounaises couvrent environ 30 millions d'hectares. La surface de d\u00e9forestation a doubl\u00e9 entre 2016 et 2023 pour atteindre pr\u00e8s de 820 000 hectares, tandis que la...<\/p>\n<\/div><\/div><\/div><\/div>\t\t\t\n\t\t\t<\/article>\n\t\t\t\t\n\t\t\t<article id=\"post-8060\" class=\"et_pb_post clearfix et_pb_blog_item_0_1 post-8060 country type-country status-publish has-post-thumbnail hentry\">\n\n\t\t\t\t<div class=\"et_pb_image_container\"><div class=\"custom-blog-image\" style=\"background-image: url(https:\/\/cafi.org\/app\/uploads\/2025\/01\/Gabon-scaled.jpg);\"><a href=\"https:\/\/cafi.org\/fr\/country\/gabon\/\" class=\"entry-featured-image-url\"><\/a><\/div><\/div>\t\t\t\t<div class=\"custom-post-heading-container\">\n\t\t\t\t\t<div class=\"custom-blog-container\">\n\t\t\t\t\t\t\t\t\t\t\t\t\t\t<h2 class=\"entry-title\">\n\t\t\t\t\t\t\t\t\t\t\t\t\t\t\t\t\t\t\t<a href=\"https:\/\/cafi.org\/fr\/country\/gabon\/\">\n\t\t\t\t\t\t\t            \t\t\t\t\t<img decoding=\"async\" src=\"https:\/\/cafi.org\/app\/uploads\/2025\/01\/Gabon.png\" alt=\"Country Flag\" class=\"country-flag\" style=\"width:30px; height:auto; margin-right:10px;\">\n        \t\t\t\t\t\t\t\t\t\t\t\tGabon<\/a>\n\t\t\t\t\t\t\t\t\t\t\t<\/h2>\n\t\t\t\t\n\t\t\t\t\t<div class=\"post-content\"><div class=\"post-content-inner\"><p>180 millions de dollars US mobilis\u00e9s - y compris un premier paiement historique pour les r\u00e9ductions d'\u00e9missions - pour un pays ayant un engagement politique fort en faveur de la for\u00eatLes for\u00eats gabonaises absorbent 140 millions de tonnes de CO2 par an, et en \u00e9mettent...<\/p>\n<\/div><\/div><\/div><\/div>\t\t\t\n\t\t\t<\/article>\n\t\t\t\t\n\t\t\t<article id=\"post-8068\" class=\"et_pb_post clearfix et_pb_blog_item_0_2 post-8068 country type-country status-publish has-post-thumbnail hentry\">\n\n\t\t\t\t<div class=\"et_pb_image_container\"><div class=\"custom-blog-image\" style=\"background-image: url(https:\/\/cafi.org\/app\/uploads\/2025\/01\/republicofcongo-scaled.jpg);\"><a href=\"https:\/\/cafi.org\/fr\/country\/republique-du-congo\/\" class=\"entry-featured-image-url\"><\/a><\/div><\/div>\t\t\t\t<div class=\"custom-post-heading-container\">\n\t\t\t\t\t<div class=\"custom-blog-container\">\n\t\t\t\t\t\t\t\t\t\t\t\t\t\t<h2 class=\"entry-title\">\n\t\t\t\t\t\t\t\t\t\t\t\t\t\t\t\t\t\t\t<a href=\"https:\/\/cafi.org\/fr\/country\/republique-du-congo\/\">\n\t\t\t\t\t\t\t            \t\t\t\t\t<img decoding=\"async\" src=\"https:\/\/cafi.org\/app\/uploads\/2025\/01\/republicofCongo.png\" alt=\"Country Flag\" class=\"country-flag\" style=\"width:30px; height:auto; margin-right:10px;\">\n        \t\t\t\t\t\t\t\t\t\t\t\tR\u00e9publique du Congo<\/a>\n\t\t\t\t\t\t\t\t\t\t\t<\/h2>\n\t\t\t\t\n\t\t\t\t\t<div class=\"post-content\"><div class=\"post-content-inner\"><p>Les projets sur la gouvernance, la surveillance des for\u00eats, les plantations de bois de chauffage, les fourneaux propres et la planification de l'utilisation des terres, qui rel\u00e8vent de la lettre d'intention de 65 millions de dollars, sont en cours d'ex\u00e9cution. Les...<\/p>\n<\/div><\/div><\/div><\/div>\t\t\t\n\t\t\t<\/article>\n\t\t\t\t\n\t\t\t<article id=\"post-8072\" class=\"et_pb_post clearfix et_pb_blog_item_0_3 post-8072 country type-country status-publish has-post-thumbnail hentry\">\n\n\t\t\t\t<div class=\"et_pb_image_container\"><div class=\"custom-blog-image\" style=\"background-image: url(https:\/\/cafi.org\/app\/uploads\/2025\/01\/equitorialguinea-scaled.jpg);\"><a href=\"https:\/\/cafi.org\/fr\/country\/guinee-equatoriale\/\" class=\"entry-featured-image-url\"><\/a><\/div><\/div>\t\t\t\t<div class=\"custom-post-heading-container\">\n\t\t\t\t\t<div class=\"custom-blog-container\">\n\t\t\t\t\t\t\t\t\t\t\t\t\t\t<h2 class=\"entry-title\">\n\t\t\t\t\t\t\t\t\t\t\t\t\t\t\t\t\t\t\t<a href=\"https:\/\/cafi.org\/fr\/country\/guinee-equatoriale\/\">\n\t\t\t\t\t\t\t            \t\t\t\t\t<img decoding=\"async\" src=\"https:\/\/cafi.org\/app\/uploads\/2025\/01\/equilateral_guinea.png\" alt=\"Country Flag\" class=\"country-flag\" style=\"width:30px; height:auto; margin-right:10px;\">\n        \t\t\t\t\t\t\t\t\t\t\t\tGuin\u00e9e \u00e9quatoriale<\/a>\n\t\t\t\t\t\t\t\t\t\t\t<\/h2>\n\t\t\t\t\n\t\t\t\t\t<div class=\"post-content\"><div class=\"post-content-inner\"><p>Comp\u00e9titivit\u00e9, durabilit\u00e9, gestion int\u00e9gr\u00e9e des terres, s\u00e9curit\u00e9 alimentaire, \u00e9quit\u00e9 sociale et \u00e9galit\u00e9 des sexes au c\u0153ur du plan d'investissement national REDDLa Guin\u00e9e \u00e9quatoriale est l'un des rares pays au monde \u00e0 \u00eatre pratiquement enti\u00e8rement recouvert de for\u00eats....<\/p>\n<\/div><\/div><\/div><\/div>\t\t\t\n\t\t\t<\/article>\n\t\t\t\t\n\t\t\t<article id=\"post-8077\" class=\"et_pb_post clearfix et_pb_blog_item_0_4 post-8077 country type-country status-publish has-post-thumbnail hentry\">\n\n\t\t\t\t<div class=\"et_pb_image_container\"><div class=\"custom-blog-image\" style=\"background-image: url(https:\/\/cafi.org\/app\/uploads\/2025\/01\/Entretien-dun-champ-dune-association-feminine.-Bonaventure-Ibanda-Tropenbos-RD-Congo.jpg);\"><a href=\"https:\/\/cafi.org\/fr\/country\/la-republique-democratique-du-congo\/\" class=\"entry-featured-image-url\"><\/a><\/div><\/div>\t\t\t\t<div class=\"custom-post-heading-container\">\n\t\t\t\t\t<div class=\"custom-blog-container\">\n\t\t\t\t\t\t\t\t\t\t\t\t\t\t<h2 class=\"entry-title\">\n\t\t\t\t\t\t\t\t\t\t\t\t\t\t\t\t\t\t\t<a href=\"https:\/\/cafi.org\/fr\/country\/la-republique-democratique-du-congo\/\">\n\t\t\t\t\t\t\t            \t\t\t\t\t<img decoding=\"async\" src=\"https:\/\/cafi.org\/app\/uploads\/2025\/01\/democratic-ROC.png\" alt=\"Country Flag\" class=\"country-flag\" style=\"width:30px; height:auto; margin-right:10px;\">\n        \t\t\t\t\t\t\t\t\t\t\t\tLa R\u00e9publique d\u00e9mocratique du Congo<\/a>\n\t\t\t\t\t\t\t\t\t\t\t<\/h2>\n\t\t\t\t\n\t\t\t\t\t<div class=\"post-content\"><div class=\"post-content-inner\"><p>Mettre en \u0153uvre les objectifs ambitieux de la deuxi\u00e8me lettre d'intention --La R\u00e9publique d\u00e9mocratique du Congo (RDC) est un g\u00e9ant de la for\u00eat. Sa for\u00eat tropicale, qui couvre plus de 130 millions d'hectares, est la deuxi\u00e8me plus grande au monde. Mais la RDC est aussi...<\/p>\n<\/div><\/div><\/div><\/div>\t\t\t\n\t\t\t<\/article>\n\t\t\t\t\n\t\t\t<article id=\"post-8083\" class=\"et_pb_post clearfix et_pb_blog_item_0_5 post-8083 country type-country status-publish has-post-thumbnail hentry\">\n\n\t\t\t\t<div class=\"et_pb_image_container\"><div class=\"custom-blog-image\" style=\"background-image: url(https:\/\/cafi.org\/app\/uploads\/2025\/01\/centralafricanrepublic-scaled.jpg);\"><a href=\"https:\/\/cafi.org\/fr\/country\/la-republique-centrafricaine\/\" class=\"entry-featured-image-url\"><\/a><\/div><\/div>\t\t\t\t<div class=\"custom-post-heading-container\">\n\t\t\t\t\t<div class=\"custom-blog-container\">\n\t\t\t\t\t\t\t\t\t\t\t\t\t\t<h2 class=\"entry-title\">\n\t\t\t\t\t\t\t\t\t\t\t\t\t\t\t\t\t\t\t<a href=\"https:\/\/cafi.org\/fr\/country\/la-republique-centrafricaine\/\">\n\t\t\t\t\t\t\t            \t\t\t\t\t<img decoding=\"async\" src=\"https:\/\/cafi.org\/app\/uploads\/2025\/01\/CAR.png\" alt=\"Country Flag\" class=\"country-flag\" style=\"width:30px; height:auto; margin-right:10px;\">\n        \t\t\t\t\t\t\t\t\t\t\t\tLa R\u00e9publique centrafricaine<\/a>\n\t\t\t\t\t\t\t\t\t\t\t<\/h2>\n\t\t\t\t\n\t\t\t\t\t<div class=\"post-content\"><div class=\"post-content-inner\"><p>Les for\u00eats denses et humides de la R\u00e9publique centrafricaine sont divis\u00e9es en un massif au sud-ouest et la for\u00eat de Bangassou \u00e0 l'est. Elles abritent une biodiversit\u00e9 exceptionnelle, dont 208 esp\u00e8ces de mammif\u00e8res, 698 esp\u00e8ces d'oiseaux, 25 reptiles et des centaines...<\/p>\n<\/div><\/div><\/div><\/div>\t\t\t\n\t\t\t<\/article>\n\t\t\t\t\n\t\t\t<article id=\"post-8052\" class=\"et_pb_post clearfix et_pb_blog_item_0_6 post-8052 country type-country status-publish has-post-thumbnail hentry\">\n\n\t\t\t\t<div class=\"et_pb_image_container\"><div class=\"custom-blog-image\" style=\"background-image: url(https:\/\/cafi.org\/app\/uploads\/2025\/02\/Congo_INPE2018-1.jpg);\"><a href=\"https:\/\/cafi.org\/fr\/country\/regionale\/\" class=\"entry-featured-image-url\"><\/a><\/div><\/div>\t\t\t\t<div class=\"custom-post-heading-container\">\n\t\t\t\t\t<div class=\"custom-blog-container\">\n\t\t\t\t\t\t\t\t\t\t\t\t\t\t<h2 class=\"entry-title\">\n\t\t\t\t\t\t\t\t\t\t\t\t\t\t\t\t\t\t\t<a href=\"https:\/\/cafi.org\/fr\/country\/regionale\/\">\n\t\t\t\t\t\t\t\t\t\t\t\t\t\tR\u00e9gionale<\/a>\n\t\t\t\t\t\t\t\t\t\t\t<\/h2>\n\t\t\t\t\n\t\t\t\t\t<div class=\"post-content\"><div class=\"post-content-inner\"><p>Les fonds de la CAFI peuvent \u00eatre achemin\u00e9s au-del\u00e0 d'un seul pays, engageant les acteurs de plusieurs ou de toutes les nations partenaires \u00e0 s'attaquer \u00e0 des questions qui n\u00e9cessitent une coordination et un apprentissage transfrontaliers. Des fonds ou des facilit\u00e9s...<\/p>\n<\/div><\/div><\/div><\/div>\t\t\t\n\t\t\t<\/article>\n\t\t\t\t<\/div>\n\t\t\t\t\t<\/div>\n\t\t\t\t\t<\/div> \n\t\t\t\t<\/div>\n\t\t\t\t<\/div>\n\t\t\t<\/div>\n","protected":false},"author":1,"featured_media":7215,"parent":8274,"menu_order":0,"comment_status":"closed","ping_status":"closed","template":"","meta":{"_acf_changed":false,"_et_pb_use_builder":"on","_et_pb_old_content":"","_et_gb_content_width":"","footnotes":""},"class_list":["post-7647","page","type-page","status-publish","has-post-thumbnail","hentry"],"acf":[],"yoast_head":"<!-- This site is optimized with the Yoast SEO plugin v23.9 - https:\/\/yoast.com\/wordpress\/plugins\/seo\/ -->\n<title>Par pays - Central African Forest Initiative (CAFI)<\/title>\n<meta name=\"robots\" content=\"index, follow, max-snippet:-1, max-image-preview:large, max-video-preview:-1\" \/>\n<link rel=\"canonical\" href=\"https:\/\/cafi.org\/fr\/projets\/par-pays\/\" \/>\n<meta property=\"og:locale\" content=\"fr_FR\" \/>\n<meta property=\"og:type\" content=\"article\" \/>\n<meta property=\"og:title\" content=\"Par pays - Central African Forest Initiative (CAFI)\" \/>\n<meta property=\"og:url\" content=\"https:\/\/cafi.org\/fr\/projets\/par-pays\/\" \/>\n<meta property=\"og:site_name\" content=\"Central African Forest Initiative (CAFI)\" \/>\n<meta property=\"article:modified_time\" content=\"2025-08-21T13:05:32+00:00\" \/>\n<meta property=\"og:image\" content=\"https:\/\/cafi.org\/app\/uploads\/2025\/02\/image-81.png\" \/>\n\t<meta property=\"og:image:width\" content=\"1416\" \/>\n\t<meta property=\"og:image:height\" content=\"431\" \/>\n\t<meta property=\"og:image:type\" content=\"image\/png\" \/>\n<meta name=\"twitter:card\" content=\"summary_large_image\" \/>\n<meta name=\"twitter:label1\" content=\"Est. reading time\" \/>\n\t<meta name=\"twitter:data1\" content=\"1 minute\" \/>\n<script type=\"application\/ld+json\" class=\"yoast-schema-graph\">{\"@context\":\"https:\/\/schema.org\",\"@graph\":[{\"@type\":\"WebPage\",\"@id\":\"https:\/\/cafi.org\/fr\/projets\/par-pays\/\",\"url\":\"https:\/\/cafi.org\/fr\/projets\/par-pays\/\",\"name\":\"Par pays - Central African Forest Initiative (CAFI)\",\"isPartOf\":{\"@id\":\"https:\/\/cafi.org\/#website\"},\"primaryImageOfPage\":{\"@id\":\"https:\/\/cafi.org\/fr\/projets\/par-pays\/#primaryimage\"},\"image\":{\"@id\":\"https:\/\/cafi.org\/fr\/projets\/par-pays\/#primaryimage\"},\"thumbnailUrl\":\"https:\/\/cafi.org\/app\/uploads\/2025\/02\/image-81.png\",\"datePublished\":\"2025-01-17T11:25:12+00:00\",\"dateModified\":\"2025-08-21T13:05:32+00:00\",\"breadcrumb\":{\"@id\":\"https:\/\/cafi.org\/fr\/projets\/par-pays\/#breadcrumb\"},\"inLanguage\":\"fr-FR\",\"potentialAction\":[{\"@type\":\"ReadAction\",\"target\":[\"https:\/\/cafi.org\/fr\/projets\/par-pays\/\"]}]},{\"@type\":\"ImageObject\",\"inLanguage\":\"fr-FR\",\"@id\":\"https:\/\/cafi.org\/fr\/projets\/par-pays\/#primaryimage\",\"url\":\"https:\/\/cafi.org\/app\/uploads\/2025\/02\/image-81.png\",\"contentUrl\":\"https:\/\/cafi.org\/app\/uploads\/2025\/02\/image-81.png\",\"width\":1416,\"height\":431},{\"@type\":\"BreadcrumbList\",\"@id\":\"https:\/\/cafi.org\/fr\/projets\/par-pays\/#breadcrumb\",\"itemListElement\":[{\"@type\":\"ListItem\",\"position\":1,\"name\":\"Home\",\"item\":\"https:\/\/cafi.org\/fr\/\"},{\"@type\":\"ListItem\",\"position\":2,\"name\":\"Projets\",\"item\":\"https:\/\/cafi.org\/fr\/projets\/\"},{\"@type\":\"ListItem\",\"position\":3,\"name\":\"Par pays\"}]},{\"@type\":\"WebSite\",\"@id\":\"https:\/\/cafi.org\/#website\",\"url\":\"https:\/\/cafi.org\/\",\"name\":\"Central African Forest Initiative (CAFI)\",\"description\":\"\",\"potentialAction\":[{\"@type\":\"SearchAction\",\"target\":{\"@type\":\"EntryPoint\",\"urlTemplate\":\"https:\/\/cafi.org\/?s={search_term_string}\"},\"query-input\":{\"@type\":\"PropertyValueSpecification\",\"valueRequired\":true,\"valueName\":\"search_term_string\"}}],\"inLanguage\":\"fr-FR\"}]}<\/script>\n<!-- \/ Yoast SEO plugin. -->","yoast_head_json":{"title":"Par pays - Central African Forest Initiative (CAFI)","robots":{"index":"index","follow":"follow","max-snippet":"max-snippet:-1","max-image-preview":"max-image-preview:large","max-video-preview":"max-video-preview:-1"},"canonical":"https:\/\/cafi.org\/fr\/projets\/par-pays\/","og_locale":"fr_FR","og_type":"article","og_title":"Par pays - Central African Forest Initiative (CAFI)","og_url":"https:\/\/cafi.org\/fr\/projets\/par-pays\/","og_site_name":"Central African Forest Initiative (CAFI)","article_modified_time":"2025-08-21T13:05:32+00:00","og_image":[{"width":1416,"height":431,"url":"https:\/\/cafi.org\/app\/uploads\/2025\/02\/image-81.png","type":"image\/png"}],"twitter_card":"summary_large_image","twitter_misc":{"Est. reading time":"1 minute"},"schema":{"@context":"https:\/\/schema.org","@graph":[{"@type":"WebPage","@id":"https:\/\/cafi.org\/fr\/projets\/par-pays\/","url":"https:\/\/cafi.org\/fr\/projets\/par-pays\/","name":"Par pays - Central African Forest Initiative (CAFI)","isPartOf":{"@id":"https:\/\/cafi.org\/#website"},"primaryImageOfPage":{"@id":"https:\/\/cafi.org\/fr\/projets\/par-pays\/#primaryimage"},"image":{"@id":"https:\/\/cafi.org\/fr\/projets\/par-pays\/#primaryimage"},"thumbnailUrl":"https:\/\/cafi.org\/app\/uploads\/2025\/02\/image-81.png","datePublished":"2025-01-17T11:25:12+00:00","dateModified":"2025-08-21T13:05:32+00:00","breadcrumb":{"@id":"https:\/\/cafi.org\/fr\/projets\/par-pays\/#breadcrumb"},"inLanguage":"fr-FR","potentialAction":[{"@type":"ReadAction","target":["https:\/\/cafi.org\/fr\/projets\/par-pays\/"]}]},{"@type":"ImageObject","inLanguage":"fr-FR","@id":"https:\/\/cafi.org\/fr\/projets\/par-pays\/#primaryimage","url":"https:\/\/cafi.org\/app\/uploads\/2025\/02\/image-81.png","contentUrl":"https:\/\/cafi.org\/app\/uploads\/2025\/02\/image-81.png","width":1416,"height":431},{"@type":"BreadcrumbList","@id":"https:\/\/cafi.org\/fr\/projets\/par-pays\/#breadcrumb","itemListElement":[{"@type":"ListItem","position":1,"name":"Home","item":"https:\/\/cafi.org\/fr\/"},{"@type":"ListItem","position":2,"name":"Projets","item":"https:\/\/cafi.org\/fr\/projets\/"},{"@type":"ListItem","position":3,"name":"Par pays"}]},{"@type":"WebSite","@id":"https:\/\/cafi.org\/#website","url":"https:\/\/cafi.org\/","name":"Central African Forest Initiative (CAFI)","description":"","potentialAction":[{"@type":"SearchAction","target":{"@type":"EntryPoint","urlTemplate":"https:\/\/cafi.org\/?s={search_term_string}"},"query-input":{"@type":"PropertyValueSpecification","valueRequired":true,"valueName":"search_term_string"}}],"inLanguage":"fr-FR"}]}},"_links":{"self":[{"href":"https:\/\/cafi.org\/fr\/wp-json\/wp\/v2\/pages\/7647","targetHints":{"allow":["GET"]}}],"collection":[{"href":"https:\/\/cafi.org\/fr\/wp-json\/wp\/v2\/pages"}],"about":[{"href":"https:\/\/cafi.org\/fr\/wp-json\/wp\/v2\/types\/page"}],"author":[{"embeddable":true,"href":"https:\/\/cafi.org\/fr\/wp-json\/wp\/v2\/users\/1"}],"replies":[{"embeddable":true,"href":"https:\/\/cafi.org\/fr\/wp-json\/wp\/v2\/comments?post=7647"}],"version-history":[{"count":20,"href":"https:\/\/cafi.org\/fr\/wp-json\/wp\/v2\/pages\/7647\/revisions"}],"predecessor-version":[{"id":8385,"href":"https:\/\/cafi.org\/fr\/wp-json\/wp\/v2\/pages\/7647\/revisions\/8385"}],"up":[{"embeddable":true,"href":"https:\/\/cafi.org\/fr\/wp-json\/wp\/v2\/pages\/8274"}],"wp:featuredmedia":[{"embeddable":true,"href":"https:\/\/cafi.org\/fr\/wp-json\/wp\/v2\/media\/7215"}],"wp:attachment":[{"href":"https:\/\/cafi.org\/fr\/wp-json\/wp\/v2\/media?parent=7647"}],"curies":[{"name":"wp","href":"https:\/\/api.w.org\/{rel}","templated":true}]}}