{"id":7619,"date":"2025-01-28T09:56:36","date_gmt":"2025-01-28T09:56:36","guid":{"rendered":"https:\/\/cafi.argusservices.in\/lhistoire\/"},"modified":"2025-11-27T14:28:56","modified_gmt":"2025-11-27T14:28:56","slug":"lhistoire","status":"publish","type":"page","link":"https:\/\/cafi.org\/fr\/lhistoire\/","title":{"rendered":"L&#8217;histoire"},"content":{"rendered":"<p>[et_pb_section fb_built=&#8221;1&#8243; admin_label=&#8221;section&#8221; _builder_version=&#8221;4.27.3&#8243; custom_padding=&#8221;0px||0px||false|false&#8221; da_disable_devices=&#8221;off|off|off&#8221; global_colors_info=&#8221;{}&#8221; da_is_popup=&#8221;off&#8221; da_exit_intent=&#8221;off&#8221; da_has_close=&#8221;on&#8221; da_alt_close=&#8221;off&#8221; da_dark_close=&#8221;off&#8221; da_not_modal=&#8221;on&#8221; da_is_singular=&#8221;off&#8221; da_with_loader=&#8221;off&#8221; da_has_shadow=&#8221;on&#8221;][et_pb_row admin_label=&#8221;rang\u00e9e&#8221; _builder_version=&#8221;4.27.3&#8243; background_size=&#8221;initial&#8221; background_position=&#8221;top_left&#8221; background_repeat=&#8221;repeat&#8221; custom_padding=&#8221;0px||0px||false|false&#8221; global_colors_info=&#8221;{}&#8221;][et_pb_column type=&#8221;4_4&#8243; _builder_version=&#8221;4.16&#8243; custom_padding=&#8221;|||&#8221; global_colors_info=&#8221;{}&#8221; custom_padding__hover=&#8221;|||&#8221;][et_pb_menu menu_id=&#8221;20&#8243; disabled_on=&#8221;off|off|off&#8221; module_class=&#8221;custom-tab-menu&#8221; _builder_version=&#8221;4.27.3&#8243; _module_preset=&#8221;default&#8221; custom_margin=&#8221;0px||0px||false|false&#8221; custom_padding=&#8221;0px||0px||false|false&#8221; locked=&#8221;off&#8221; global_colors_info=&#8221;{}&#8221;][\/et_pb_menu][et_pb_text admin_label=&#8221;History Heading&#8221; _builder_version=&#8221;4.27.3&#8243; _module_preset=&#8221;default&#8221; custom_margin=&#8221;0px||0px||false|false&#8221; custom_padding=&#8221;30px||0px||false|false&#8221; global_colors_info=&#8221;{}&#8221;]<\/p>\n<h1>L&#8217;histoire<\/h1>\n<p>[\/et_pb_text][et_pb_text admin_label=&#8221;History Paragraph&#8221; _builder_version=&#8221;4.27.3&#8243; _module_preset=&#8221;default&#8221; global_colors_info=&#8221;{}&#8221;]<\/p>\n<h6>Les for\u00eats tropicales humides ont le potentiel d&#8217;att\u00e9nuer les crises mondiales actuelles que sont le changement climatique et la perte de biodiversit\u00e9.<\/h6>\n<p>Elles stockent et absorbent le carbone et abritent plus de 50 % de la biodiversit\u00e9 terrestre, alors qu&#8217;elles ne couvrent que 6 % de la surface de la Terre. Aucun autre \u00e9cosyst\u00e8me ou secteur \u00e9conomique n&#8217;a la m\u00eame capacit\u00e9 \u00e0 inverser la crise du climat et de la biodiversit\u00e9 en cours. Les for\u00eats sont \u00e9galement essentielles \u00e0 la survie des personnes qui vivent \u00e0 l&#8217;int\u00e9rieur et autour d&#8217;elles.<\/p>\n<h6>La for\u00eat d&#8217;Afrique centrale est unique par sa taille et ses caract\u00e9ristiques<\/h6>\n<p>L&#8217;Afrique centrale est l&#8217;une des rares r\u00e9gions du monde \u00e0 absorber plus de carbone qu&#8217;elle n&#8217;en \u00e9met. Deuxi\u00e8me bassin forestier au monde, il absorbe chaque ann\u00e9e 1,1 milliard de tonnes d&#8217;\u00e9missions de CO2 dans l&#8217;atmosph\u00e8re, soit 4 % des \u00e9missions mondiales. Son avant-pays pr\u00e9sente des points chauds uniques en mati\u00e8re de biodiversit\u00e9 et abrite plus de 10 000 esp\u00e8ces v\u00e9g\u00e9tales et animales, dont beaucoup sont end\u00e9miques.<\/p>\n<p>Cette for\u00eat est la source de nourriture, d&#8217;\u00e9nergie, d&#8217;abri et de spiritualit\u00e9 pour plus de 40 millions de personnes vivant \u00e0 l&#8217;int\u00e9rieur et autour d&#8217;elle, dans des pays dont les indices de d\u00e9veloppement humain et les zones de conflit sont parmi les plus bas et qui comptent le plus grand nombre de personnes ayant un besoin urgent d&#8217;aide en mati\u00e8re de s\u00e9curit\u00e9 alimentaire dans le monde.<\/p>\n<p>Pourtant, la r\u00e9gion est confront\u00e9e \u00e0 des d\u00e9fis majeurs tels que la pauvret\u00e9, l&#8217;in\u00e9galit\u00e9, l&#8217;ins\u00e9curit\u00e9 alimentaire et le mauvais climat des affaires, aggrav\u00e9s par des faiblesses en mati\u00e8re de gouvernance, d&#8217;institutions et d&#8217;infrastructures.<\/p>\n<h6>Une r\u00e9gion avec de forts besoins de d\u00e9veloppement<\/h6>\n<p>La r\u00e9gion de l&#8217;Afrique centrale est confront\u00e9e \u00e0 des d\u00e9fis majeurs tels que la pauvret\u00e9, l&#8217;in\u00e9galit\u00e9, l&#8217;ins\u00e9curit\u00e9 alimentaire et le mauvais climat des affaires, aggrav\u00e9s par des faiblesses dans la gouvernance, les institutions et les infrastructures.<br \/>Plusieurs pays de la r\u00e9gion de l&#8217;Afrique centrale cherchent \u00e0 devenir des \u00e9conomies \u00e9mergentes dans les d\u00e9cennies \u00e0 venir. Ils sont \u00e0 un tournant et doivent d\u00e9cider si leur croissance, n\u00e9cessaire pour am\u00e9liorer les conditions de vie de pr\u00e8s de 100 millions de personnes, se fera au d\u00e9triment des for\u00eats et des autres ressources naturelles. CAFI soutient ses pays partenaires dans les choix difficiles qui sont n\u00e9cessaires lorsqu&#8217;ils s&#8217;engagent \u00e0 suivre des voies de d\u00e9veloppement vertes et \u00e0 faibles \u00e9missions.<br \/>La mani\u00e8re dont les for\u00eats contribuent aux objectifs communs en mati\u00e8re de climat, de biodiversit\u00e9 et de d\u00e9veloppement national est d\u00e9finie dans des cadres d&#8217;investissement nationaux ambitieux qui d\u00e9couplent le d\u00e9veloppement de la d\u00e9forestation. Cette transformation socio-\u00e9conomique touche de nombreux secteurs et r\u00e9sultera de mesures qui s&#8217;attaquent aux facteurs directs et indirects de la d\u00e9forestation et de la d\u00e9gradation des for\u00eats.<\/p>\n<p>[\/et_pb_text][et_pb_text admin_label=&#8221;Achievements&#8221; _builder_version=&#8221;4.27.3&#8243; _module_preset=&#8221;default&#8221; hover_enabled=&#8221;0&#8243; global_colors_info=&#8221;{}&#8221; sticky_enabled=&#8221;0&#8243;]<\/p>\n<h1>R\u00e9alisations<\/h1>\n<p>CAFI, cr\u00e9\u00e9 en 2015 lors de l&#8217;Assembl\u00e9e g\u00e9n\u00e9rale des Nations unies, est \u00e0 la fois un dialogue politique et un fonds fiduciaire. Ses projets produisent des r\u00e9sultats concrets dans tous les secteurs ayant une incidence sur les for\u00eats. Le CAFI a catalys\u00e9 des r\u00e9formes transformatrices dans les secteurs de l&#8217;agriculture, de la for\u00eat, de l&#8217;\u00e9nergie, de l&#8217;am\u00e9nagement du territoire et du r\u00e9gime foncier.<\/p>\n<p>[\/et_pb_text][\/et_pb_column][\/et_pb_row][et_pb_row column_structure=&#8221;1_2,1_2&#8243; _builder_version=&#8221;4.27.3&#8243; _module_preset=&#8221;default&#8221; global_colors_info=&#8221;{}&#8221;][et_pb_column type=&#8221;1_2&#8243; _builder_version=&#8221;4.27.3&#8243; _module_preset=&#8221;default&#8221; global_colors_info=&#8221;{}&#8221;][et_pb_video src=&#8221;https:\/\/youtu.be\/bDq_bCYS-jY?feature=shared&#8221; _builder_version=&#8221;4.27.3&#8243; _module_preset=&#8221;default&#8221; global_colors_info=&#8221;{}&#8221;][\/et_pb_video][et_pb_text _builder_version=&#8221;4.27.3&#8243; _module_preset=&#8221;default&#8221; global_colors_info=&#8221;{}&#8221;][\/et_pb_text][\/et_pb_column][et_pb_column type=&#8221;1_2&#8243; _builder_version=&#8221;4.27.3&#8243; _module_preset=&#8221;default&#8221; global_colors_info=&#8221;{}&#8221;][et_pb_text _builder_version=&#8221;4.27.3&#8243; _module_preset=&#8221;default&#8221; global_colors_info=&#8221;{}&#8221;]<iframe loading=\"lazy\" width=\"800\" height=\"600\" src=\"https:\/\/app.powerbi.com\/view?r=eyJrIjoiMGNjZWUyYzktZGFhMC00MDNjLWIzM2QtZWI2N2NjNTdiZWU4IiwidCI6ImIzZTVkYjVlLTI5NDQtNDgzNy05OWY1LTc0ODhhY2U1NDMxOSIsImMiOjh9&amp;pageName=2300c3dbe80640530917&amp;utm_source=Google&amp;utm_medium=CAFI+Metrics+Hub&amp;utm_campaign=CAFI+Metrics+Hub&amp;utm_term=CAFI+Metrics+Hub&amp;utm_content=CAFI+Metrics+Hub\" frameborder=\"0\" allowfullscreen=\"true\"><br \/>\n<\/iframe>[\/et_pb_text][et_pb_text _builder_version=&#8221;4.27.3&#8243; _module_preset=&#8221;default&#8221; global_colors_info=&#8221;{}&#8221;][\/et_pb_text][\/et_pb_column][\/et_pb_row][et_pb_row column_structure=&#8221;1_2,1_2&#8243; _builder_version=&#8221;4.27.3&#8243; _module_preset=&#8221;default&#8221; global_colors_info=&#8221;{}&#8221;][et_pb_column type=&#8221;1_2&#8243; _builder_version=&#8221;4.27.3&#8243; _module_preset=&#8221;default&#8221; global_colors_info=&#8221;{}&#8221;][\/et_pb_column][et_pb_column type=&#8221;1_2&#8243; _builder_version=&#8221;4.27.3&#8243; _module_preset=&#8221;default&#8221; global_colors_info=&#8221;{}&#8221;][\/et_pb_column][\/et_pb_row][et_pb_row column_structure=&#8221;1_4,1_4,1_4,1_4&#8243; admin_label=&#8221;quatre grands chiffres&#8221; module_class=&#8221;achievements&#8221; _builder_version=&#8221;4.27.3&#8243; _module_preset=&#8221;default&#8221; global_colors_info=&#8221;{}&#8221;][et_pb_column type=&#8221;1_4&#8243; _builder_version=&#8221;4.27.3&#8243; _module_preset=&#8221;default&#8221; global_colors_info=&#8221;{}&#8221;][et_pb_number_counter title=&#8221;Aider des milliers d&#8217;agriculteurs \u00e0 am\u00e9liorer leurs revenus et leur s\u00e9curit\u00e9 alimentaire&#8221; number=&#8221;XX  &#8221; percent_sign=&#8221;off&#8221; _builder_version=&#8221;4.27.3&#8243; _module_preset=&#8221;default&#8221; title_level=&#8221;h6&#8243; title_font=&#8221;Fira Sans|300|||||||&#8221; title_text_color=&#8221;#000000&#8243; title_font_size=&#8221;14px&#8221; number_font=&#8221;Oswald||||||||&#8221; number_text_color=&#8221;#065b58&#8243; number_font_size=&#8221;64px&#8221; global_colors_info=&#8221;{}&#8221;][\/et_pb_number_counter][\/et_pb_column][et_pb_column type=&#8221;1_4&#8243; _builder_version=&#8221;4.27.3&#8243; _module_preset=&#8221;default&#8221; global_colors_info=&#8221;{}&#8221;][et_pb_number_counter title=&#8221;Aider les m\u00e9nages \u00e0 acc\u00e9der \u00e0 une \u00e9nergie plus propre&#8221; number=&#8221;  XX  &#8221; percent_sign=&#8221;off&#8221; _builder_version=&#8221;4.27.3&#8243; _module_preset=&#8221;default&#8221; title_level=&#8221;h6&#8243; title_font=&#8221;Fira Sans|300|||||||&#8221; number_font=&#8221;Oswald||||||||&#8221; number_text_color=&#8221;#065b58&#8243; number_font_size=&#8221;64px&#8221; global_colors_info=&#8221;{}&#8221;][\/et_pb_number_counter][\/et_pb_column][et_pb_column type=&#8221;1_4&#8243; _builder_version=&#8221;4.27.3&#8243; _module_preset=&#8221;default&#8221; global_colors_info=&#8221;{}&#8221;][et_pb_number_counter title=&#8221;Contribution \u00e0 une meilleure compr\u00e9hension de la dynamique des for\u00eats dans la r\u00e9gion  &#8221; percent_sign=&#8221;off&#8221; _builder_version=&#8221;4.27.3&#8243; _module_preset=&#8221;default&#8221; title_level=&#8221;h6&#8243; title_font=&#8221;Fira Sans|300|||||||&#8221; number_font=&#8221;Oswald||||||||&#8221; number_text_color=&#8221;#065b58&#8243; number_font_size=&#8221;64px&#8221; global_colors_info=&#8221;{}&#8221;][\/et_pb_number_counter][\/et_pb_column][et_pb_column type=&#8221;1_4&#8243; _builder_version=&#8221;4.27.3&#8243; _module_preset=&#8221;default&#8221; global_colors_info=&#8221;{}&#8221;][et_pb_number_counter title=&#8221;lorem ipsum&#8221; number=&#8221;XXX&#8221; percent_sign=&#8221;off&#8221; _builder_version=&#8221;4.27.3&#8243; _module_preset=&#8221;default&#8221; title_level=&#8221;h6&#8243; title_font=&#8221;Fira Sans|300|||||||&#8221; number_font=&#8221;Oswald||||||||&#8221; number_text_color=&#8221;#065b58&#8243; number_font_size=&#8221;64px&#8221; global_colors_info=&#8221;{}&#8221;][\/et_pb_number_counter][\/et_pb_column][\/et_pb_row][et_pb_row _builder_version=&#8221;4.27.3&#8243; _module_preset=&#8221;default&#8221; global_colors_info=&#8221;{}&#8221;][et_pb_column type=&#8221;4_4&#8243; _builder_version=&#8221;4.27.3&#8243; _module_preset=&#8221;default&#8221; global_colors_info=&#8221;{}&#8221;][et_pb_text _builder_version=&#8221;4.27.3&#8243; _module_preset=&#8221;default&#8221; custom_margin=&#8221;||20px||false|false&#8221; custom_padding=&#8221;||0px||false|false&#8221; global_colors_info=&#8221;{}&#8221;]<\/p>\n<div>CAFI s&#8217;oriente vers une programmation bas\u00e9e sur la performance, dans laquelle le<a href=\"https:\/\/cafi.org\/fr\/ce-que-nous-faisons\/paiements-pour-services-environnementaux\/\"> paiement pour les services environnementaux<\/a> est un \u00e9l\u00e9ment central.<\/div>\n<p>[\/et_pb_text][et_pb_video src=&#8221;https:\/\/youtu.be\/A62mElz4BqY?feature=shared&#8221; _builder_version=&#8221;4.27.3&#8243; _module_preset=&#8221;default&#8221; global_colors_info=&#8221;{}&#8221;][\/et_pb_video][\/et_pb_column][\/et_pb_row][\/et_pb_section]<\/p>\n","protected":false},"excerpt":{"rendered":"<p>L&#8217;histoireLes for\u00eats tropicales humides ont le potentiel d&#8217;att\u00e9nuer les crises mondiales actuelles que sont le changement climatique et la perte de biodiversit\u00e9. Elles stockent et absorbent le carbone et abritent plus de 50 % de la biodiversit\u00e9 terrestre, alors qu&#8217;elles ne couvrent que 6 % de la surface de la Terre. Aucun autre \u00e9cosyst\u00e8me ou&#8230;<\/p>\n","protected":false},"author":1,"featured_media":7210,"parent":0,"menu_order":0,"comment_status":"closed","ping_status":"closed","template":"","meta":{"_acf_changed":false,"_et_pb_use_builder":"on","_et_pb_old_content":"","_et_gb_content_width":"","footnotes":""},"class_list":["post-7619","page","type-page","status-publish","has-post-thumbnail","hentry"],"acf":[],"yoast_head":"<!-- This site is optimized with the Yoast SEO plugin v23.9 - https:\/\/yoast.com\/wordpress\/plugins\/seo\/ -->\n<title>L&#039;histoire - Central African Forest Initiative (CAFI)<\/title>\n<meta name=\"robots\" content=\"index, follow, max-snippet:-1, max-image-preview:large, max-video-preview:-1\" \/>\n<link rel=\"canonical\" href=\"https:\/\/cafi.org\/fr\/lhistoire\/\" \/>\n<meta property=\"og:locale\" content=\"fr_FR\" \/>\n<meta property=\"og:type\" content=\"article\" \/>\n<meta property=\"og:title\" content=\"L&#039;histoire - Central African Forest Initiative (CAFI)\" \/>\n<meta property=\"og:url\" content=\"https:\/\/cafi.org\/fr\/lhistoire\/\" \/>\n<meta property=\"og:site_name\" content=\"Central African Forest Initiative (CAFI)\" \/>\n<meta property=\"article:modified_time\" content=\"2025-11-27T14:28:56+00:00\" \/>\n<meta property=\"og:image\" content=\"https:\/\/cafi.org\/app\/uploads\/2025\/01\/republicofcongo-scaled.jpg\" \/>\n\t<meta property=\"og:image:width\" content=\"2560\" \/>\n\t<meta property=\"og:image:height\" content=\"1705\" \/>\n\t<meta property=\"og:image:type\" content=\"image\/jpeg\" \/>\n<meta name=\"twitter:card\" content=\"summary_large_image\" \/>\n<meta name=\"twitter:label1\" content=\"Est. reading time\" \/>\n\t<meta name=\"twitter:data1\" content=\"7 minutes\" \/>\n<script type=\"application\/ld+json\" class=\"yoast-schema-graph\">{\"@context\":\"https:\/\/schema.org\",\"@graph\":[{\"@type\":\"WebPage\",\"@id\":\"https:\/\/cafi.org\/fr\/lhistoire\/\",\"url\":\"https:\/\/cafi.org\/fr\/lhistoire\/\",\"name\":\"L'histoire - Central African Forest Initiative (CAFI)\",\"isPartOf\":{\"@id\":\"https:\/\/cafi.org\/#website\"},\"primaryImageOfPage\":{\"@id\":\"https:\/\/cafi.org\/fr\/lhistoire\/#primaryimage\"},\"image\":{\"@id\":\"https:\/\/cafi.org\/fr\/lhistoire\/#primaryimage\"},\"thumbnailUrl\":\"https:\/\/cafi.org\/app\/uploads\/2025\/01\/republicofcongo-scaled.jpg\",\"datePublished\":\"2025-01-28T09:56:36+00:00\",\"dateModified\":\"2025-11-27T14:28:56+00:00\",\"breadcrumb\":{\"@id\":\"https:\/\/cafi.org\/fr\/lhistoire\/#breadcrumb\"},\"inLanguage\":\"fr-FR\",\"potentialAction\":[{\"@type\":\"ReadAction\",\"target\":[\"https:\/\/cafi.org\/fr\/lhistoire\/\"]}]},{\"@type\":\"ImageObject\",\"inLanguage\":\"fr-FR\",\"@id\":\"https:\/\/cafi.org\/fr\/lhistoire\/#primaryimage\",\"url\":\"https:\/\/cafi.org\/app\/uploads\/2025\/01\/republicofcongo-scaled.jpg\",\"contentUrl\":\"https:\/\/cafi.org\/app\/uploads\/2025\/01\/republicofcongo-scaled.jpg\",\"width\":2560,\"height\":1705},{\"@type\":\"BreadcrumbList\",\"@id\":\"https:\/\/cafi.org\/fr\/lhistoire\/#breadcrumb\",\"itemListElement\":[{\"@type\":\"ListItem\",\"position\":1,\"name\":\"Home\",\"item\":\"https:\/\/cafi.org\/fr\/\"},{\"@type\":\"ListItem\",\"position\":2,\"name\":\"L&#8217;histoire\"}]},{\"@type\":\"WebSite\",\"@id\":\"https:\/\/cafi.org\/#website\",\"url\":\"https:\/\/cafi.org\/\",\"name\":\"Central African Forest Initiative (CAFI)\",\"description\":\"\",\"potentialAction\":[{\"@type\":\"SearchAction\",\"target\":{\"@type\":\"EntryPoint\",\"urlTemplate\":\"https:\/\/cafi.org\/?s={search_term_string}\"},\"query-input\":{\"@type\":\"PropertyValueSpecification\",\"valueRequired\":true,\"valueName\":\"search_term_string\"}}],\"inLanguage\":\"fr-FR\"}]}<\/script>\n<!-- \/ Yoast SEO plugin. -->","yoast_head_json":{"title":"L'histoire - Central African Forest Initiative (CAFI)","robots":{"index":"index","follow":"follow","max-snippet":"max-snippet:-1","max-image-preview":"max-image-preview:large","max-video-preview":"max-video-preview:-1"},"canonical":"https:\/\/cafi.org\/fr\/lhistoire\/","og_locale":"fr_FR","og_type":"article","og_title":"L'histoire - Central African Forest Initiative (CAFI)","og_url":"https:\/\/cafi.org\/fr\/lhistoire\/","og_site_name":"Central African Forest Initiative (CAFI)","article_modified_time":"2025-11-27T14:28:56+00:00","og_image":[{"width":2560,"height":1705,"url":"https:\/\/cafi.org\/app\/uploads\/2025\/01\/republicofcongo-scaled.jpg","type":"image\/jpeg"}],"twitter_card":"summary_large_image","twitter_misc":{"Est. reading time":"7 minutes"},"schema":{"@context":"https:\/\/schema.org","@graph":[{"@type":"WebPage","@id":"https:\/\/cafi.org\/fr\/lhistoire\/","url":"https:\/\/cafi.org\/fr\/lhistoire\/","name":"L'histoire - Central African Forest Initiative (CAFI)","isPartOf":{"@id":"https:\/\/cafi.org\/#website"},"primaryImageOfPage":{"@id":"https:\/\/cafi.org\/fr\/lhistoire\/#primaryimage"},"image":{"@id":"https:\/\/cafi.org\/fr\/lhistoire\/#primaryimage"},"thumbnailUrl":"https:\/\/cafi.org\/app\/uploads\/2025\/01\/republicofcongo-scaled.jpg","datePublished":"2025-01-28T09:56:36+00:00","dateModified":"2025-11-27T14:28:56+00:00","breadcrumb":{"@id":"https:\/\/cafi.org\/fr\/lhistoire\/#breadcrumb"},"inLanguage":"fr-FR","potentialAction":[{"@type":"ReadAction","target":["https:\/\/cafi.org\/fr\/lhistoire\/"]}]},{"@type":"ImageObject","inLanguage":"fr-FR","@id":"https:\/\/cafi.org\/fr\/lhistoire\/#primaryimage","url":"https:\/\/cafi.org\/app\/uploads\/2025\/01\/republicofcongo-scaled.jpg","contentUrl":"https:\/\/cafi.org\/app\/uploads\/2025\/01\/republicofcongo-scaled.jpg","width":2560,"height":1705},{"@type":"BreadcrumbList","@id":"https:\/\/cafi.org\/fr\/lhistoire\/#breadcrumb","itemListElement":[{"@type":"ListItem","position":1,"name":"Home","item":"https:\/\/cafi.org\/fr\/"},{"@type":"ListItem","position":2,"name":"L&#8217;histoire"}]},{"@type":"WebSite","@id":"https:\/\/cafi.org\/#website","url":"https:\/\/cafi.org\/","name":"Central African Forest Initiative (CAFI)","description":"","potentialAction":[{"@type":"SearchAction","target":{"@type":"EntryPoint","urlTemplate":"https:\/\/cafi.org\/?s={search_term_string}"},"query-input":{"@type":"PropertyValueSpecification","valueRequired":true,"valueName":"search_term_string"}}],"inLanguage":"fr-FR"}]}},"_links":{"self":[{"href":"https:\/\/cafi.org\/fr\/wp-json\/wp\/v2\/pages\/7619","targetHints":{"allow":["GET"]}}],"collection":[{"href":"https:\/\/cafi.org\/fr\/wp-json\/wp\/v2\/pages"}],"about":[{"href":"https:\/\/cafi.org\/fr\/wp-json\/wp\/v2\/types\/page"}],"author":[{"embeddable":true,"href":"https:\/\/cafi.org\/fr\/wp-json\/wp\/v2\/users\/1"}],"replies":[{"embeddable":true,"href":"https:\/\/cafi.org\/fr\/wp-json\/wp\/v2\/comments?post=7619"}],"version-history":[{"count":4,"href":"https:\/\/cafi.org\/fr\/wp-json\/wp\/v2\/pages\/7619\/revisions"}],"predecessor-version":[{"id":13590,"href":"https:\/\/cafi.org\/fr\/wp-json\/wp\/v2\/pages\/7619\/revisions\/13590"}],"wp:featuredmedia":[{"embeddable":true,"href":"https:\/\/cafi.org\/fr\/wp-json\/wp\/v2\/media\/7210"}],"wp:attachment":[{"href":"https:\/\/cafi.org\/fr\/wp-json\/wp\/v2\/media?parent=7619"}],"curies":[{"name":"wp","href":"https:\/\/api.w.org\/{rel}","templated":true}]}}