{"id":7611,"date":"2025-01-17T12:17:47","date_gmt":"2025-01-17T12:17:47","guid":{"rendered":"https:\/\/cafi.argusservices.in\/rapports-annuels\/"},"modified":"2025-08-11T06:38:02","modified_gmt":"2025-08-11T06:38:02","slug":"rapports-annuels","status":"publish","type":"page","link":"https:\/\/cafi.org\/fr\/ressources\/rapports-annuels\/","title":{"rendered":"Rapports annuels"},"content":{"rendered":"<p>[et_pb_section fb_built=&#8221;1&#8243; admin_label=&#8221;section&#8221; _builder_version=&#8221;4.27.3&#8243; custom_margin=&#8221;0px||0px||false|false&#8221; custom_padding=&#8221;0px||0px||false|false&#8221; da_disable_devices=&#8221;off|off|off&#8221; global_colors_info=&#8221;{}&#8221; da_is_popup=&#8221;off&#8221; da_exit_intent=&#8221;off&#8221; da_has_close=&#8221;on&#8221; da_alt_close=&#8221;off&#8221; da_dark_close=&#8221;off&#8221; da_not_modal=&#8221;on&#8221; da_is_singular=&#8221;off&#8221; da_with_loader=&#8221;off&#8221; da_has_shadow=&#8221;on&#8221;][et_pb_row admin_label=&#8221;rang\u00e9e&#8221; _builder_version=&#8221;4.27.3&#8243; background_size=&#8221;initial&#8221; background_position=&#8221;top_left&#8221; background_repeat=&#8221;repeat&#8221; custom_margin=&#8221;0px||0px||false|false&#8221; custom_padding=&#8221;0px||0px||false|false&#8221; global_colors_info=&#8221;{}&#8221;][et_pb_column type=&#8221;4_4&#8243; _builder_version=&#8221;4.16&#8243; custom_padding=&#8221;|||&#8221; global_colors_info=&#8221;{}&#8221; custom_padding__hover=&#8221;|||&#8221;][et_pb_text _builder_version=&#8221;4.27.3&#8243; _module_preset=&#8221;default&#8221; custom_margin=&#8221;0px||0px||false|false&#8221; custom_padding=&#8221;0px||30px||false|false&#8221; hover_enabled=&#8221;0&#8243; global_colors_info=&#8221;{}&#8221; sticky_enabled=&#8221;0&#8243;]<\/p>\n<h1>Rapports annuels<\/h1>\n<p>[\/et_pb_text][et_pb_text _builder_version=&#8221;4.27.3&#8243; _module_preset=&#8221;default&#8221; hover_enabled=&#8221;0&#8243; global_colors_info=&#8221;{}&#8221; sticky_enabled=&#8221;0&#8243;]<\/p>\n<p>Les rapports annuels de la CAFI sont finalis\u00e9s chaque ann\u00e9e le 31 mai et publi\u00e9s apr\u00e8s approbation du conseil d&#8217;administration de la CAFI en juin. Ils sont bas\u00e9s sur les rapports annuels des projets, soumis le 30 mars, et sur le rapport annuel du FONAREDD (pour la RDC) soumis le 31 mai.<\/p>\n<p>[\/et_pb_text][et_pb_code _builder_version=&#8221;4.27.3&#8243; _module_preset=&#8221;default&#8221; hover_enabled=&#8221;0&#8243; global_colors_info=&#8221;{}&#8221; sticky_enabled=&#8221;0&#8243;]<p>Aucun rapport trouv\u00e9.<\/p>[\/et_pb_code][\/et_pb_column][\/et_pb_row][\/et_pb_section]<\/p>\n","protected":false},"excerpt":{"rendered":"<p>Rapports annuelsLes rapports annuels de la CAFI sont finalis\u00e9s chaque ann\u00e9e le 31 mai et publi\u00e9s apr\u00e8s approbation du conseil d&#8217;administration de la CAFI en juin. Ils sont bas\u00e9s sur les rapports annuels des projets, soumis le 30 mars, et sur le rapport annuel du FONAREDD (pour la RDC) soumis le 31 mai.<p>Aucun rapport trouv\u00e9.<\/p><\/p>\n","protected":false},"author":1,"featured_media":7232,"parent":7622,"menu_order":0,"comment_status":"closed","ping_status":"closed","template":"","meta":{"_acf_changed":false,"_et_pb_use_builder":"on","_et_pb_old_content":"","_et_gb_content_width":"","footnotes":""},"class_list":["post-7611","page","type-page","status-publish","has-post-thumbnail","hentry"],"acf":[],"yoast_head":"<!-- This site is optimized with the Yoast SEO plugin v23.9 - https:\/\/yoast.com\/wordpress\/plugins\/seo\/ -->\n<title>Rapports annuels - Central African Forest Initiative (CAFI)<\/title>\n<meta name=\"robots\" content=\"index, follow, max-snippet:-1, max-image-preview:large, max-video-preview:-1\" \/>\n<link rel=\"canonical\" href=\"https:\/\/cafi.org\/fr\/ressources\/rapports-annuels\/\" \/>\n<meta property=\"og:locale\" content=\"fr_FR\" \/>\n<meta property=\"og:type\" content=\"article\" \/>\n<meta property=\"og:title\" content=\"Rapports annuels - Central African Forest Initiative (CAFI)\" \/>\n<meta property=\"og:url\" content=\"https:\/\/cafi.org\/fr\/ressources\/rapports-annuels\/\" \/>\n<meta property=\"og:site_name\" content=\"Central African Forest Initiative (CAFI)\" \/>\n<meta property=\"article:modified_time\" content=\"2025-08-11T06:38:02+00:00\" \/>\n<meta property=\"og:image\" content=\"https:\/\/cafi.org\/app\/uploads\/2025\/02\/639.jpg\" \/>\n\t<meta property=\"og:image:width\" content=\"2000\" \/>\n\t<meta property=\"og:image:height\" content=\"1153\" \/>\n\t<meta property=\"og:image:type\" content=\"image\/jpeg\" \/>\n<meta name=\"twitter:card\" content=\"summary_large_image\" \/>\n<meta name=\"twitter:label1\" content=\"Est. reading time\" \/>\n\t<meta name=\"twitter:data1\" content=\"1 minute\" \/>\n<script type=\"application\/ld+json\" class=\"yoast-schema-graph\">{\"@context\":\"https:\/\/schema.org\",\"@graph\":[{\"@type\":\"WebPage\",\"@id\":\"https:\/\/cafi.org\/fr\/ressources\/rapports-annuels\/\",\"url\":\"https:\/\/cafi.org\/fr\/ressources\/rapports-annuels\/\",\"name\":\"Rapports annuels - Central African Forest Initiative (CAFI)\",\"isPartOf\":{\"@id\":\"https:\/\/cafi.org\/#website\"},\"primaryImageOfPage\":{\"@id\":\"https:\/\/cafi.org\/fr\/ressources\/rapports-annuels\/#primaryimage\"},\"image\":{\"@id\":\"https:\/\/cafi.org\/fr\/ressources\/rapports-annuels\/#primaryimage\"},\"thumbnailUrl\":\"https:\/\/cafi.org\/app\/uploads\/2025\/02\/639.jpg\",\"datePublished\":\"2025-01-17T12:17:47+00:00\",\"dateModified\":\"2025-08-11T06:38:02+00:00\",\"breadcrumb\":{\"@id\":\"https:\/\/cafi.org\/fr\/ressources\/rapports-annuels\/#breadcrumb\"},\"inLanguage\":\"fr-FR\",\"potentialAction\":[{\"@type\":\"ReadAction\",\"target\":[\"https:\/\/cafi.org\/fr\/ressources\/rapports-annuels\/\"]}]},{\"@type\":\"ImageObject\",\"inLanguage\":\"fr-FR\",\"@id\":\"https:\/\/cafi.org\/fr\/ressources\/rapports-annuels\/#primaryimage\",\"url\":\"https:\/\/cafi.org\/app\/uploads\/2025\/02\/639.jpg\",\"contentUrl\":\"https:\/\/cafi.org\/app\/uploads\/2025\/02\/639.jpg\",\"width\":2000,\"height\":1153},{\"@type\":\"BreadcrumbList\",\"@id\":\"https:\/\/cafi.org\/fr\/ressources\/rapports-annuels\/#breadcrumb\",\"itemListElement\":[{\"@type\":\"ListItem\",\"position\":1,\"name\":\"Home\",\"item\":\"https:\/\/cafi.org\/fr\/\"},{\"@type\":\"ListItem\",\"position\":2,\"name\":\"Ressources\",\"item\":\"https:\/\/cafi.org\/fr\/ressources\/\"},{\"@type\":\"ListItem\",\"position\":3,\"name\":\"Rapports annuels\"}]},{\"@type\":\"WebSite\",\"@id\":\"https:\/\/cafi.org\/#website\",\"url\":\"https:\/\/cafi.org\/\",\"name\":\"Central African Forest Initiative (CAFI)\",\"description\":\"\",\"potentialAction\":[{\"@type\":\"SearchAction\",\"target\":{\"@type\":\"EntryPoint\",\"urlTemplate\":\"https:\/\/cafi.org\/?s={search_term_string}\"},\"query-input\":{\"@type\":\"PropertyValueSpecification\",\"valueRequired\":true,\"valueName\":\"search_term_string\"}}],\"inLanguage\":\"fr-FR\"}]}<\/script>\n<!-- \/ Yoast SEO plugin. -->","yoast_head_json":{"title":"Rapports annuels - Central African Forest Initiative (CAFI)","robots":{"index":"index","follow":"follow","max-snippet":"max-snippet:-1","max-image-preview":"max-image-preview:large","max-video-preview":"max-video-preview:-1"},"canonical":"https:\/\/cafi.org\/fr\/ressources\/rapports-annuels\/","og_locale":"fr_FR","og_type":"article","og_title":"Rapports annuels - Central African Forest Initiative (CAFI)","og_url":"https:\/\/cafi.org\/fr\/ressources\/rapports-annuels\/","og_site_name":"Central African Forest Initiative (CAFI)","article_modified_time":"2025-08-11T06:38:02+00:00","og_image":[{"width":2000,"height":1153,"url":"https:\/\/cafi.org\/app\/uploads\/2025\/02\/639.jpg","type":"image\/jpeg"}],"twitter_card":"summary_large_image","twitter_misc":{"Est. reading time":"1 minute"},"schema":{"@context":"https:\/\/schema.org","@graph":[{"@type":"WebPage","@id":"https:\/\/cafi.org\/fr\/ressources\/rapports-annuels\/","url":"https:\/\/cafi.org\/fr\/ressources\/rapports-annuels\/","name":"Rapports annuels - Central African Forest Initiative (CAFI)","isPartOf":{"@id":"https:\/\/cafi.org\/#website"},"primaryImageOfPage":{"@id":"https:\/\/cafi.org\/fr\/ressources\/rapports-annuels\/#primaryimage"},"image":{"@id":"https:\/\/cafi.org\/fr\/ressources\/rapports-annuels\/#primaryimage"},"thumbnailUrl":"https:\/\/cafi.org\/app\/uploads\/2025\/02\/639.jpg","datePublished":"2025-01-17T12:17:47+00:00","dateModified":"2025-08-11T06:38:02+00:00","breadcrumb":{"@id":"https:\/\/cafi.org\/fr\/ressources\/rapports-annuels\/#breadcrumb"},"inLanguage":"fr-FR","potentialAction":[{"@type":"ReadAction","target":["https:\/\/cafi.org\/fr\/ressources\/rapports-annuels\/"]}]},{"@type":"ImageObject","inLanguage":"fr-FR","@id":"https:\/\/cafi.org\/fr\/ressources\/rapports-annuels\/#primaryimage","url":"https:\/\/cafi.org\/app\/uploads\/2025\/02\/639.jpg","contentUrl":"https:\/\/cafi.org\/app\/uploads\/2025\/02\/639.jpg","width":2000,"height":1153},{"@type":"BreadcrumbList","@id":"https:\/\/cafi.org\/fr\/ressources\/rapports-annuels\/#breadcrumb","itemListElement":[{"@type":"ListItem","position":1,"name":"Home","item":"https:\/\/cafi.org\/fr\/"},{"@type":"ListItem","position":2,"name":"Ressources","item":"https:\/\/cafi.org\/fr\/ressources\/"},{"@type":"ListItem","position":3,"name":"Rapports annuels"}]},{"@type":"WebSite","@id":"https:\/\/cafi.org\/#website","url":"https:\/\/cafi.org\/","name":"Central African Forest Initiative (CAFI)","description":"","potentialAction":[{"@type":"SearchAction","target":{"@type":"EntryPoint","urlTemplate":"https:\/\/cafi.org\/?s={search_term_string}"},"query-input":{"@type":"PropertyValueSpecification","valueRequired":true,"valueName":"search_term_string"}}],"inLanguage":"fr-FR"}]}},"_links":{"self":[{"href":"https:\/\/cafi.org\/fr\/wp-json\/wp\/v2\/pages\/7611","targetHints":{"allow":["GET"]}}],"collection":[{"href":"https:\/\/cafi.org\/fr\/wp-json\/wp\/v2\/pages"}],"about":[{"href":"https:\/\/cafi.org\/fr\/wp-json\/wp\/v2\/types\/page"}],"author":[{"embeddable":true,"href":"https:\/\/cafi.org\/fr\/wp-json\/wp\/v2\/users\/1"}],"replies":[{"embeddable":true,"href":"https:\/\/cafi.org\/fr\/wp-json\/wp\/v2\/comments?post=7611"}],"version-history":[{"count":2,"href":"https:\/\/cafi.org\/fr\/wp-json\/wp\/v2\/pages\/7611\/revisions"}],"predecessor-version":[{"id":7615,"href":"https:\/\/cafi.org\/fr\/wp-json\/wp\/v2\/pages\/7611\/revisions\/7615"}],"up":[{"embeddable":true,"href":"https:\/\/cafi.org\/fr\/wp-json\/wp\/v2\/pages\/7622"}],"wp:featuredmedia":[{"embeddable":true,"href":"https:\/\/cafi.org\/fr\/wp-json\/wp\/v2\/media\/7232"}],"wp:attachment":[{"href":"https:\/\/cafi.org\/fr\/wp-json\/wp\/v2\/media?parent=7611"}],"curies":[{"name":"wp","href":"https:\/\/api.w.org\/{rel}","templated":true}]}}