{"id":7592,"date":"2025-07-22T06:10:57","date_gmt":"2025-07-22T06:10:57","guid":{"rendered":"https:\/\/cafi.argusservices.in\/realisations-en-images\/"},"modified":"2025-11-27T14:30:29","modified_gmt":"2025-11-27T14:30:29","slug":"realisations-en-images","status":"publish","type":"page","link":"https:\/\/cafi.org\/fr\/realisations-en-images\/","title":{"rendered":"R\u00e9alisations en images"},"content":{"rendered":"<p>[et_pb_section fb_built=&#8221;1&#8243; admin_label=&#8221;section&#8221; _builder_version=&#8221;4.27.3&#8243; custom_margin=&#8221;0px||0px||false|false&#8221; custom_padding=&#8221;0px||0px||false|false&#8221; da_disable_devices=&#8221;off|off|off&#8221; global_colors_info=&#8221;{}&#8221; da_is_popup=&#8221;off&#8221; da_exit_intent=&#8221;off&#8221; da_has_close=&#8221;on&#8221; da_alt_close=&#8221;off&#8221; da_dark_close=&#8221;off&#8221; da_not_modal=&#8221;on&#8221; da_is_singular=&#8221;off&#8221; da_with_loader=&#8221;off&#8221; da_has_shadow=&#8221;on&#8221;][et_pb_row admin_label=&#8221;rang\u00e9e&#8221; _builder_version=&#8221;4.27.3&#8243; background_size=&#8221;initial&#8221; background_position=&#8221;top_left&#8221; background_repeat=&#8221;repeat&#8221; custom_margin=&#8221;0px||0px||false|false&#8221; custom_padding=&#8221;0px||0px||false|false&#8221; locked=&#8221;off&#8221; global_colors_info=&#8221;{}&#8221;][et_pb_column type=&#8221;4_4&#8243; _builder_version=&#8221;4.16&#8243; custom_padding=&#8221;|||&#8221; global_colors_info=&#8221;{}&#8221; custom_padding__hover=&#8221;|||&#8221;][et_pb_menu menu_id=&#8221;20&#8243; disabled_on=&#8221;off|off|off&#8221; module_class=&#8221;custom-tab-menu&#8221; _builder_version=&#8221;4.27.3&#8243; _module_preset=&#8221;default&#8221; custom_margin=&#8221;0px||0px||false|false&#8221; custom_padding=&#8221;0px||0px||false|false&#8221; locked=&#8221;off&#8221; global_colors_info=&#8221;{}&#8221;][\/et_pb_menu][et_pb_text admin_label=&#8221;Accomplishments In Images&#8221; _builder_version=&#8221;4.27.3&#8243; _module_preset=&#8221;default&#8221; custom_margin=&#8221;0px||0px||false|false&#8221; custom_padding=&#8221;30px||0px||false|false&#8221; global_colors_info=&#8221;{}&#8221;]<\/p>\n<h1>R\u00e9alisations en images<\/h1>\n<p>[\/et_pb_text][et_pb_text _builder_version=&#8221;4.27.3&#8243; _module_preset=&#8221;default&#8221; hover_enabled=&#8221;0&#8243; global_colors_info=&#8221;{}&#8221; sticky_enabled=&#8221;0&#8243;]<\/p>\n<p>Notre cha\u00eene YouTube pr\u00e9sente nos r\u00e9alisations les plus remarquables, au niveau des fonds, pays par pays, et sur des th\u00e8mes sp\u00e9cifiques tels que les paiements pour services environnementaux.<\/p>\n<p>D\u00e9couvrez notre derni\u00e8re publication ci-dessous ou explorez-la plus en d\u00e9tail ici:<\/p>\n<p>[\/et_pb_text][et_pb_video src=&#8221;https:\/\/youtu.be\/Zo8co0CzJ8c?feature=shared&#8221; _builder_version=&#8221;4.27.3&#8243; _module_preset=&#8221;default&#8221; global_colors_info=&#8221;{}&#8221;][\/et_pb_video][et_pb_video src=&#8221;https:\/\/youtu.be\/bDq_bCYS-jY?feature=shared&#8221; _builder_version=&#8221;4.27.3&#8243; _module_preset=&#8221;default&#8221; global_colors_info=&#8221;{}&#8221;][\/et_pb_video][\/et_pb_column][\/et_pb_row][\/et_pb_section]<\/p>\n","protected":false},"excerpt":{"rendered":"<p>R\u00e9alisations en imagesNotre cha\u00eene YouTube pr\u00e9sente nos r\u00e9alisations les plus remarquables, au niveau des fonds, pays par pays, et sur des th\u00e8mes sp\u00e9cifiques tels que les paiements pour services environnementaux. D\u00e9couvrez notre derni\u00e8re publication ci-dessous ou explorez-la plus en d\u00e9tail ici:<\/p>\n","protected":false},"author":1,"featured_media":7174,"parent":0,"menu_order":0,"comment_status":"closed","ping_status":"closed","template":"","meta":{"_acf_changed":false,"_et_pb_use_builder":"on","_et_pb_old_content":"","_et_gb_content_width":"","footnotes":""},"class_list":["post-7592","page","type-page","status-publish","has-post-thumbnail","hentry"],"acf":[],"yoast_head":"<!-- This site is optimized with the Yoast SEO plugin v23.9 - https:\/\/yoast.com\/wordpress\/plugins\/seo\/ -->\n<title>R\u00e9alisations en images - Central African Forest Initiative (CAFI)<\/title>\n<meta name=\"robots\" content=\"index, follow, max-snippet:-1, max-image-preview:large, max-video-preview:-1\" \/>\n<link rel=\"canonical\" href=\"https:\/\/cafi.org\/fr\/realisations-en-images\/\" \/>\n<meta property=\"og:locale\" content=\"fr_FR\" \/>\n<meta property=\"og:type\" content=\"article\" \/>\n<meta property=\"og:title\" content=\"R\u00e9alisations en images - Central African Forest Initiative (CAFI)\" \/>\n<meta property=\"og:url\" content=\"https:\/\/cafi.org\/fr\/realisations-en-images\/\" \/>\n<meta property=\"og:site_name\" content=\"Central African Forest Initiative (CAFI)\" \/>\n<meta property=\"article:modified_time\" content=\"2025-11-27T14:30:29+00:00\" \/>\n<meta property=\"og:image\" content=\"https:\/\/cafi.org\/app\/uploads\/2025\/01\/project5_thumbnail.png\" \/>\n\t<meta property=\"og:image:width\" content=\"436\" \/>\n\t<meta property=\"og:image:height\" content=\"267\" \/>\n\t<meta property=\"og:image:type\" content=\"image\/png\" \/>\n<meta name=\"twitter:card\" content=\"summary_large_image\" \/>\n<meta name=\"twitter:label1\" content=\"Est. reading time\" \/>\n\t<meta name=\"twitter:data1\" content=\"2 minutes\" \/>\n<script type=\"application\/ld+json\" class=\"yoast-schema-graph\">{\"@context\":\"https:\/\/schema.org\",\"@graph\":[{\"@type\":\"WebPage\",\"@id\":\"https:\/\/cafi.org\/fr\/realisations-en-images\/\",\"url\":\"https:\/\/cafi.org\/fr\/realisations-en-images\/\",\"name\":\"R\u00e9alisations en images - Central African Forest Initiative (CAFI)\",\"isPartOf\":{\"@id\":\"https:\/\/cafi.org\/#website\"},\"primaryImageOfPage\":{\"@id\":\"https:\/\/cafi.org\/fr\/realisations-en-images\/#primaryimage\"},\"image\":{\"@id\":\"https:\/\/cafi.org\/fr\/realisations-en-images\/#primaryimage\"},\"thumbnailUrl\":\"https:\/\/cafi.org\/app\/uploads\/2025\/01\/project5_thumbnail.png\",\"datePublished\":\"2025-07-22T06:10:57+00:00\",\"dateModified\":\"2025-11-27T14:30:29+00:00\",\"breadcrumb\":{\"@id\":\"https:\/\/cafi.org\/fr\/realisations-en-images\/#breadcrumb\"},\"inLanguage\":\"fr-FR\",\"potentialAction\":[{\"@type\":\"ReadAction\",\"target\":[\"https:\/\/cafi.org\/fr\/realisations-en-images\/\"]}]},{\"@type\":\"ImageObject\",\"inLanguage\":\"fr-FR\",\"@id\":\"https:\/\/cafi.org\/fr\/realisations-en-images\/#primaryimage\",\"url\":\"https:\/\/cafi.org\/app\/uploads\/2025\/01\/project5_thumbnail.png\",\"contentUrl\":\"https:\/\/cafi.org\/app\/uploads\/2025\/01\/project5_thumbnail.png\",\"width\":436,\"height\":267},{\"@type\":\"BreadcrumbList\",\"@id\":\"https:\/\/cafi.org\/fr\/realisations-en-images\/#breadcrumb\",\"itemListElement\":[{\"@type\":\"ListItem\",\"position\":1,\"name\":\"Home\",\"item\":\"https:\/\/cafi.org\/fr\/\"},{\"@type\":\"ListItem\",\"position\":2,\"name\":\"R\u00e9alisations en images\"}]},{\"@type\":\"WebSite\",\"@id\":\"https:\/\/cafi.org\/#website\",\"url\":\"https:\/\/cafi.org\/\",\"name\":\"Central African Forest Initiative (CAFI)\",\"description\":\"\",\"potentialAction\":[{\"@type\":\"SearchAction\",\"target\":{\"@type\":\"EntryPoint\",\"urlTemplate\":\"https:\/\/cafi.org\/?s={search_term_string}\"},\"query-input\":{\"@type\":\"PropertyValueSpecification\",\"valueRequired\":true,\"valueName\":\"search_term_string\"}}],\"inLanguage\":\"fr-FR\"}]}<\/script>\n<!-- \/ Yoast SEO plugin. -->","yoast_head_json":{"title":"R\u00e9alisations en images - Central African Forest Initiative (CAFI)","robots":{"index":"index","follow":"follow","max-snippet":"max-snippet:-1","max-image-preview":"max-image-preview:large","max-video-preview":"max-video-preview:-1"},"canonical":"https:\/\/cafi.org\/fr\/realisations-en-images\/","og_locale":"fr_FR","og_type":"article","og_title":"R\u00e9alisations en images - Central African Forest Initiative (CAFI)","og_url":"https:\/\/cafi.org\/fr\/realisations-en-images\/","og_site_name":"Central African Forest Initiative (CAFI)","article_modified_time":"2025-11-27T14:30:29+00:00","og_image":[{"width":436,"height":267,"url":"https:\/\/cafi.org\/app\/uploads\/2025\/01\/project5_thumbnail.png","type":"image\/png"}],"twitter_card":"summary_large_image","twitter_misc":{"Est. reading time":"2 minutes"},"schema":{"@context":"https:\/\/schema.org","@graph":[{"@type":"WebPage","@id":"https:\/\/cafi.org\/fr\/realisations-en-images\/","url":"https:\/\/cafi.org\/fr\/realisations-en-images\/","name":"R\u00e9alisations en images - Central African Forest Initiative (CAFI)","isPartOf":{"@id":"https:\/\/cafi.org\/#website"},"primaryImageOfPage":{"@id":"https:\/\/cafi.org\/fr\/realisations-en-images\/#primaryimage"},"image":{"@id":"https:\/\/cafi.org\/fr\/realisations-en-images\/#primaryimage"},"thumbnailUrl":"https:\/\/cafi.org\/app\/uploads\/2025\/01\/project5_thumbnail.png","datePublished":"2025-07-22T06:10:57+00:00","dateModified":"2025-11-27T14:30:29+00:00","breadcrumb":{"@id":"https:\/\/cafi.org\/fr\/realisations-en-images\/#breadcrumb"},"inLanguage":"fr-FR","potentialAction":[{"@type":"ReadAction","target":["https:\/\/cafi.org\/fr\/realisations-en-images\/"]}]},{"@type":"ImageObject","inLanguage":"fr-FR","@id":"https:\/\/cafi.org\/fr\/realisations-en-images\/#primaryimage","url":"https:\/\/cafi.org\/app\/uploads\/2025\/01\/project5_thumbnail.png","contentUrl":"https:\/\/cafi.org\/app\/uploads\/2025\/01\/project5_thumbnail.png","width":436,"height":267},{"@type":"BreadcrumbList","@id":"https:\/\/cafi.org\/fr\/realisations-en-images\/#breadcrumb","itemListElement":[{"@type":"ListItem","position":1,"name":"Home","item":"https:\/\/cafi.org\/fr\/"},{"@type":"ListItem","position":2,"name":"R\u00e9alisations en images"}]},{"@type":"WebSite","@id":"https:\/\/cafi.org\/#website","url":"https:\/\/cafi.org\/","name":"Central African Forest Initiative (CAFI)","description":"","potentialAction":[{"@type":"SearchAction","target":{"@type":"EntryPoint","urlTemplate":"https:\/\/cafi.org\/?s={search_term_string}"},"query-input":{"@type":"PropertyValueSpecification","valueRequired":true,"valueName":"search_term_string"}}],"inLanguage":"fr-FR"}]}},"_links":{"self":[{"href":"https:\/\/cafi.org\/fr\/wp-json\/wp\/v2\/pages\/7592","targetHints":{"allow":["GET"]}}],"collection":[{"href":"https:\/\/cafi.org\/fr\/wp-json\/wp\/v2\/pages"}],"about":[{"href":"https:\/\/cafi.org\/fr\/wp-json\/wp\/v2\/types\/page"}],"author":[{"embeddable":true,"href":"https:\/\/cafi.org\/fr\/wp-json\/wp\/v2\/users\/1"}],"replies":[{"embeddable":true,"href":"https:\/\/cafi.org\/fr\/wp-json\/wp\/v2\/comments?post=7592"}],"version-history":[{"count":5,"href":"https:\/\/cafi.org\/fr\/wp-json\/wp\/v2\/pages\/7592\/revisions"}],"predecessor-version":[{"id":13592,"href":"https:\/\/cafi.org\/fr\/wp-json\/wp\/v2\/pages\/7592\/revisions\/13592"}],"wp:featuredmedia":[{"embeddable":true,"href":"https:\/\/cafi.org\/fr\/wp-json\/wp\/v2\/media\/7174"}],"wp:attachment":[{"href":"https:\/\/cafi.org\/fr\/wp-json\/wp\/v2\/media?parent=7592"}],"curies":[{"name":"wp","href":"https:\/\/api.w.org\/{rel}","templated":true}]}}