{"id":7588,"date":"2025-07-31T11:40:04","date_gmt":"2025-07-31T11:40:04","guid":{"rendered":"https:\/\/cafi.argusservices.in\/formulaire-de-plainte\/"},"modified":"2025-08-11T06:44:17","modified_gmt":"2025-08-11T06:44:17","slug":"formulaire-de-plainte","status":"publish","type":"page","link":"https:\/\/cafi.org\/fr\/formulaire-de-plainte\/","title":{"rendered":"Formulaire de plainte"},"content":{"rendered":"<p>[et_pb_section fb_built=&#8221;1&#8243; admin_label=&#8221;section&#8221; _builder_version=&#8221;4.27.3&#8243; custom_margin=&#8221;0px||0px||false|false&#8221; custom_padding=&#8221;0px||0px||false|false&#8221; da_disable_devices=&#8221;off|off|off&#8221; global_colors_info=&#8221;{}&#8221; da_is_popup=&#8221;off&#8221; da_exit_intent=&#8221;off&#8221; da_has_close=&#8221;on&#8221; da_alt_close=&#8221;off&#8221; da_dark_close=&#8221;off&#8221; da_not_modal=&#8221;on&#8221; da_is_singular=&#8221;off&#8221; da_with_loader=&#8221;off&#8221; da_has_shadow=&#8221;on&#8221;][et_pb_row admin_label=&#8221;rang\u00e9e&#8221; _builder_version=&#8221;4.27.3&#8243; background_size=&#8221;initial&#8221; background_position=&#8221;top_left&#8221; background_repeat=&#8221;repeat&#8221; custom_margin=&#8221;0px||0px||false|false&#8221; custom_padding=&#8221;0px||0px||false|false&#8221; global_colors_info=&#8221;{}&#8221;][et_pb_column type=&#8221;4_4&#8243; _builder_version=&#8221;4.16&#8243; custom_padding=&#8221;|||&#8221; global_colors_info=&#8221;{}&#8221; custom_padding__hover=&#8221;|||&#8221;][et_pb_heading title=&#8221;Responsabilit\u00e9&#8221; _builder_version=&#8221;4.27.3&#8243; _module_preset=&#8221;default&#8221; global_colors_info=&#8221;{}&#8221;][\/et_pb_heading][et_pb_code module_class=&#8221;complaint-form&#8221; _builder_version=&#8221;4.27.3&#8243; _module_preset=&#8221;default&#8221; global_colors_info=&#8221;{}&#8221;]\n<form id=\"complaint-form\" method=\"post\" action=\"#\" enctype=\"multipart\/form-data\" class=\"complaint-form\" novalidate>\n    <h3>D\u00e9poser une plainte<\/h3>\n    <div class=\"cafi-form-grid\">\n                                <label>\n                Premier pays concern\u00e9 :                                    <select name=\"primary_country\" class=\"\" >\n                        <option value=\"\">S\u00e9lectionner<\/option>\n                                                    <option value=\"1994\" >Cameroon<\/option>\n                                                    <option value=\"8088\" >Cameroun<\/option>\n                                                    <option value=\"1997\" >Equatorial Guinea<\/option>\n                                                    <option value=\"2034\" >Gabon<\/option>\n                                                    <option value=\"8060\" >Gabon<\/option>\n                                                    <option value=\"8072\" >Guin\u00e9e \u00e9quatoriale<\/option>\n                                                    <option value=\"8083\" >La R\u00e9publique centrafricaine<\/option>\n                                                    <option value=\"8077\" >La R\u00e9publique d\u00e9mocratique du Congo<\/option>\n                                                    <option value=\"3950\" >Regional<\/option>\n                                                    <option value=\"8052\" >R\u00e9gionale<\/option>\n                                                    <option value=\"1998\" >Republic of Congo<\/option>\n                                                    <option value=\"8068\" >R\u00e9publique du Congo<\/option>\n                                                    <option value=\"1995\" >The Central African Republic<\/option>\n                                                    <option value=\"1996\" >The Democratic Republic of the Congo<\/option>\n                                            <\/select>\n                                            <\/label>\n                                <label>\n                Nom de la (des) personne(s) ou organisation(s) qui d\u00e9pose(nt) la plainte :                                    <input type=\"text\" name=\"user_name\" value=\"\" class=\"\" >\n                                            <\/label>\n                                <label>\n                \u00c0 quel sexe vous identifiez-vous ?                                    <select name=\"gender\" class=\"\" >\n                        <option value=\"\">S\u00e9lectionner<\/option>\n                                                    <option value=\"male\" >Homme<\/option>\n                                                    <option value=\"female\" >Femme<\/option>\n                                                    <option value=\"others\" >Autres<\/option>\n                                            <\/select>\n                                            <\/label>\n                                <label>\n                Adresse \u00e9lectronique :                                    <input type=\"email\" name=\"email\" value=\"\" class=\"\" >\n                                            <\/label>\n                                <label>\n                Num\u00e9ro de t\u00e9l\u00e9phone :                                    <input type=\"text\" name=\"phone\" value=\"\" class=\"\" >\n                                            <\/label>\n                                <label>\n                Pays :                                    <select name=\"users_country\" class=\"\" >\n                        <option value=\"\">S\u00e9lectionner<\/option>\n                                                    <option value=\"1994\" >Cameroon<\/option>\n                                                    <option value=\"8088\" >Cameroun<\/option>\n                                                    <option value=\"1997\" >Equatorial Guinea<\/option>\n                                                    <option value=\"2034\" >Gabon<\/option>\n                                                    <option value=\"8060\" >Gabon<\/option>\n                                                    <option value=\"8072\" >Guin\u00e9e \u00e9quatoriale<\/option>\n                                                    <option value=\"8083\" >La R\u00e9publique centrafricaine<\/option>\n                                                    <option value=\"8077\" >La R\u00e9publique d\u00e9mocratique du Congo<\/option>\n                                                    <option value=\"3950\" >Regional<\/option>\n                                                    <option value=\"8052\" >R\u00e9gionale<\/option>\n                                                    <option value=\"1998\" >Republic of Congo<\/option>\n                                                    <option value=\"8068\" >R\u00e9publique du Congo<\/option>\n                                                    <option value=\"1995\" >The Central African Republic<\/option>\n                                                    <option value=\"1996\" >The Democratic Republic of the Congo<\/option>\n                                            <\/select>\n                                            <\/label>\n                                <label>\n                Adresse :                                    <textarea name=\"address\" class=\"\" ><\/textarea>\n                                            <\/label>\n                                <label>\n                Un repr\u00e9sentant d\u00e9pose-t-il cette plainte au nom du\/des plaignant(s) ?                                    <div class=\"cafi-radio-group-inline\">\n                                                    <label class=\"cafi-radio-label-inline\">\n                                <span class=\"cafi-radio-span\">\n                                    <input type=\"radio\" name=\"representative\" value=\"yes\"  class=\"cafi-radio-input-inline\">\n                                <\/span>\n                                <span class=\"cafi-radio-text\">Oui<\/span>\n                            <\/label>\n                                                    <label class=\"cafi-radio-label-inline\">\n                                <span class=\"cafi-radio-span\">\n                                    <input type=\"radio\" name=\"representative\" value=\"no\"  class=\"cafi-radio-input-inline\">\n                                <\/span>\n                                <span class=\"cafi-radio-text\">Non<\/span>\n                            <\/label>\n                                            <\/div>\n                                            <\/label>\n                                <label>\n                Les plaignants ont droit \u00e0 la confidentialit\u00e9 \u00e0 tout moment. Par exemple, si vous craignez des repr\u00e9sailles, le CAFI peut traiter les plaintes en gardant l'identit\u00e9 du plaignant confidentielle. Voulez-vous que nous traitions votre identit\u00e9 de mani\u00e8re confidentielle ?                                      <div class=\"cafi-radio-group-inline\">\n                                                    <label class=\"cafi-radio-label-inline\">\n                                <span class=\"cafi-radio-span\">\n                                    <input type=\"radio\" name=\"confidential\" value=\"yes\"  class=\"cafi-radio-input-inline\">\n                                <\/span>\n                                <span class=\"cafi-radio-text\">Oui<\/span>\n                            <\/label>\n                                                    <label class=\"cafi-radio-label-inline\">\n                                <span class=\"cafi-radio-span\">\n                                    <input type=\"radio\" name=\"confidential\" value=\"no\"  class=\"cafi-radio-input-inline\">\n                                <\/span>\n                                <span class=\"cafi-radio-text\">Non<\/span>\n                            <\/label>\n                                            <\/div>\n                                            <\/label>\n                                <label>\n                Titre ou description du projet ou du programme CAFI :                                    <textarea name=\"project_title_or_dicription\" class=\"\" ><\/textarea>\n                                            <\/label>\n                                <label>\n                S'il est connu, veuillez indiquer le num\u00e9ro du projet (facultatif) :                                    <input type=\"text\" name=\"project_number\" value=\"\" class=\"\" >\n                                            <\/label>\n                                <label>\n                Localisation du projet ou du programme. Veuillez \u00eatre aussi pr\u00e9cis que possible :                                     <textarea name=\"project_location\" class=\"\" ><\/textarea>\n                                            <\/label>\n                                <label>\n                S'il est connu, veuillez indiquer le nom de l'organisation charg\u00e9e de la mise en \u0153uvre (facultatif) :                                    <input type=\"text\" name=\"agency\" value=\"\" class=\"\" >\n                                            <\/label>\n                                <label>\n                Veuillez d\u00e9crire comment vous, ou ceux que vous repr\u00e9sentez, \u00eates ou pourriez \u00eatre affect\u00e9s par le projet :                                    <textarea name=\"impact_description\" class=\"\" ><\/textarea>\n                                            <\/label>\n                                <label>\n                Pensez-vous que CAFI n'a pas respect\u00e9 ses propres politiques et proc\u00e9dures ? (facultatif) :                                     <div class=\"cafi-radio-group-inline\">\n                                                    <label class=\"cafi-radio-label-inline\">\n                                <span class=\"cafi-radio-span\">\n                                    <input type=\"radio\" name=\"policy_failure\" value=\"yes\"  class=\"cafi-radio-input-inline\">\n                                <\/span>\n                                <span class=\"cafi-radio-text\">Oui<\/span>\n                            <\/label>\n                                                    <label class=\"cafi-radio-label-inline\">\n                                <span class=\"cafi-radio-span\">\n                                    <input type=\"radio\" name=\"policy_failure\" value=\"no\"  class=\"cafi-radio-input-inline\">\n                                <\/span>\n                                <span class=\"cafi-radio-text\">Non<\/span>\n                            <\/label>\n                                            <\/div>\n                                            <\/label>\n                                <label>\n                D'autres efforts ont-ils \u00e9t\u00e9 faits, ou sont-ils pr\u00e9vus, pour r\u00e9soudre la plainte ? Il peut s'agir de l'acc\u00e8s aux m\u00e9canismes de r\u00e9clamation\/r\u00e9paration de l'organisation charg\u00e9e de la mise en \u0153uvre ou d'autres processus de r\u00e9solution des litiges ?                                     <div class=\"cafi-radio-group-inline\">\n                                                    <label class=\"cafi-radio-label-inline\">\n                                <span class=\"cafi-radio-span\">\n                                    <input type=\"radio\" name=\"other_efforts\" value=\"yes\"  class=\"cafi-radio-input-inline\">\n                                <\/span>\n                                <span class=\"cafi-radio-text\">Oui<\/span>\n                            <\/label>\n                                                    <label class=\"cafi-radio-label-inline\">\n                                <span class=\"cafi-radio-span\">\n                                    <input type=\"radio\" name=\"other_efforts\" value=\"no\"  class=\"cafi-radio-input-inline\">\n                                <\/span>\n                                <span class=\"cafi-radio-text\">Non<\/span>\n                            <\/label>\n                                            <\/div>\n                                            <\/label>\n                                <label>\n                Dossiers de plainte                                    <input type=\"file\" name=\"complaint_files[]\" multiple accept=\".pdf,.jpg,.jpeg,.png,.doc,.docx,.xls,.xlsx,.zip\">\n                                            <\/label>\n            <\/div>\n    <input type=\"submit\" name=\"submit_complaint\" value=\"D\u00e9poser une plainte\">\n<\/form>\n\n        [\/et_pb_code][\/et_pb_column][\/et_pb_row][\/et_pb_section]<\/p>\n","protected":false},"excerpt":{"rendered":"<p>Implementing the ambitious objectives of the second Letter of Intent -The Democratic Republic of Congo (DRC) is a forest giant. Its tropical forest, covering more than 130 million hectares, is the second largest in the world. But the DRC is also an economically vulnerable, politically unstable country and among the poorest in the world. Much&#8230;<\/p>\n","protected":false},"author":1,"featured_media":7216,"parent":0,"menu_order":0,"comment_status":"closed","ping_status":"closed","template":"","meta":{"_acf_changed":false,"_et_pb_use_builder":"on","_et_pb_old_content":"","_et_gb_content_width":"","footnotes":""},"class_list":["post-7588","page","type-page","status-publish","has-post-thumbnail","hentry"],"acf":[],"yoast_head":"<!-- This site is optimized with the Yoast SEO plugin v23.9 - https:\/\/yoast.com\/wordpress\/plugins\/seo\/ -->\n<title>Formulaire de plainte - Central African Forest Initiative (CAFI)<\/title>\n<meta name=\"robots\" content=\"index, follow, max-snippet:-1, max-image-preview:large, max-video-preview:-1\" \/>\n<link rel=\"canonical\" href=\"https:\/\/cafi.org\/complaint-form\/\" \/>\n<meta property=\"og:locale\" content=\"fr_FR\" \/>\n<meta property=\"og:type\" content=\"article\" \/>\n<meta property=\"og:title\" content=\"Formulaire de plainte - Central African Forest Initiative (CAFI)\" \/>\n<meta property=\"og:url\" content=\"https:\/\/cafi.org\/complaint-form\/\" \/>\n<meta property=\"og:site_name\" content=\"Central African Forest Initiative (CAFI)\" \/>\n<meta property=\"article:modified_time\" content=\"2025-08-11T06:44:17+00:00\" \/>\n<meta property=\"og:image\" content=\"https:\/\/cafi.org\/app\/uploads\/2025\/02\/pexels-divinetechygirl-1181396-1.png\" \/>\n\t<meta property=\"og:image:width\" content=\"1416\" \/>\n\t<meta property=\"og:image:height\" content=\"481\" \/>\n\t<meta property=\"og:image:type\" content=\"image\/png\" \/>\n<meta name=\"twitter:card\" content=\"summary_large_image\" \/>\n<meta name=\"twitter:label1\" content=\"Est. reading time\" \/>\n\t<meta name=\"twitter:data1\" content=\"1 minute\" \/>\n<script type=\"application\/ld+json\" class=\"yoast-schema-graph\">{\"@context\":\"https:\/\/schema.org\",\"@graph\":[{\"@type\":\"WebPage\",\"@id\":\"https:\/\/cafi.org\/complaint-form\/\",\"url\":\"https:\/\/cafi.org\/complaint-form\/\",\"name\":\"Formulaire de plainte - Central African Forest Initiative (CAFI)\",\"isPartOf\":{\"@id\":\"https:\/\/cafi.org\/#website\"},\"primaryImageOfPage\":{\"@id\":\"https:\/\/cafi.org\/complaint-form\/#primaryimage\"},\"image\":{\"@id\":\"https:\/\/cafi.org\/complaint-form\/#primaryimage\"},\"thumbnailUrl\":\"https:\/\/cafi.org\/app\/uploads\/2025\/02\/pexels-divinetechygirl-1181396-1.png\",\"datePublished\":\"2025-07-31T11:40:04+00:00\",\"dateModified\":\"2025-08-11T06:44:17+00:00\",\"breadcrumb\":{\"@id\":\"https:\/\/cafi.org\/complaint-form\/#breadcrumb\"},\"inLanguage\":\"fr-FR\",\"potentialAction\":[{\"@type\":\"ReadAction\",\"target\":[\"https:\/\/cafi.org\/complaint-form\/\"]}]},{\"@type\":\"ImageObject\",\"inLanguage\":\"fr-FR\",\"@id\":\"https:\/\/cafi.org\/complaint-form\/#primaryimage\",\"url\":\"https:\/\/cafi.org\/app\/uploads\/2025\/02\/pexels-divinetechygirl-1181396-1.png\",\"contentUrl\":\"https:\/\/cafi.org\/app\/uploads\/2025\/02\/pexels-divinetechygirl-1181396-1.png\",\"width\":1416,\"height\":481},{\"@type\":\"BreadcrumbList\",\"@id\":\"https:\/\/cafi.org\/complaint-form\/#breadcrumb\",\"itemListElement\":[{\"@type\":\"ListItem\",\"position\":1,\"name\":\"Home\",\"item\":\"https:\/\/cafi.org\/fr\/\"},{\"@type\":\"ListItem\",\"position\":2,\"name\":\"Formulaire de plainte\"}]},{\"@type\":\"WebSite\",\"@id\":\"https:\/\/cafi.org\/#website\",\"url\":\"https:\/\/cafi.org\/\",\"name\":\"Central African Forest Initiative (CAFI)\",\"description\":\"\",\"potentialAction\":[{\"@type\":\"SearchAction\",\"target\":{\"@type\":\"EntryPoint\",\"urlTemplate\":\"https:\/\/cafi.org\/?s={search_term_string}\"},\"query-input\":{\"@type\":\"PropertyValueSpecification\",\"valueRequired\":true,\"valueName\":\"search_term_string\"}}],\"inLanguage\":\"fr-FR\"}]}<\/script>\n<!-- \/ Yoast SEO plugin. -->","yoast_head_json":{"title":"Formulaire de plainte - Central African Forest Initiative (CAFI)","robots":{"index":"index","follow":"follow","max-snippet":"max-snippet:-1","max-image-preview":"max-image-preview:large","max-video-preview":"max-video-preview:-1"},"canonical":"https:\/\/cafi.org\/complaint-form\/","og_locale":"fr_FR","og_type":"article","og_title":"Formulaire de plainte - Central African Forest Initiative (CAFI)","og_url":"https:\/\/cafi.org\/complaint-form\/","og_site_name":"Central African Forest Initiative (CAFI)","article_modified_time":"2025-08-11T06:44:17+00:00","og_image":[{"width":1416,"height":481,"url":"https:\/\/cafi.org\/app\/uploads\/2025\/02\/pexels-divinetechygirl-1181396-1.png","type":"image\/png"}],"twitter_card":"summary_large_image","twitter_misc":{"Est. reading time":"1 minute"},"schema":{"@context":"https:\/\/schema.org","@graph":[{"@type":"WebPage","@id":"https:\/\/cafi.org\/complaint-form\/","url":"https:\/\/cafi.org\/complaint-form\/","name":"Formulaire de plainte - Central African Forest Initiative (CAFI)","isPartOf":{"@id":"https:\/\/cafi.org\/#website"},"primaryImageOfPage":{"@id":"https:\/\/cafi.org\/complaint-form\/#primaryimage"},"image":{"@id":"https:\/\/cafi.org\/complaint-form\/#primaryimage"},"thumbnailUrl":"https:\/\/cafi.org\/app\/uploads\/2025\/02\/pexels-divinetechygirl-1181396-1.png","datePublished":"2025-07-31T11:40:04+00:00","dateModified":"2025-08-11T06:44:17+00:00","breadcrumb":{"@id":"https:\/\/cafi.org\/complaint-form\/#breadcrumb"},"inLanguage":"fr-FR","potentialAction":[{"@type":"ReadAction","target":["https:\/\/cafi.org\/complaint-form\/"]}]},{"@type":"ImageObject","inLanguage":"fr-FR","@id":"https:\/\/cafi.org\/complaint-form\/#primaryimage","url":"https:\/\/cafi.org\/app\/uploads\/2025\/02\/pexels-divinetechygirl-1181396-1.png","contentUrl":"https:\/\/cafi.org\/app\/uploads\/2025\/02\/pexels-divinetechygirl-1181396-1.png","width":1416,"height":481},{"@type":"BreadcrumbList","@id":"https:\/\/cafi.org\/complaint-form\/#breadcrumb","itemListElement":[{"@type":"ListItem","position":1,"name":"Home","item":"https:\/\/cafi.org\/fr\/"},{"@type":"ListItem","position":2,"name":"Formulaire de plainte"}]},{"@type":"WebSite","@id":"https:\/\/cafi.org\/#website","url":"https:\/\/cafi.org\/","name":"Central African Forest Initiative (CAFI)","description":"","potentialAction":[{"@type":"SearchAction","target":{"@type":"EntryPoint","urlTemplate":"https:\/\/cafi.org\/?s={search_term_string}"},"query-input":{"@type":"PropertyValueSpecification","valueRequired":true,"valueName":"search_term_string"}}],"inLanguage":"fr-FR"}]}},"_links":{"self":[{"href":"https:\/\/cafi.org\/fr\/wp-json\/wp\/v2\/pages\/7588","targetHints":{"allow":["GET"]}}],"collection":[{"href":"https:\/\/cafi.org\/fr\/wp-json\/wp\/v2\/pages"}],"about":[{"href":"https:\/\/cafi.org\/fr\/wp-json\/wp\/v2\/types\/page"}],"author":[{"embeddable":true,"href":"https:\/\/cafi.org\/fr\/wp-json\/wp\/v2\/users\/1"}],"replies":[{"embeddable":true,"href":"https:\/\/cafi.org\/fr\/wp-json\/wp\/v2\/comments?post=7588"}],"version-history":[{"count":2,"href":"https:\/\/cafi.org\/fr\/wp-json\/wp\/v2\/pages\/7588\/revisions"}],"predecessor-version":[{"id":7590,"href":"https:\/\/cafi.org\/fr\/wp-json\/wp\/v2\/pages\/7588\/revisions\/7590"}],"wp:featuredmedia":[{"embeddable":true,"href":"https:\/\/cafi.org\/fr\/wp-json\/wp\/v2\/media\/7216"}],"wp:attachment":[{"href":"https:\/\/cafi.org\/fr\/wp-json\/wp\/v2\/media?parent=7588"}],"curies":[{"name":"wp","href":"https:\/\/api.w.org\/{rel}","templated":true}]}}